{"id":17191,"date":"2022-08-05T11:29:45","date_gmt":"2022-08-05T11:29:45","guid":{"rendered":"https:\/\/topholds.com\/kong-chain\/"},"modified":"2026-03-30T06:52:08","modified_gmt":"2026-03-30T06:52:08","slug":"kong-chain","status":"publish","type":"product","link":"https:\/\/topholds.com\/de\/angebot\/hindernisparcours\/trainingc\/aufhangung\/kong-chain\/","title":{"rendered":"Aufh\u00e4ngung f\u00fcr Hindernisparcours Kong Chain"},"content":{"rendered":"<p>Mit der <strong>Suspension OCR kong Chain kannst du dein Training im Klettern, OCR und Crossfit auf das n\u00e4chste Level bringen<\/strong>.<\/p>\n<p>Dieser Haken mit einer bananen\u00e4hnlichen Form ist perfekt f\u00fcr horizontale oder vertikale Progressionen an Ketten oder kleinen Ringen.<\/p>\n<p>Sein gew\u00f6lbtes Design macht ihn zu einem Element mittlerer Schwierigkeit, perfekt f\u00fcr jedes Trainingsniveau. Dar\u00fcber hinaus bietet die bereits bekannte Textur von TopHolds ausgezeichnete Griffigkeit und ein angenehmes Gef\u00fchl, was ein Abrutschen aus der Hand verhindert und es erm\u00f6glicht, \u00fcber l\u00e4ngere Zeitr\u00e4ume an der Ausdauer zu arbeiten.<\/p>\n<p>Die <em>Suspension OCR kong Chain<\/em> ist leicht und tragbar, ideal um sie \u00fcberallhin mitzunehmen und jederzeit in dein Training einzubauen. F\u00fcge die Suspension OCR kong Chain heute deiner Trainingsroutine hinzu und fordere deine Grenzen heraus.<\/p>\n<p>Bitte beachte, dass die Farben leicht von dem Foto abweichen k\u00f6nnen, aber wenn du eine bestimmte Farbe m\u00f6chtest, z\u00f6gere nicht uns zu kontaktieren.<\/p>\n","protected":false},"excerpt":{"rendered":"<ul>\n<li>Ideal f\u00fcr horizontale oder vertikale Progressionen in Ketten oder kleinen Ringen.<\/li>\n<li>Seine gebogene Form macht ihn zu einem Element mittlerer Schwierigkeit, ideal f\u00fcr jedes Niveau.<\/li>\n<li>Sehr leicht, ideal um sie zu unserem Training \u00fcberallhin mitzunehmen.<\/li>\n<\/ul>\n<p>&nbsp;<\/p>\n<p>&nbsp;<\/p>\n<p>&nbsp;<\/p>\n","protected":false},"featured_media":12047,"comment_status":"open","ping_status":"closed","template":"","meta":[],"product_brand":[],"product_cat":[496,403,492],"product_tag":[],"class_list":{"0":"post-17191","1":"product","2":"type-product","3":"status-publish","4":"has-post-thumbnail","6":"product_cat-aufhangung","7":"product_cat-hindernisparcours","8":"product_cat-trainingc","10":"first","11":"instock","12":"taxable","13":"shipping-taxable","14":"purchasable","15":"product-type-simple"},"_links":{"self":[{"href":"https:\/\/topholds.com\/de\/wp-json\/wp\/v2\/product\/17191","targetHints":{"allow":["GET"]}}],"collection":[{"href":"https:\/\/topholds.com\/de\/wp-json\/wp\/v2\/product"}],"about":[{"href":"https:\/\/topholds.com\/de\/wp-json\/wp\/v2\/types\/product"}],"replies":[{"embeddable":true,"href":"https:\/\/topholds.com\/de\/wp-json\/wp\/v2\/comments?post=17191"}],"wp:featuredmedia":[{"embeddable":true,"href":"https:\/\/topholds.com\/de\/wp-json\/wp\/v2\/media\/12047"}],"wp:attachment":[{"href":"https:\/\/topholds.com\/de\/wp-json\/wp\/v2\/media?parent=17191"}],"wp:term":[{"taxonomy":"product_brand","embeddable":true,"href":"https:\/\/topholds.com\/de\/wp-json\/wp\/v2\/product_brand?post=17191"},{"taxonomy":"product_cat","embeddable":true,"href":"https:\/\/topholds.com\/de\/wp-json\/wp\/v2\/product_cat?post=17191"},{"taxonomy":"product_tag","embeddable":true,"href":"https:\/\/topholds.com\/de\/wp-json\/wp\/v2\/product_tag?post=17191"}],"curies":[{"name":"wp","href":"https:\/\/api.w.org\/{rel}","templated":true}]}}