{"id":17196,"date":"2022-08-05T12:40:10","date_gmt":"2022-08-05T12:40:10","guid":{"rendered":"https:\/\/topholds.com\/tree\/"},"modified":"2024-08-26T04:58:19","modified_gmt":"2024-08-26T04:58:19","slug":"tree","status":"publish","type":"product","link":"https:\/\/topholds.com\/de\/angebot\/klettergriffe\/kinder\/tree\/","title":{"rendered":"Klettergriff Kinder Tree"},"content":{"rendered":"<p>\u00a1Entdecke neue Kletterherausforderungen mit dem <strong>Klettergriff Tree<\/strong>! <\/p>\n<p>Dieses <strong>Set aus 8 kinderfreundlichen Klettergriffen<\/strong> mit einer sanften Sandsteinarbeitsfl\u00e4che ist perfekt f\u00fcr Kinder jeden Alters. Das Design wurde sorgf\u00e4ltig entwickelt, um sich an die kleineren und gr\u00f6\u00dferen H\u00e4nde anzupassen und bietet w\u00e4hrend des Aufstiegs gro\u00dfartigen Halt f\u00fcr die F\u00fc\u00dfe.<\/p>\n<p>Die <em>Tree-Griffe<\/em> bieten eine sanfte Sandsteinarbeitsfl\u00e4che, was <strong>ein einzigartiges und herausforderndes Klettererlebnis<\/strong> erm\u00f6glicht. Der Tree-Griff bietet eine aufregende Gelegenheit f\u00fcr Kinder, <strong>ihre Kletterf\u00e4higkeiten und ihr Selbstvertrauen zu verbessern<\/strong>.<\/p>\n<p>Obwohl die Farben leicht von dem Foto abweichen k\u00f6nnen, kannst du uns in den Anmerkungen deiner Bestellung mitteilen, wenn du eine bestimmte Farbe w\u00fcnschst, oder kontaktiere uns, um deine Bestellung anzupassen.<\/p>\n<p>F\u00fcr die Installation der Griffe wird empfohlen, Schrauben M10x40 oder M8x40 zu verwenden.<\/p>\n","protected":false},"excerpt":{"rendered":"<ul>\n<li>Set von 8 Klettergriffen mit weicher Sandsteinoberfl\u00e4che.<\/li>\n<li>Das Design des Tree-Griffs passt sich sowohl kleinen als auch gro\u00dfen H\u00e4nden an.<\/li>\n<li>Hilft Kindern, ihre Kletterf\u00e4higkeiten zu verbessern.<\/li>\n<\/ul>\n","protected":false},"featured_media":20990,"comment_status":"open","ping_status":"closed","template":"","meta":[],"product_brand":[],"product_cat":[418,457],"product_tag":[],"class_list":{"0":"post-17196","1":"product","2":"type-product","3":"status-publish","4":"has-post-thumbnail","6":"product_cat-klettergriffe","7":"product_cat-kinder","9":"first","10":"instock","11":"taxable","12":"shipping-taxable","13":"purchasable","14":"product-type-simple"},"_links":{"self":[{"href":"https:\/\/topholds.com\/de\/wp-json\/wp\/v2\/product\/17196","targetHints":{"allow":["GET"]}}],"collection":[{"href":"https:\/\/topholds.com\/de\/wp-json\/wp\/v2\/product"}],"about":[{"href":"https:\/\/topholds.com\/de\/wp-json\/wp\/v2\/types\/product"}],"replies":[{"embeddable":true,"href":"https:\/\/topholds.com\/de\/wp-json\/wp\/v2\/comments?post=17196"}],"wp:featuredmedia":[{"embeddable":true,"href":"https:\/\/topholds.com\/de\/wp-json\/wp\/v2\/media\/20990"}],"wp:attachment":[{"href":"https:\/\/topholds.com\/de\/wp-json\/wp\/v2\/media?parent=17196"}],"wp:term":[{"taxonomy":"product_brand","embeddable":true,"href":"https:\/\/topholds.com\/de\/wp-json\/wp\/v2\/product_brand?post=17196"},{"taxonomy":"product_cat","embeddable":true,"href":"https:\/\/topholds.com\/de\/wp-json\/wp\/v2\/product_cat?post=17196"},{"taxonomy":"product_tag","embeddable":true,"href":"https:\/\/topholds.com\/de\/wp-json\/wp\/v2\/product_tag?post=17196"}],"curies":[{"name":"wp","href":"https:\/\/api.w.org\/{rel}","templated":true}]}}