{"id":17207,"date":"2022-08-05T16:00:40","date_gmt":"2022-08-05T16:00:40","guid":{"rendered":"https:\/\/topholds.com\/monkey\/"},"modified":"2024-08-26T04:59:40","modified_gmt":"2024-08-26T04:59:40","slug":"monkey","status":"publish","type":"product","link":"https:\/\/topholds.com\/de\/angebot\/klettergriffe\/kinder\/monkey\/","title":{"rendered":"Klettergriff Kinder Monkey"},"content":{"rendered":"<p>Machen Sie das Klettern unterhaltsam und aufregend f\u00fcr Ihre Kinder mit der <strong>Monkey-Klettergriff<\/strong>! Entwickelt f\u00fcr kleine H\u00e4nde, bietet dieser griffartige Kletterstein <strong>einen soliden Halt und gro\u00dfartige Unterst\u00fctzung f\u00fcr die F\u00fc\u00dfe<\/strong>.<\/p>\n<p>Der <strong>Monkey-Klettergriff f\u00fcr Kinder<\/strong> verf\u00fcgt \u00fcber ein Anti-Rotationsloch, um die Sicherheit Ihrer kleinen Kletterer zu gew\u00e4hrleisten.<\/p>\n<p>Bitte beachten Sie, dass die Farben von der abgebildeten Version abweichen k\u00f6nnen, aber wenn Sie eine spezielle Farbe w\u00fcnschen, schreiben Sie dies bitte in das Notizfeld oder kontaktieren Sie uns f\u00fcr weitere Informationen.<\/p>\n<p>F\u00fcr eine sichere und einfache Installation empfehlen wir die Verwendung von M10x40 (oder M8x40) Schrauben, die nicht im Kauf enthalten sind.<\/p>\n","protected":false},"excerpt":{"rendered":"<ul>\n<li>Witziger Griff, ideal f\u00fcr jedes Kind.<\/li>\n<li>Gro\u00dfer Halt f\u00fcr die H\u00e4nde in Form einer Kelle und eine gute Unterst\u00fctzung f\u00fcr die F\u00fc\u00dfe.<\/li>\n<li>Mit Anti-Drehloch.<\/li>\n<\/ul>\n","protected":false},"featured_media":21010,"comment_status":"open","ping_status":"closed","template":"","meta":[],"product_brand":[],"product_cat":[457],"product_tag":[],"class_list":{"0":"post-17207","1":"product","2":"type-product","3":"status-publish","4":"has-post-thumbnail","6":"product_cat-kinder","8":"first","9":"instock","10":"sale","11":"taxable","12":"shipping-taxable","13":"purchasable","14":"product-type-simple"},"_links":{"self":[{"href":"https:\/\/topholds.com\/de\/wp-json\/wp\/v2\/product\/17207","targetHints":{"allow":["GET"]}}],"collection":[{"href":"https:\/\/topholds.com\/de\/wp-json\/wp\/v2\/product"}],"about":[{"href":"https:\/\/topholds.com\/de\/wp-json\/wp\/v2\/types\/product"}],"replies":[{"embeddable":true,"href":"https:\/\/topholds.com\/de\/wp-json\/wp\/v2\/comments?post=17207"}],"wp:featuredmedia":[{"embeddable":true,"href":"https:\/\/topholds.com\/de\/wp-json\/wp\/v2\/media\/21010"}],"wp:attachment":[{"href":"https:\/\/topholds.com\/de\/wp-json\/wp\/v2\/media?parent=17207"}],"wp:term":[{"taxonomy":"product_brand","embeddable":true,"href":"https:\/\/topholds.com\/de\/wp-json\/wp\/v2\/product_brand?post=17207"},{"taxonomy":"product_cat","embeddable":true,"href":"https:\/\/topholds.com\/de\/wp-json\/wp\/v2\/product_cat?post=17207"},{"taxonomy":"product_tag","embeddable":true,"href":"https:\/\/topholds.com\/de\/wp-json\/wp\/v2\/product_tag?post=17207"}],"curies":[{"name":"wp","href":"https:\/\/api.w.org\/{rel}","templated":true}]}}