{"id":17213,"date":"2022-08-05T16:15:29","date_gmt":"2022-08-05T16:15:29","guid":{"rendered":"https:\/\/topholds.com\/pack-monkey-fruits\/"},"modified":"2024-08-26T05:00:23","modified_gmt":"2024-08-26T05:00:23","slug":"pack-monkey-fruits","status":"publish","type":"product","link":"https:\/\/topholds.com\/de\/angebot\/klettergriffe\/kinder\/pack-monkey-fruits\/","title":{"rendered":"Kinder-Klettergriff-Paket Monkey Fruits"},"content":{"rendered":"<p>\u00a1Klettern kann sowohl unterhaltsam als auch lehrreich sein! Mit dem <strong>Monkey Fruits Klettergriffset<\/strong> k\u00f6nnen Kinder wertvolle F\u00e4higkeiten erlernen, wie zum Beispiel:<\/p>\n<ul>\n<li>Die L\u00f6sung motorischer Probleme<\/li>\n<li>Schnelle Entscheidungsfindung<\/li>\n<li>Kopfrechnen<\/li>\n<li>Kreativit\u00e4t<\/li>\n<\/ul>\n<p>Und das alles, w\u00e4hrend sie das Klettern genie\u00dfen. Diese Griffe <strong>werden jede Kletterwand mit Farbe und Spa\u00df f\u00fcllen<\/strong>, was sie f\u00fcr kleine Kletterer attraktiver macht.<\/p>\n<p>Dieses Paket enth\u00e4lt vier unterhaltsame Spiele: Monkey, Fruits (mit einer zus\u00e4tzlichen Erdbeere), Tree und River. Genie\u00dfe das Klettern und das Lernen mit diesen <strong>Klettergriffspielen<\/strong>!<\/p>\n<p>Die Farben k\u00f6nnen von denen auf dem Bild abweichen, werden jedoch immer so vielf\u00e4ltig wie m\u00f6glich sein.<\/p>\n<p>F\u00fcr die Installation an einer Platte von bis zu 19 mm empfehlen wir die Verwendung von 28 M10x40 Innensechskantschrauben und 28 M10 Fl\u00fcgelmuttern (es k\u00f6nnen auch M8 Schrauben und Muttern verwendet werden). Wenn du sie an einer anderen Oberfl\u00e4che wie Ziegel, Beton oder Stein installieren m\u00f6chtest, z\u00f6gere nicht, uns zu kontaktieren.<\/p>\n","protected":false},"excerpt":{"rendered":"<ul>\n<li>Das Pack Monkey Fruits besteht aus 28 lustigen Griffen, ideal f\u00fcr Kinder und Anf\u00e4nger.<\/li>\n<li>Mit einer Textur, die f\u00fcr Kinder leicht zu greifen ist.<\/li>\n<li>F\u00f6rdert das Lernen durch Spa\u00df und Klettern.<\/li>\n<li>Erm\u00f6glicht es den Kleinen, eine Vielzahl von Spielen zu entwickeln.<\/li>\n<\/ul>\n","protected":false},"featured_media":21015,"comment_status":"open","ping_status":"closed","template":"","meta":[],"product_brand":[],"product_cat":[457],"product_tag":[],"class_list":{"0":"post-17213","1":"product","2":"type-product","3":"status-publish","4":"has-post-thumbnail","6":"product_cat-kinder","8":"first","9":"instock","10":"sale","11":"taxable","12":"shipping-taxable","13":"purchasable","14":"product-type-simple"},"_links":{"self":[{"href":"https:\/\/topholds.com\/de\/wp-json\/wp\/v2\/product\/17213","targetHints":{"allow":["GET"]}}],"collection":[{"href":"https:\/\/topholds.com\/de\/wp-json\/wp\/v2\/product"}],"about":[{"href":"https:\/\/topholds.com\/de\/wp-json\/wp\/v2\/types\/product"}],"replies":[{"embeddable":true,"href":"https:\/\/topholds.com\/de\/wp-json\/wp\/v2\/comments?post=17213"}],"wp:featuredmedia":[{"embeddable":true,"href":"https:\/\/topholds.com\/de\/wp-json\/wp\/v2\/media\/21015"}],"wp:attachment":[{"href":"https:\/\/topholds.com\/de\/wp-json\/wp\/v2\/media?parent=17213"}],"wp:term":[{"taxonomy":"product_brand","embeddable":true,"href":"https:\/\/topholds.com\/de\/wp-json\/wp\/v2\/product_brand?post=17213"},{"taxonomy":"product_cat","embeddable":true,"href":"https:\/\/topholds.com\/de\/wp-json\/wp\/v2\/product_cat?post=17213"},{"taxonomy":"product_tag","embeddable":true,"href":"https:\/\/topholds.com\/de\/wp-json\/wp\/v2\/product_tag?post=17213"}],"curies":[{"name":"wp","href":"https:\/\/api.w.org\/{rel}","templated":true}]}}