{"id":17225,"date":"2022-08-08T09:44:14","date_gmt":"2022-08-08T09:44:14","guid":{"rendered":"https:\/\/topholds.com\/monkey-grips\/"},"modified":"2026-01-01T14:41:38","modified_gmt":"2026-01-01T14:41:38","slug":"monkey-grips","status":"publish","type":"product","link":"https:\/\/topholds.com\/de\/angebot\/hindernisparcours\/trainingc\/aufhangung\/monkey-grips\/","title":{"rendered":"Aufh\u00e4ngung f\u00fcr Hindernisparcours Monkey Grips"},"content":{"rendered":"<p>Die <strong>Aufh\u00e4ngung von OCR Monkey Grips ist ein lustiges<\/strong> und einfaches Werkzeug, das speziell f\u00fcr Kinder entwickelt wurde, aber auch f\u00fcr Erwachsene geeignet ist. Ihre sanfte Textur und der haftende Griff machen sie perfekt zum Spielen und Trainieren.<\/p>\n<p>Sie sind sehr leicht und einfach zu transportieren, was sie zu <strong>einem idealen Zubeh\u00f6r macht, um<\/strong> in den Park oder an jeden anderen Ort im Freien mitzunehmen.<\/p>\n<p>Mit unserem Befestigungssystem <strong>kannst du sie in nur 3 Sekunden an Spielplatzstrukturen<\/strong>, \u00c4sten, Seilen und anderen Orten aufh\u00e4ngen. Der Spa\u00df ist \u00fcberall garantiert!<\/p>\n<p>Au\u00dferdem, wenn du eine spezielle Farbe w\u00fcnschst, z\u00f6gere nicht, uns zu kontaktieren, da die Farben von der dargestellten Abbildung abweichen k\u00f6nnen. Viel Spa\u00df beim Spielen und Trainieren im Freien!<\/p>\n","protected":false},"excerpt":{"rendered":"<ul>\n<li>Ideal f\u00fcr Kinder und Erwachsene gleicherma\u00dfen.<\/li>\n<li>Sie sind sehr leicht und tragbar, was sie perfekt macht, um sie \u00fcberallhin mitzunehmen.<\/li>\n<li>Einfache Halterungsmethode, du kannst sie in nur 3 Sekunden \u00fcberall aufh\u00e4ngen.<\/li>\n<\/ul>\n","protected":false},"featured_media":21042,"comment_status":"open","ping_status":"closed","template":"","meta":[],"product_brand":[],"product_cat":[496,403,492],"product_tag":[],"class_list":{"0":"post-17225","1":"product","2":"type-product","3":"status-publish","4":"has-post-thumbnail","6":"product_cat-aufhangung","7":"product_cat-hindernisparcours","8":"product_cat-trainingc","10":"first","11":"instock","12":"taxable","13":"shipping-taxable","14":"purchasable","15":"product-type-simple"},"_links":{"self":[{"href":"https:\/\/topholds.com\/de\/wp-json\/wp\/v2\/product\/17225","targetHints":{"allow":["GET"]}}],"collection":[{"href":"https:\/\/topholds.com\/de\/wp-json\/wp\/v2\/product"}],"about":[{"href":"https:\/\/topholds.com\/de\/wp-json\/wp\/v2\/types\/product"}],"replies":[{"embeddable":true,"href":"https:\/\/topholds.com\/de\/wp-json\/wp\/v2\/comments?post=17225"}],"wp:featuredmedia":[{"embeddable":true,"href":"https:\/\/topholds.com\/de\/wp-json\/wp\/v2\/media\/21042"}],"wp:attachment":[{"href":"https:\/\/topholds.com\/de\/wp-json\/wp\/v2\/media?parent=17225"}],"wp:term":[{"taxonomy":"product_brand","embeddable":true,"href":"https:\/\/topholds.com\/de\/wp-json\/wp\/v2\/product_brand?post=17225"},{"taxonomy":"product_cat","embeddable":true,"href":"https:\/\/topholds.com\/de\/wp-json\/wp\/v2\/product_cat?post=17225"},{"taxonomy":"product_tag","embeddable":true,"href":"https:\/\/topholds.com\/de\/wp-json\/wp\/v2\/product_tag?post=17225"}],"curies":[{"name":"wp","href":"https:\/\/api.w.org\/{rel}","templated":true}]}}