{"id":17231,"date":"2022-10-07T16:58:50","date_gmt":"2022-10-07T16:58:50","guid":{"rendered":"https:\/\/topholds.com\/lion-holds\/"},"modified":"2024-08-26T05:02:08","modified_gmt":"2024-08-26T05:02:08","slug":"lion-holds","status":"publish","type":"product","link":"https:\/\/topholds.com\/de\/angebot\/hindernisparcours\/trainingc\/griffe\/lion-holds\/","title":{"rendered":"Griff f\u00fcr Hindernisparcours Lion Holds"},"content":{"rendered":"<p><strong>Lion Holds ist ein Haltegriff f\u00fcr OCR<\/strong> mit einer weichen Textur, die Sandstein imitiert. Dieser Griff verf\u00fcgt \u00fcber eine gro\u00dfe Mulde, die ihn sehr angenehm f\u00fcr die Nutzung mit einer oder zwei H\u00e4nden macht.<\/p>\n<p>Ideal f\u00fcr jede \u00dcberh\u00e4ngung oder Decke, ist dieser Griff perfekt f\u00fcr diejenigen, die eine <strong>extra Herausforderung in ihrem OCR- und\/oder Klettertraining<\/strong> suchen.<\/p>\n<p>Der Griff wird mit 2 Schrauben f\u00fcr eine h\u00f6here Stabilit\u00e4t und Sicherheit w\u00e4hrend der Nutzung befestigt.<\/p>\n<p>Mit Lion Holds bekommst du einen <em><strong>hochwertigen Klettergriff<\/strong><\/em> und ein Design, das Vielfalt und Herausforderung in dein t\u00e4gliches Training bringt.<\/p>\n<p>Au\u00dferdem, wenn du eine spezielle Farbe w\u00fcnschst, z\u00f6gere nicht, uns zu kontaktieren, da die Farben von dem abgebildeten Bild abweichen k\u00f6nnen.<\/p>\n","protected":false},"excerpt":{"rendered":"<ul>\n<li>Ideal f\u00fcr \u00dcberh\u00e4nge und Decken.<\/li>\n<li>Bequem mit einer oder zwei H\u00e4nden zu bedienen.<\/li>\n<li>Geeignet f\u00fcr jedes F\u00e4higkeitsniveau.<\/li>\n<\/ul>\n","protected":false},"featured_media":21060,"comment_status":"open","ping_status":"closed","template":"","meta":[],"product_brand":[],"product_cat":[497,403,492,418],"product_tag":[],"class_list":{"0":"post-17231","1":"product","2":"type-product","3":"status-publish","4":"has-post-thumbnail","6":"product_cat-griffe","7":"product_cat-hindernisparcours","8":"product_cat-trainingc","9":"product_cat-klettergriffe","11":"first","12":"instock","13":"taxable","14":"shipping-taxable","15":"purchasable","16":"product-type-simple"},"_links":{"self":[{"href":"https:\/\/topholds.com\/de\/wp-json\/wp\/v2\/product\/17231","targetHints":{"allow":["GET"]}}],"collection":[{"href":"https:\/\/topholds.com\/de\/wp-json\/wp\/v2\/product"}],"about":[{"href":"https:\/\/topholds.com\/de\/wp-json\/wp\/v2\/types\/product"}],"replies":[{"embeddable":true,"href":"https:\/\/topholds.com\/de\/wp-json\/wp\/v2\/comments?post=17231"}],"wp:featuredmedia":[{"embeddable":true,"href":"https:\/\/topholds.com\/de\/wp-json\/wp\/v2\/media\/21060"}],"wp:attachment":[{"href":"https:\/\/topholds.com\/de\/wp-json\/wp\/v2\/media?parent=17231"}],"wp:term":[{"taxonomy":"product_brand","embeddable":true,"href":"https:\/\/topholds.com\/de\/wp-json\/wp\/v2\/product_brand?post=17231"},{"taxonomy":"product_cat","embeddable":true,"href":"https:\/\/topholds.com\/de\/wp-json\/wp\/v2\/product_cat?post=17231"},{"taxonomy":"product_tag","embeddable":true,"href":"https:\/\/topholds.com\/de\/wp-json\/wp\/v2\/product_tag?post=17231"}],"curies":[{"name":"wp","href":"https:\/\/api.w.org\/{rel}","templated":true}]}}