{"id":17237,"date":"2022-10-07T17:14:26","date_gmt":"2022-10-07T17:14:26","guid":{"rendered":"https:\/\/topholds.com\/lion-grips\/"},"modified":"2025-07-31T08:26:25","modified_gmt":"2025-07-31T08:26:25","slug":"lion-grips","status":"publish","type":"product","link":"https:\/\/topholds.com\/de\/angebot\/hindernisparcours\/trainingc\/aufhangung\/lion-grips\/","title":{"rendered":"Aufh\u00e4ngung f\u00fcr Hindernisparcours Lion Griffe"},"content":{"rendered":"<p>Die <strong>OCR Lion Grips Suspensionstrainer<\/strong> sind das perfekte Zubeh\u00f6r f\u00fcr alle, die ihr Training auf die n\u00e4chste Stufe heben m\u00f6chten. Entwickelt f\u00fcr Suspensionstraining und Klimmz\u00fcge, ist dieses Produkt <strong>ideal f\u00fcr Sportarten wie OCR, Klettern, Calisthenics und Crossfit<\/strong>.<\/p>\n<p>Die Suspension verf\u00fcgt \u00fcber eine <strong>weiche, aber griffige Textur, die einen optimalen Halt bietet<\/strong>, sei es mit einer oder zwei H\u00e4nden von oben oder seitlich im Griff. Ihr geringes Gewicht erm\u00f6glicht es, sie \u00fcberallhin mitzunehmen, w\u00e4hrend das einfache Aufh\u00e4ngesystem mit einem Schlaufenknoten sie sehr praktisch und <strong>anpassungsf\u00e4hig an jede Trainingsumgebung<\/strong> macht.<\/p>\n<p>Mit den Lion Grips Suspensionstrainern gibt es keine Ausreden, kein bisschen Herausforderung und Anstrengung in dein t\u00e4gliches Training einzubauen.<\/p>\n<p>Bitte beachten Sie, dass die Farben von dem gezeigten Bild abweichen k\u00f6nnen. Wenn Sie eine spezielle Farbe w\u00fcnschen, z\u00f6gern Sie nicht, uns zu kontaktieren.<\/p>\n","protected":false},"excerpt":{"rendered":"<ul>\n<li>Bietet einen optimalen Griff mit seiner weichen, aber haftenden Textur.<\/li>\n<li>Ist praktisch und anpassungsf\u00e4hig an jede Trainingsumgebung.<\/li>\n<li>Ideal f\u00fcr OCR, Klettern, Calisthenics und Crossfit.<\/li>\n<\/ul>\n","protected":false},"featured_media":21066,"comment_status":"open","ping_status":"closed","template":"","meta":[],"product_brand":[],"product_cat":[496,403,492],"product_tag":[],"class_list":{"0":"post-17237","1":"product","2":"type-product","3":"status-publish","4":"has-post-thumbnail","6":"product_cat-aufhangung","7":"product_cat-hindernisparcours","8":"product_cat-trainingc","10":"first","11":"instock","12":"taxable","13":"shipping-taxable","14":"purchasable","15":"product-type-simple"},"_links":{"self":[{"href":"https:\/\/topholds.com\/de\/wp-json\/wp\/v2\/product\/17237","targetHints":{"allow":["GET"]}}],"collection":[{"href":"https:\/\/topholds.com\/de\/wp-json\/wp\/v2\/product"}],"about":[{"href":"https:\/\/topholds.com\/de\/wp-json\/wp\/v2\/types\/product"}],"replies":[{"embeddable":true,"href":"https:\/\/topholds.com\/de\/wp-json\/wp\/v2\/comments?post=17237"}],"wp:featuredmedia":[{"embeddable":true,"href":"https:\/\/topholds.com\/de\/wp-json\/wp\/v2\/media\/21066"}],"wp:attachment":[{"href":"https:\/\/topholds.com\/de\/wp-json\/wp\/v2\/media?parent=17237"}],"wp:term":[{"taxonomy":"product_brand","embeddable":true,"href":"https:\/\/topholds.com\/de\/wp-json\/wp\/v2\/product_brand?post=17237"},{"taxonomy":"product_cat","embeddable":true,"href":"https:\/\/topholds.com\/de\/wp-json\/wp\/v2\/product_cat?post=17237"},{"taxonomy":"product_tag","embeddable":true,"href":"https:\/\/topholds.com\/de\/wp-json\/wp\/v2\/product_tag?post=17237"}],"curies":[{"name":"wp","href":"https:\/\/api.w.org\/{rel}","templated":true}]}}