{"id":17242,"date":"2022-10-29T17:28:16","date_gmt":"2022-10-29T17:28:16","guid":{"rendered":"https:\/\/topholds.com\/kettlebell-grips\/"},"modified":"2025-07-31T08:26:23","modified_gmt":"2025-07-31T08:26:23","slug":"kettlebell-grips","status":"publish","type":"product","link":"https:\/\/topholds.com\/de\/angebot\/hindernisparcours\/trainingc\/aufhangung\/kettlebell-grips\/","title":{"rendered":"Aufh\u00e4ngung f\u00fcr Hindernisparcours Kettlebell Griffe"},"content":{"rendered":"<div class=\"flex-1 overflow-hidden\">\n<div class=\"react-scroll-to-bottom--css-faerg-79elbk h-full dark:bg-gray-800\">\n<div class=\"react-scroll-to-bottom--css-faerg-1n7m0yu\">\n<div class=\"flex flex-col items-center text-sm dark:bg-gray-800\">\n<div class=\"w-full border-b border-black\/10 dark:border-gray-900\/50 text-gray-800 dark:text-gray-100 group bg-gray-50 dark:bg-[#444654]\">\n<div class=\"text-base gap-4 md:gap-6 m-auto md:max-w-2xl lg:max-w-2xl xl:max-w-3xl p-4 md:py-6 flex lg:px-0\">\n<div class=\"relative flex w-[calc(100%-50px)] flex-col gap-1 md:gap-3 lg:w-[calc(100%-115px)]\">\n<div class=\"flex flex-grow flex-col gap-3\">\n<div class=\"min-h-[20px] flex flex-col items-start gap-4 whitespace-pre-wrap\">\n<div class=\"markdown prose w-full break-words dark:prose-invert light\">\n<p>Die <strong>OCR Kettlebell Grips<\/strong> sind innovative Griffe f\u00fcr das Aufh\u00e4ngen und Ziehen, die dir einen radikalen Dreh in deinem Training erm\u00f6glichen. Mit ihrem Design in Form eines Sch\u00f6pfers an der Oberseite oder in Zangenform an den Seiten bieten sie dir verschiedene Griffoptionen, um unterschiedliche Muskelgruppen zu trainieren.<\/p>\n<p>Ihre glatte, aber griffige Oberfl\u00e4che garantiert dir einen sicheren und bequemen Halt, wodurch sie <strong>ein brutales Werkzeug f\u00fcr OCR-Training, Klettern, Calisthenics und Crossfit<\/strong> sind. Dar\u00fcber hinaus macht ihr leichtes Design sie ideal f\u00fcr den Transport, sodass du sie in nur 3 Sekunden mit einem Schmetterlingsknoten an jedem Ast oder jeder Klimmzugstange aufh\u00e4ngen kannst.<\/p>\n<p>Mit Kettlebell Grips gibt es keine Ausreden mehr, um deinem t\u00e4glichen Training etwas Tortur hinzuzuf\u00fcgen und deine Grenzen zu \u00fcberschreiten.<\/p>\n<p>Erh\u00e4ltlich in verschiedenen Farben, frag uns, wenn du eine spezielle m\u00f6chtest!<\/p>\n<\/div>\n<\/div>\n<\/div>\n<\/div>\n<\/div>\n<\/div>\n<\/div>\n<\/div>\n<\/div>\n","protected":false},"excerpt":{"rendered":"<ul>\n<li>Vielseitigkeit im Training mit mehreren Griffoptionen<\/li>\n<li>Sicheren und bequemen Halt f\u00fcr intensives Training<\/li>\n<li>Leichtes und tragbares Design f\u00fcr den Einsatz \u00fcberall<\/li>\n<li>Einfache Installation auf jeder geeigneten Oberfl\u00e4che.<\/li>\n<\/ul>\n","protected":false},"featured_media":21072,"comment_status":"open","ping_status":"closed","template":"","meta":[],"product_brand":[],"product_cat":[496,403,492],"product_tag":[],"class_list":{"0":"post-17242","1":"product","2":"type-product","3":"status-publish","4":"has-post-thumbnail","6":"product_cat-aufhangung","7":"product_cat-hindernisparcours","8":"product_cat-trainingc","10":"first","11":"instock","12":"taxable","13":"shipping-taxable","14":"purchasable","15":"product-type-simple"},"_links":{"self":[{"href":"https:\/\/topholds.com\/de\/wp-json\/wp\/v2\/product\/17242","targetHints":{"allow":["GET"]}}],"collection":[{"href":"https:\/\/topholds.com\/de\/wp-json\/wp\/v2\/product"}],"about":[{"href":"https:\/\/topholds.com\/de\/wp-json\/wp\/v2\/types\/product"}],"replies":[{"embeddable":true,"href":"https:\/\/topholds.com\/de\/wp-json\/wp\/v2\/comments?post=17242"}],"wp:featuredmedia":[{"embeddable":true,"href":"https:\/\/topholds.com\/de\/wp-json\/wp\/v2\/media\/21072"}],"wp:attachment":[{"href":"https:\/\/topholds.com\/de\/wp-json\/wp\/v2\/media?parent=17242"}],"wp:term":[{"taxonomy":"product_brand","embeddable":true,"href":"https:\/\/topholds.com\/de\/wp-json\/wp\/v2\/product_brand?post=17242"},{"taxonomy":"product_cat","embeddable":true,"href":"https:\/\/topholds.com\/de\/wp-json\/wp\/v2\/product_cat?post=17242"},{"taxonomy":"product_tag","embeddable":true,"href":"https:\/\/topholds.com\/de\/wp-json\/wp\/v2\/product_tag?post=17242"}],"curies":[{"name":"wp","href":"https:\/\/api.w.org\/{rel}","templated":true}]}}