{"id":17248,"date":"2022-11-13T09:12:13","date_gmt":"2022-11-13T09:12:13","guid":{"rendered":"https:\/\/topholds.com\/delta-raks\/"},"modified":"2024-08-26T05:03:58","modified_gmt":"2024-08-26T05:03:58","slug":"delta-raks","status":"publish","type":"product","link":"https:\/\/topholds.com\/de\/angebot\/hindernisparcours\/trainingc\/aufhangung\/delta-raks\/","title":{"rendered":"Aufh\u00e4ngung f\u00fcr Hindernisparcours Delta Raks"},"content":{"rendered":"<p>Mit den <strong>OCR Delta Raks Suspensionstrainern<\/strong> kannst du dein Training auf die n\u00e4chste Stufe heben! Sie sind entworfen, um horizontale oder vertikale Progressionen an Ringen oder Stangen durchzuf\u00fchren, wie in Parks, Monkey Fly, Stairway to Heaven, Volants und jede \u00dcbung, die du dir vorstellen kannst.<\/p>\n<p>Diese Suspensionstrainern sind unverw\u00fcstlich dank ihrer Stahlhaken und hochmodernen Polyurethan-Griffe, die <strong>f\u00fcr Indoor- oder Outdoor-Training unter allen Bedingungen geeignet sind<\/strong>.<\/p>\n<p>Der Griff ist einfach und anf\u00e4ngertauglich, mit einer Auffangposition und ergonomischem Griff, die <strong>\u00dcberlastungen im Unterarm beim Trainieren der Ausdauer f\u00fcr l\u00e4ngere Zeit vermeiden<\/strong>. Ideal f\u00fcr Klettertraining, OCR und CrossFit!<\/p>\n<p>Diese Suspensionstrainern sind sehr leicht und tragbar, sodass du sie zu jedem Training mitnehmen kannst. Es gibt keine Ausreden mehr, um nicht ein wenig zu leiden!<\/p>\n<p>Jedes Paket enth\u00e4lt zwei Einheiten (eine f\u00fcr jede Hand), und wenn du eine spezielle Farbe w\u00fcnschst, kontaktiere uns bitte.<\/p>\n<p>Mit Delta Raks \u00fcbernimm die Kontrolle \u00fcber dein Training und erreiche deine Ziele!<\/p>\n<p><iframe title=\"YouTube video player\" src=\"https:\/\/www.youtube.com\/embed\/oGDKpCePecA\" width=\"560\" height=\"315\" frameborder=\"0\" allowfullscreen=\"allowfullscreen\"><\/iframe><\/p>\n","protected":false},"excerpt":{"rendered":"<ul>\n<li>Erm\u00f6glicht horizontale und vertikale Progressionen in einer Vielzahl von Strukturen und \u00dcbungen.<\/li>\n<li>Sie sind unzerst\u00f6rbar und k\u00f6nnen unter allen Bedingungen verwendet werden.<\/li>\n<li>Der leicht zu greifende und ergonomische Griff vermeidet \u00dcberlastungen im Unterarm.<\/li>\n<\/ul>\n","protected":false},"featured_media":12360,"comment_status":"open","ping_status":"closed","template":"","meta":[],"product_brand":[],"product_cat":[496,403,492],"product_tag":[],"class_list":{"0":"post-17248","1":"product","2":"type-product","3":"status-publish","4":"has-post-thumbnail","6":"product_cat-aufhangung","7":"product_cat-hindernisparcours","8":"product_cat-trainingc","10":"first","11":"instock","12":"sale","13":"featured","14":"taxable","15":"shipping-taxable","16":"purchasable","17":"product-type-simple"},"_links":{"self":[{"href":"https:\/\/topholds.com\/de\/wp-json\/wp\/v2\/product\/17248","targetHints":{"allow":["GET"]}}],"collection":[{"href":"https:\/\/topholds.com\/de\/wp-json\/wp\/v2\/product"}],"about":[{"href":"https:\/\/topholds.com\/de\/wp-json\/wp\/v2\/types\/product"}],"replies":[{"embeddable":true,"href":"https:\/\/topholds.com\/de\/wp-json\/wp\/v2\/comments?post=17248"}],"wp:featuredmedia":[{"embeddable":true,"href":"https:\/\/topholds.com\/de\/wp-json\/wp\/v2\/media\/12360"}],"wp:attachment":[{"href":"https:\/\/topholds.com\/de\/wp-json\/wp\/v2\/media?parent=17248"}],"wp:term":[{"taxonomy":"product_brand","embeddable":true,"href":"https:\/\/topholds.com\/de\/wp-json\/wp\/v2\/product_brand?post=17248"},{"taxonomy":"product_cat","embeddable":true,"href":"https:\/\/topholds.com\/de\/wp-json\/wp\/v2\/product_cat?post=17248"},{"taxonomy":"product_tag","embeddable":true,"href":"https:\/\/topholds.com\/de\/wp-json\/wp\/v2\/product_tag?post=17248"}],"curies":[{"name":"wp","href":"https:\/\/api.w.org\/{rel}","templated":true}]}}