{"id":17254,"date":"2022-12-24T17:43:21","date_gmt":"2022-12-24T17:43:21","guid":{"rendered":"https:\/\/topholds.com\/yaguer-chain-evolution\/"},"modified":"2024-08-26T05:04:38","modified_gmt":"2024-08-26T05:04:38","slug":"yaguer-chain-evolution","status":"publish","type":"product","link":"https:\/\/topholds.com\/de\/angebot\/hindernisparcours\/trainingc\/aufhangung\/yaguer-chain-evolution\/","title":{"rendered":"Aufh\u00e4ngung f\u00fcr Hindernisparcours Yaguer Chain Evolution"},"content":{"rendered":"<p><strong>Die Suspension OCR Yaguer Chain Evolution<\/strong> ist der perfekte Griff f\u00fcr horizontale oder vertikale Progressionen an Ketten oder kleinen Ringen. Ihr Haken und die ovale Form machen sie <strong>ideal f\u00fcr jedes Trainingsniveau im OCR<\/strong>.<\/p>\n<p>Die neue Evolution-Serie <strong>stellt einen Qualit\u00e4tssprung in der Welt des OCR dar<\/strong>. Hergestellt aus stets hochwertigen Komponenten, verbessern die Produkte von TopHolds in dieser neuen Familie nicht nur in der \u00c4sthetik, sondern auch im Befestigungshaken. Jetzt aus hochfestem geh\u00e4rtetem Stahl gefertigt, ist ihr Haken viel offener und verl\u00e4ngert als die alte Chain-Serie, was uns erm\u00f6glicht, die Hindernisse viel effizienter zu bew\u00e4ltigen.<\/p>\n<p>Die Form des Yaguer Chain Evolution <strong>passt sich perfekt der nat\u00fcrlichen Handposition an<\/strong>, was sie zu einem komfortablen und einfach zu verwendenden Element macht. Dar\u00fcber hinaus garantiert ihre hohe Widerstandsf\u00e4higkeit, dass du sie lange Zeit nutzen kannst, ohne dir Gedanken \u00fcber ihre Haltbarkeit machen zu m\u00fcssen. F\u00fcge den Yaguer Chain Evolution zu deinem Training hinzu und bringe deine F\u00e4higkeiten auf die n\u00e4chste Stufe!<\/p>\n<p>Die Textur von TopHolds, die allen bekannt ist, ist sehr griffig und sanft zur Haut, sodass ein Abrutschen der Hand verhindert wird, um die Ausdauer w\u00e4hrend l\u00e4ngerer Trainingseinheiten zu verbessern.<\/p>\n<p>Sehr leicht, ideal zum Mitnehmen zu unseren Trainings \u00fcberall hin.<\/p>\n<p>Es gibt keine Ausreden mehr f\u00fcr ein wenig Leidensf\u00e4higkeit am Tag.<\/p>\n<p>Die Farben k\u00f6nnten von denen auf dem Foto abweichen (frag uns, wenn du eine spezielle Farbe w\u00fcnschst).<\/p>\n<p><iframe title=\"YouTube video player\" src=\"https:\/\/www.youtube.com\/embed\/n2_DwBUEgdU\" width=\"560\" height=\"315\" frameborder=\"0\" allowfullscreen=\"allowfullscreen\"><\/iframe><\/p>\n","protected":false},"excerpt":{"rendered":"<ul>\n<li>Perfekter Griff f\u00fcr horizontale oder vertikale Progressionen<\/li>\n<li>Passt perfekt zur nat\u00fcrlichen Handposition<\/li>\n<li>Hohe Widerstandsf\u00e4higkeit und Langlebigkeit<\/li>\n<li>Leicht und tragbar f\u00fcr den Transport an jeden Ort<\/li>\n<\/ul>\n","protected":false},"featured_media":12506,"comment_status":"open","ping_status":"closed","template":"","meta":[],"product_brand":[],"product_cat":[496,403,492],"product_tag":[],"class_list":{"0":"post-17254","1":"product","2":"type-product","3":"status-publish","4":"has-post-thumbnail","6":"product_cat-aufhangung","7":"product_cat-hindernisparcours","8":"product_cat-trainingc","10":"first","11":"instock","12":"sale","13":"taxable","14":"shipping-taxable","15":"purchasable","16":"product-type-simple"},"_links":{"self":[{"href":"https:\/\/topholds.com\/de\/wp-json\/wp\/v2\/product\/17254","targetHints":{"allow":["GET"]}}],"collection":[{"href":"https:\/\/topholds.com\/de\/wp-json\/wp\/v2\/product"}],"about":[{"href":"https:\/\/topholds.com\/de\/wp-json\/wp\/v2\/types\/product"}],"replies":[{"embeddable":true,"href":"https:\/\/topholds.com\/de\/wp-json\/wp\/v2\/comments?post=17254"}],"wp:featuredmedia":[{"embeddable":true,"href":"https:\/\/topholds.com\/de\/wp-json\/wp\/v2\/media\/12506"}],"wp:attachment":[{"href":"https:\/\/topholds.com\/de\/wp-json\/wp\/v2\/media?parent=17254"}],"wp:term":[{"taxonomy":"product_brand","embeddable":true,"href":"https:\/\/topholds.com\/de\/wp-json\/wp\/v2\/product_brand?post=17254"},{"taxonomy":"product_cat","embeddable":true,"href":"https:\/\/topholds.com\/de\/wp-json\/wp\/v2\/product_cat?post=17254"},{"taxonomy":"product_tag","embeddable":true,"href":"https:\/\/topholds.com\/de\/wp-json\/wp\/v2\/product_tag?post=17254"}],"curies":[{"name":"wp","href":"https:\/\/api.w.org\/{rel}","templated":true}]}}