{"id":17260,"date":"2022-12-24T19:05:11","date_gmt":"2022-12-24T19:05:11","guid":{"rendered":"https:\/\/topholds.com\/yaguer\/"},"modified":"2025-07-31T08:26:23","modified_gmt":"2025-07-31T08:26:23","slug":"yaguer","status":"publish","type":"product","link":"https:\/\/topholds.com\/de\/angebot\/hindernisparcours\/trainingc\/aufhangung\/yaguer\/","title":{"rendered":"Aufh\u00e4ngung f\u00fcr Hindernisparcours Yaguer"},"content":{"rendered":"<p>Die <strong>Suspensionstrainer mit OCR Yaguer Grips<\/strong> sind ein weiteres gro\u00dfartiges Werkzeug f\u00fcr unser <strong>Training im Klettern, OCR und Crossfit<\/strong>.<\/p>\n<p>Sehr leicht, ideal um sie zu unseren Trainings \u00fcberallhin mitzunehmen.<\/p>\n<ul>\n<li style=\"text-align: left;\">In 3 Sekunden h\u00e4ngen wir sie mit einem Schlingen-Knoten an jeden Ast, Klimmzugstange usw.<\/li>\n<li>Mit einem Karabiner befestigen wir sie f\u00fcr Decken- oder \u00dcberh\u00e4ngeinheiten.<\/li>\n<\/ul>\n<p>Es gibt keine Ausreden mehr f\u00fcr ein bisschen Leiden pro Tag.<\/p>\n<p>Die Farben k\u00f6nnen von denen auf dem Foto abweichen (fragen Sie uns, wenn Sie eine spezielle Farbe w\u00fcnschen).<\/p>\n","protected":false},"excerpt":{"rendered":"<ul>\n<li>Ideal f\u00fcr Klettertraining, OCR und Crossfit.<\/li>\n<li>Leicht und einfach zu transportieren<\/li>\n<li>Sehr einfach an jeder Oberfl\u00e4che aufzuh\u00e4ngen<\/li>\n<li>Doppelte 6mm-Schnur enthalten.<\/li>\n<\/ul>\n","protected":false},"featured_media":12507,"comment_status":"open","ping_status":"closed","template":"","meta":[],"product_brand":[],"product_cat":[496,403,492],"product_tag":[],"class_list":{"0":"post-17260","1":"product","2":"type-product","3":"status-publish","4":"has-post-thumbnail","6":"product_cat-aufhangung","7":"product_cat-hindernisparcours","8":"product_cat-trainingc","10":"first","11":"instock","12":"taxable","13":"shipping-taxable","14":"purchasable","15":"product-type-simple"},"_links":{"self":[{"href":"https:\/\/topholds.com\/de\/wp-json\/wp\/v2\/product\/17260","targetHints":{"allow":["GET"]}}],"collection":[{"href":"https:\/\/topholds.com\/de\/wp-json\/wp\/v2\/product"}],"about":[{"href":"https:\/\/topholds.com\/de\/wp-json\/wp\/v2\/types\/product"}],"replies":[{"embeddable":true,"href":"https:\/\/topholds.com\/de\/wp-json\/wp\/v2\/comments?post=17260"}],"wp:featuredmedia":[{"embeddable":true,"href":"https:\/\/topholds.com\/de\/wp-json\/wp\/v2\/media\/12507"}],"wp:attachment":[{"href":"https:\/\/topholds.com\/de\/wp-json\/wp\/v2\/media?parent=17260"}],"wp:term":[{"taxonomy":"product_brand","embeddable":true,"href":"https:\/\/topholds.com\/de\/wp-json\/wp\/v2\/product_brand?post=17260"},{"taxonomy":"product_cat","embeddable":true,"href":"https:\/\/topholds.com\/de\/wp-json\/wp\/v2\/product_cat?post=17260"},{"taxonomy":"product_tag","embeddable":true,"href":"https:\/\/topholds.com\/de\/wp-json\/wp\/v2\/product_tag?post=17260"}],"curies":[{"name":"wp","href":"https:\/\/api.w.org\/{rel}","templated":true}]}}