{"id":17266,"date":"2022-12-30T17:21:05","date_gmt":"2022-12-30T17:21:05","guid":{"rendered":"https:\/\/topholds.com\/disco-top\/"},"modified":"2024-08-26T05:05:46","modified_gmt":"2024-08-26T05:05:46","slug":"disco-top","status":"publish","type":"product","link":"https:\/\/topholds.com\/de\/angebot\/hindernisparcours\/trainingc\/aufhangung\/disco-top\/","title":{"rendered":"Aufh\u00e4ngung f\u00fcr Hindernisparcours Disco Top"},"content":{"rendered":"<p>Die <strong>OCR Disco Top-Griffe<\/strong> sind ein wesentliches Element f\u00fcr Rennen und Sportzentren, die die Griffigkeit der Teilnehmer bei ihren Wettk\u00e4mpfen angleichen m\u00f6chten. Diese Discs werden auf der Oberseite unserer TopHolds platziert und verhindern, dass die Teilnehmer die Griffst\u00fccke ungleichm\u00e4\u00dfig greifen, was eine faire und gerechte Konkurrenz f\u00fcr alle sicherstellt.<\/p>\n<p>Die Top Discs sind besonders n\u00fctzlich f\u00fcr diejenigen, die <strong>ein herausfordernderes Training oder Wettkampf<\/strong> suchen, da sie die Teilnehmer zwingen, einen strengen und gleichm\u00e4\u00dfigen Griff zu verwenden. Au\u00dferdem werden sie bei Hochleistungsveranstaltungen wie der Unbroken Race eingesetzt, die seit 2018 auf unsere Top Discs vertraut.<\/p>\n<p>Wenn du <strong>deine F\u00e4higkeiten im Hindernislauf oder beim Klettertraining<\/strong> verbessern m\u00f6chtest, sind die Top Discs eine unverzichtbare Erg\u00e4nzung zu deinen OCR-Griffen. Stelle sicher, dass du den Wettbewerbsvorteil hast, den du brauchst, um in deiner n\u00e4chsten Herausforderung herauszustechen!<\/p>\n<p>Die Farben k\u00f6nnen von denen auf dem Foto abweichen (kontaktiere uns, wenn du eine spezielle Farbe w\u00fcnschst).<\/p>\n","protected":false},"excerpt":{"rendered":"<ul>\n<li>Es ist ein essentielles Teil f\u00fcr Rennen<\/li>\n<li>Die Top-Scheiben gew\u00e4hrleisten einen fairen und gerechten Wettbewerb f\u00fcr alle Teilnehmer.<\/li>\n<li>Sie zwingen die Teilnehmer, einen strengen und einheitlichen Griff zu verwenden, was die Herausforderung beim Training oder Wettkampf erh\u00f6ht.<\/li>\n<li>Sie werden bei Hochleistungsereignissen verwendet<\/li>\n<\/ul>\n","protected":false},"featured_media":12545,"comment_status":"open","ping_status":"closed","template":"","meta":[],"product_brand":[],"product_cat":[496,403,492],"product_tag":[],"class_list":{"0":"post-17266","1":"product","2":"type-product","3":"status-publish","4":"has-post-thumbnail","6":"product_cat-aufhangung","7":"product_cat-hindernisparcours","8":"product_cat-trainingc","10":"first","11":"instock","12":"taxable","13":"shipping-taxable","14":"purchasable","15":"product-type-simple"},"_links":{"self":[{"href":"https:\/\/topholds.com\/de\/wp-json\/wp\/v2\/product\/17266","targetHints":{"allow":["GET"]}}],"collection":[{"href":"https:\/\/topholds.com\/de\/wp-json\/wp\/v2\/product"}],"about":[{"href":"https:\/\/topholds.com\/de\/wp-json\/wp\/v2\/types\/product"}],"replies":[{"embeddable":true,"href":"https:\/\/topholds.com\/de\/wp-json\/wp\/v2\/comments?post=17266"}],"wp:featuredmedia":[{"embeddable":true,"href":"https:\/\/topholds.com\/de\/wp-json\/wp\/v2\/media\/12545"}],"wp:attachment":[{"href":"https:\/\/topholds.com\/de\/wp-json\/wp\/v2\/media?parent=17266"}],"wp:term":[{"taxonomy":"product_brand","embeddable":true,"href":"https:\/\/topholds.com\/de\/wp-json\/wp\/v2\/product_brand?post=17266"},{"taxonomy":"product_cat","embeddable":true,"href":"https:\/\/topholds.com\/de\/wp-json\/wp\/v2\/product_cat?post=17266"},{"taxonomy":"product_tag","embeddable":true,"href":"https:\/\/topholds.com\/de\/wp-json\/wp\/v2\/product_tag?post=17266"}],"curies":[{"name":"wp","href":"https:\/\/api.w.org\/{rel}","templated":true}]}}