{"id":17272,"date":"2023-03-04T16:04:56","date_gmt":"2023-03-04T16:04:56","guid":{"rendered":"https:\/\/topholds.com\/poseidon\/"},"modified":"2024-08-26T05:06:22","modified_gmt":"2024-08-26T05:06:22","slug":"poseidon","status":"publish","type":"product","link":"https:\/\/topholds.com\/de\/angebot\/hindernisparcours\/trainingc\/griffe\/poseidon\/","title":{"rendered":"Griff f\u00fcr Hindernisparcours Poseidon"},"content":{"rendered":"<p>Es scheint, dass Ihr Text fehlt. Bitte geben Sie den Text ein, den Sie ins Deutsche \u00fcbersetzen m\u00f6chten, und ich helfe Ihnen gerne weiter!<\/p>\n","protected":false},"excerpt":{"rendered":"<p>Poseid\u00f3n ist ein Klettergriff mit einer sanften Sandsteinstruktur.<\/p>\n<p>Der Griff hat eine gro\u00dfe Mulde, die sehr bequem f\u00fcr ein oder zwei H\u00e4nde ist. Ideal f\u00fcr jede \u00dcberh\u00e4ngung und Decke.<\/p>\n<p>Befestigung mit 2 Schrauben.<\/p>\n<p>Die Farben k\u00f6nnten von denen auf dem Foto abweichen. Wenn Sie eine spezielle Farbe w\u00fcnschen, kontaktieren Sie uns bitte.<\/p>\n","protected":false},"featured_media":21100,"comment_status":"open","ping_status":"closed","template":"","meta":[],"product_brand":[],"product_cat":[497,403,492,418],"product_tag":[],"class_list":{"0":"post-17272","1":"product","2":"type-product","3":"status-publish","4":"has-post-thumbnail","6":"product_cat-griffe","7":"product_cat-hindernisparcours","8":"product_cat-trainingc","9":"product_cat-klettergriffe","11":"first","12":"instock","13":"taxable","14":"shipping-taxable","15":"purchasable","16":"product-type-simple"},"_links":{"self":[{"href":"https:\/\/topholds.com\/de\/wp-json\/wp\/v2\/product\/17272","targetHints":{"allow":["GET"]}}],"collection":[{"href":"https:\/\/topholds.com\/de\/wp-json\/wp\/v2\/product"}],"about":[{"href":"https:\/\/topholds.com\/de\/wp-json\/wp\/v2\/types\/product"}],"replies":[{"embeddable":true,"href":"https:\/\/topholds.com\/de\/wp-json\/wp\/v2\/comments?post=17272"}],"wp:featuredmedia":[{"embeddable":true,"href":"https:\/\/topholds.com\/de\/wp-json\/wp\/v2\/media\/21100"}],"wp:attachment":[{"href":"https:\/\/topholds.com\/de\/wp-json\/wp\/v2\/media?parent=17272"}],"wp:term":[{"taxonomy":"product_brand","embeddable":true,"href":"https:\/\/topholds.com\/de\/wp-json\/wp\/v2\/product_brand?post=17272"},{"taxonomy":"product_cat","embeddable":true,"href":"https:\/\/topholds.com\/de\/wp-json\/wp\/v2\/product_cat?post=17272"},{"taxonomy":"product_tag","embeddable":true,"href":"https:\/\/topholds.com\/de\/wp-json\/wp\/v2\/product_tag?post=17272"}],"curies":[{"name":"wp","href":"https:\/\/api.w.org\/{rel}","templated":true}]}}