{"id":17284,"date":"2023-04-27T18:02:12","date_gmt":"2023-04-27T18:02:12","guid":{"rendered":"https:\/\/topholds.com\/samurai\/"},"modified":"2025-09-18T14:35:06","modified_gmt":"2025-09-18T14:35:06","slug":"samurai-2","status":"publish","type":"product","link":"https:\/\/topholds.com\/de\/angebot\/hindernisparcours\/trainingc\/aufhangung\/samurai-2\/","title":{"rendered":"Aufh\u00e4ngung f\u00fcr Hindernisparcours Samurai"},"content":{"rendered":"<p>Die Samurai waren Elitekrieger im alten Japan.<\/p>\n<p>Um die Herausforderung des Samurai zu meistern, musst du deine F\u00e4higkeiten maximal aussch\u00f6pfen.<\/p>\n<p>Dieser herausfordernde TopHolds bietet dir drei Trainingsformen an:<\/p>\n<p>-Eine leichte, mit ein oder zwei H\u00e4nden in Schalenform an der Oberseite des Blocks.<\/p>\n<p>-Eine mittelschwere, mit beiden H\u00e4nden seitlich im Zangengriff.<\/p>\n<p>-Eine f\u00fcr die Wagemutigen, mit einem flachen Griff, bei dem beide H\u00e4nde gegen\u00fcberliegend an den unteren Seiten platziert werden.<\/p>\n","protected":false},"excerpt":{"rendered":"<ul>\n<li>Gro\u00dfes St\u00fcck, das ein umfassendes Training f\u00fcr die St\u00e4rke deiner H\u00e4nde bietet.<\/li>\n<li>Es wurde so konzipiert, dass es auf drei verschiedene Arten trainiert werden kann; &#8211; Eine einfache, indem man mit einer oder zwei H\u00e4nden von oben wie eine Schaufel greift.\n<p>&#8211; Eine mittlere, mit beiden H\u00e4nden im Greifer von den Seiten.<\/p>\n<p>&#8211; Eine f\u00fcr die Mutigeren, mit flachem Griff, indem man beide H\u00e4nde gegen\u00fcberliegend an den unteren Seiten platziert.<\/li>\n<li>Weiche, aber haftende Textur, ideal f\u00fcr OCR-Training, Klettern, Calisthenics und CrossFit.<\/li>\n<li>Leicht und einfach \u00fcberall hin zu transportieren.<\/li>\n<\/ul>\n<p>&nbsp;<\/p>\n","protected":false},"featured_media":21106,"comment_status":"open","ping_status":"closed","template":"","meta":[],"product_brand":[],"product_cat":[496,403,492],"product_tag":[],"class_list":{"0":"post-17284","1":"product","2":"type-product","3":"status-publish","4":"has-post-thumbnail","6":"product_cat-aufhangung","7":"product_cat-hindernisparcours","8":"product_cat-trainingc","10":"first","11":"instock","12":"taxable","13":"shipping-taxable","14":"purchasable","15":"product-type-simple"},"_links":{"self":[{"href":"https:\/\/topholds.com\/de\/wp-json\/wp\/v2\/product\/17284","targetHints":{"allow":["GET"]}}],"collection":[{"href":"https:\/\/topholds.com\/de\/wp-json\/wp\/v2\/product"}],"about":[{"href":"https:\/\/topholds.com\/de\/wp-json\/wp\/v2\/types\/product"}],"replies":[{"embeddable":true,"href":"https:\/\/topholds.com\/de\/wp-json\/wp\/v2\/comments?post=17284"}],"wp:featuredmedia":[{"embeddable":true,"href":"https:\/\/topholds.com\/de\/wp-json\/wp\/v2\/media\/21106"}],"wp:attachment":[{"href":"https:\/\/topholds.com\/de\/wp-json\/wp\/v2\/media?parent=17284"}],"wp:term":[{"taxonomy":"product_brand","embeddable":true,"href":"https:\/\/topholds.com\/de\/wp-json\/wp\/v2\/product_brand?post=17284"},{"taxonomy":"product_cat","embeddable":true,"href":"https:\/\/topholds.com\/de\/wp-json\/wp\/v2\/product_cat?post=17284"},{"taxonomy":"product_tag","embeddable":true,"href":"https:\/\/topholds.com\/de\/wp-json\/wp\/v2\/product_tag?post=17284"}],"curies":[{"name":"wp","href":"https:\/\/api.w.org\/{rel}","templated":true}]}}