{"id":17290,"date":"2023-05-09T12:16:36","date_gmt":"2023-05-09T12:16:36","guid":{"rendered":"https:\/\/topholds.com\/stic\/"},"modified":"2026-01-01T14:41:38","modified_gmt":"2026-01-01T14:41:38","slug":"stic","status":"publish","type":"product","link":"https:\/\/topholds.com\/de\/angebot\/hindernisparcours\/trainingc\/aufhangung\/stic\/","title":{"rendered":"Aufh\u00e4ngung f\u00fcr Hindernisparcours Stic"},"content":{"rendered":"<p style=\"text-align: left;\">Die OCR Stic Aufh\u00e4ngung ist f\u00fcr Aufh\u00e4ngungen\/Traktionen konzipiert und kann verwendet werden, um Ballast mit der Hand zu halten.<\/p>\n<p>Die Oberseite wird mit den H\u00e4nden in Form einer Schaufel gegriffen, aber wir k\u00f6nnen auch die Kraft und Ausdauer der H\u00e4nde trainieren, indem wir Aufh\u00e4ngungen \u00fcber einen bestimmten Zeitraum durchf\u00fchren und das Teil an den flachen Seiten greifen.<\/p>\n<p>Wir k\u00f6nnen diese Stic auch verwenden, um Serien mit unterschiedlichen Gewichten zu halten (das Seil w\u00fcrden wir am Ballast befestigen, um am Boden zu arbeiten). Diese \u00dcbungen werden h\u00e4ufig von Kletterern genutzt, um die Griffkraft schrittweise zu steigern, bis maximale Ergebnisse erzielt werden.<\/p>\n<ul>\n<li>Entwickelt f\u00fcr Aufh\u00e4ngungen und Traktionen; wir k\u00f6nnen es auch f\u00fcr Boden\u00fcbungen verwenden, um Ballast mit der Hand zu halten.<\/li>\n<li>Stellt einen optimalen Halt mit seiner weichen, aber sehr griffigen Textur bereit.<\/li>\n<li>Es ist praktisch und anpassbar an jede Trainingsumgebung, sowohl h\u00e4ngend als auch am Boden mit Gewichten an den Enden des Seils.<\/li>\n<li>Bitte beachten Sie, dass die Farben von dem abgebildeten Bild abweichen k\u00f6nnen. Wenn Sie eine spezielle Farbe w\u00fcnschen, z\u00f6gern Sie nicht, uns zu kontaktieren.<\/li>\n<\/ul>\n","protected":false},"excerpt":{"rendered":"<ul>\n<li>Entwickelt f\u00fcr Aufh\u00e4ngungen und Traktionen, kann auch bei Bodeneinheiten verwendet werden, um Gewicht mit den H\u00e4nden zu halten.<\/li>\n<li>Bietet einen optimalen Griff mit seiner weichen, aber haftenden Textur.<\/li>\n<li>Ist praktisch und anpassbar an jede Trainingsumgebung.<\/li>\n<li>Ideal f\u00fcr OCR, Klettern, Calisthenics und Crossfit.<\/li>\n<\/ul>\n","protected":false},"featured_media":21112,"comment_status":"open","ping_status":"closed","template":"","meta":[],"product_brand":[],"product_cat":[496,403,492],"product_tag":[],"class_list":{"0":"post-17290","1":"product","2":"type-product","3":"status-publish","4":"has-post-thumbnail","6":"product_cat-aufhangung","7":"product_cat-hindernisparcours","8":"product_cat-trainingc","10":"first","11":"instock","12":"sale","13":"taxable","14":"shipping-taxable","15":"purchasable","16":"product-type-simple"},"_links":{"self":[{"href":"https:\/\/topholds.com\/de\/wp-json\/wp\/v2\/product\/17290","targetHints":{"allow":["GET"]}}],"collection":[{"href":"https:\/\/topholds.com\/de\/wp-json\/wp\/v2\/product"}],"about":[{"href":"https:\/\/topholds.com\/de\/wp-json\/wp\/v2\/types\/product"}],"replies":[{"embeddable":true,"href":"https:\/\/topholds.com\/de\/wp-json\/wp\/v2\/comments?post=17290"}],"wp:featuredmedia":[{"embeddable":true,"href":"https:\/\/topholds.com\/de\/wp-json\/wp\/v2\/media\/21112"}],"wp:attachment":[{"href":"https:\/\/topholds.com\/de\/wp-json\/wp\/v2\/media?parent=17290"}],"wp:term":[{"taxonomy":"product_brand","embeddable":true,"href":"https:\/\/topholds.com\/de\/wp-json\/wp\/v2\/product_brand?post=17290"},{"taxonomy":"product_cat","embeddable":true,"href":"https:\/\/topholds.com\/de\/wp-json\/wp\/v2\/product_cat?post=17290"},{"taxonomy":"product_tag","embeddable":true,"href":"https:\/\/topholds.com\/de\/wp-json\/wp\/v2\/product_tag?post=17290"}],"curies":[{"name":"wp","href":"https:\/\/api.w.org\/{rel}","templated":true}]}}