{"id":17296,"date":"2023-06-12T18:36:06","date_gmt":"2023-06-12T18:36:06","guid":{"rendered":"https:\/\/topholds.com\/medieval\/"},"modified":"2025-03-26T07:44:11","modified_gmt":"2025-03-26T07:44:11","slug":"medieval","status":"publish","type":"product","link":"https:\/\/topholds.com\/de\/angebot\/hindernisparcours\/trainingc\/aufhangung\/medieval\/","title":{"rendered":"Aufh\u00e4ngung f\u00fcr Hindernisparcours Medieval"},"content":{"rendered":"<p>Arte zur Personalisierung von OCR.<\/p>\n<p>Medieval ist so konzipiert, dass man es mit beiden H\u00e4nden am Griff, mit einer einzelnen Hand am Ball oder in einer hybriden Weise greifen kann, um die H\u00f6he zu ver\u00e4ndern. Seine doppelte Textur, sowohl am Griff als auch am Ball, macht Medieval zu einem sehr sch\u00f6nen St\u00fcck, ohne auf die maximale Haftung zu verzichten, die ihr bereits von unserer Marke kennt. <\/p>\n<p>&nbsp;<\/p>\n","protected":false},"excerpt":{"rendered":"<ul>\n<li>Bietet ein dynamischeres und intensiveres Training mit seitlichen Bewegungen und H\u00f6henwechseln.<\/li>\n<li>Ist so konzipiert, dass man ihn mit beiden H\u00e4nden am Griff, mit einer Hand am Ball und in hybrider Form bei H\u00f6henwechseln halten kann.<\/li>\n<li>Sanfte, aber haftende Textur, ideal f\u00fcr OCR-Training, Klettern, Calisthenics und CrossFit.<\/li>\n<li>Leicht und einfach \u00fcberall hin zu transportieren.<\/li>\n<\/ul>\n","protected":false},"featured_media":17378,"comment_status":"open","ping_status":"closed","template":"","meta":[],"product_brand":[],"product_cat":[496,403,492],"product_tag":[],"class_list":{"0":"post-17296","1":"product","2":"type-product","3":"status-publish","4":"has-post-thumbnail","6":"product_cat-aufhangung","7":"product_cat-hindernisparcours","8":"product_cat-trainingc","10":"first","11":"instock","12":"sale","13":"taxable","14":"shipping-taxable","15":"purchasable","16":"product-type-simple"},"_links":{"self":[{"href":"https:\/\/topholds.com\/de\/wp-json\/wp\/v2\/product\/17296","targetHints":{"allow":["GET"]}}],"collection":[{"href":"https:\/\/topholds.com\/de\/wp-json\/wp\/v2\/product"}],"about":[{"href":"https:\/\/topholds.com\/de\/wp-json\/wp\/v2\/types\/product"}],"replies":[{"embeddable":true,"href":"https:\/\/topholds.com\/de\/wp-json\/wp\/v2\/comments?post=17296"}],"wp:featuredmedia":[{"embeddable":true,"href":"https:\/\/topholds.com\/de\/wp-json\/wp\/v2\/media\/17378"}],"wp:attachment":[{"href":"https:\/\/topholds.com\/de\/wp-json\/wp\/v2\/media?parent=17296"}],"wp:term":[{"taxonomy":"product_brand","embeddable":true,"href":"https:\/\/topholds.com\/de\/wp-json\/wp\/v2\/product_brand?post=17296"},{"taxonomy":"product_cat","embeddable":true,"href":"https:\/\/topholds.com\/de\/wp-json\/wp\/v2\/product_cat?post=17296"},{"taxonomy":"product_tag","embeddable":true,"href":"https:\/\/topholds.com\/de\/wp-json\/wp\/v2\/product_tag?post=17296"}],"curies":[{"name":"wp","href":"https:\/\/api.w.org\/{rel}","templated":true}]}}