{"id":17302,"date":"2023-06-23T16:22:35","date_gmt":"2023-06-23T16:22:35","guid":{"rendered":"https:\/\/topholds.com\/down-holds\/"},"modified":"2024-08-26T05:09:19","modified_gmt":"2024-08-26T05:09:19","slug":"down-holds","status":"publish","type":"product","link":"https:\/\/topholds.com\/de\/angebot\/klettergriffe\/down-holds\/","title":{"rendered":"Klettergriff Down Holds"},"content":{"rendered":"<p><strong>Down Holds ist ein Klettergriff<\/strong> von hoher Qualit\u00e4t mit einer sanften Sandsteintextur, der entwickelt wurde, um die Bed\u00fcrfnisse von Kletterern aller Niveaus zu erf\u00fcllen.<\/p>\n<p>Seine zwei Farben machen ihn sehr auff\u00e4llig und erm\u00f6glichen es dem Benutzer, ihn schnell als Abstiegsklip zu identifizieren und nicht mit den Blockgriffen zu verwechseln.<\/p>\n<p>Bequemer Griff f\u00fcr eine oder zwei H\u00e4nde in Schaufelform.<\/p>\n<p>Kann an jeder \u00dcberh\u00e4ngung oder Decke installiert werden.<\/p>\n<p>Der Griff verf\u00fcgt \u00fcber zwei kleine L\u00f6cher und eines gro\u00dfe, um eine <strong>einfache Installation mit Inbusschrauben oder Holzschrauben<\/strong> zu erm\u00f6glichen. Es wird die Verwendung von Schrauben M10x50 (empfohlen) oder M8x50 empfohlen.<\/p>\n<p>Die Farben k\u00f6nnten von denen auf dem Foto abweichen. Wenn du eine spezielle Farbe w\u00fcnschst, kontaktiere uns bitte.<\/p>\n","protected":false},"excerpt":{"rendered":"<ul>\n<li>Down Holds ist ein Klettergriff mit sanfter Sandsteintextur.<\/li>\n<li>Griff mit bequemem Halt f\u00fcr eine oder zwei H\u00e4nde in Form einer Schale.<\/li>\n<li>Zwei Farben, um schnell als Abseilgriff identifiziert werden zu k\u00f6nnen.<\/li>\n<li>Zur Installation an jedem \u00dcberhang oder Dach.<\/li>\n<li>Einfache Installation mit Inbus-Schrauben oder Holzschrauben.<\/li>\n<\/ul>\n","protected":false},"featured_media":21124,"comment_status":"open","ping_status":"closed","template":"","meta":[],"product_brand":[],"product_cat":[418],"product_tag":[],"class_list":{"0":"post-17302","1":"product","2":"type-product","3":"status-publish","4":"has-post-thumbnail","6":"product_cat-klettergriffe","8":"first","9":"instock","10":"sale","11":"taxable","12":"shipping-taxable","13":"purchasable","14":"product-type-simple"},"_links":{"self":[{"href":"https:\/\/topholds.com\/de\/wp-json\/wp\/v2\/product\/17302","targetHints":{"allow":["GET"]}}],"collection":[{"href":"https:\/\/topholds.com\/de\/wp-json\/wp\/v2\/product"}],"about":[{"href":"https:\/\/topholds.com\/de\/wp-json\/wp\/v2\/types\/product"}],"replies":[{"embeddable":true,"href":"https:\/\/topholds.com\/de\/wp-json\/wp\/v2\/comments?post=17302"}],"wp:featuredmedia":[{"embeddable":true,"href":"https:\/\/topholds.com\/de\/wp-json\/wp\/v2\/media\/21124"}],"wp:attachment":[{"href":"https:\/\/topholds.com\/de\/wp-json\/wp\/v2\/media?parent=17302"}],"wp:term":[{"taxonomy":"product_brand","embeddable":true,"href":"https:\/\/topholds.com\/de\/wp-json\/wp\/v2\/product_brand?post=17302"},{"taxonomy":"product_cat","embeddable":true,"href":"https:\/\/topholds.com\/de\/wp-json\/wp\/v2\/product_cat?post=17302"},{"taxonomy":"product_tag","embeddable":true,"href":"https:\/\/topholds.com\/de\/wp-json\/wp\/v2\/product_tag?post=17302"}],"curies":[{"name":"wp","href":"https:\/\/api.w.org\/{rel}","templated":true}]}}