{"id":17320,"date":"2023-07-02T14:19:05","date_gmt":"2023-07-02T14:19:05","guid":{"rendered":"https:\/\/topholds.com\/congo\/"},"modified":"2025-07-31T08:26:24","modified_gmt":"2025-07-31T08:26:24","slug":"congo","status":"publish","type":"product","link":"https:\/\/topholds.com\/de\/angebot\/hindernisparcours\/trainingc\/aufhangung\/congo\/","title":{"rendered":"Aufh\u00e4ngung f\u00fcr Hindernisparcours Congo"},"content":{"rendered":"<p style=\"text-align: left;\">Durch ihre St\u00e4rke und Agilit\u00e4t sind die Gorillas die unangefochtenen K\u00f6nige der W\u00e4lder Zentralafrikas.<\/p>\n<p>Die neue OCR-Suspension von TopHolds, die diesem majest\u00e4tischen Tier gewidmet ist.<\/p>\n<p>-Oberer Griff in Form einer Kugel, der auch die Positionierung der zweiten Hand erm\u00f6glicht.<\/p>\n<p>-Griff auf der R\u00fcckseite, um die Griffst\u00e4rke zu st\u00e4rken.<\/p>\n","protected":false},"excerpt":{"rendered":"<ul>\n<li>St\u00fcck, das ein umfassendes Training f\u00fcr die Kraft Ihrer H\u00e4nde bietet.<\/li>\n<li>Zwei Griffarten: Obergriff f\u00fcr dynamische Schritte und Hintergriff im Pinch f\u00fcr statische Arbeiten.<\/li>\n<li>Weiche, aber griffige Textur, ideal f\u00fcr OCR-Training, Klettern, Calisthenics und CrossFit.<\/li>\n<li>Leicht und einfach \u00fcberall hin mitzunehmen.<\/li>\n<\/ul>\n<p>&nbsp;<\/p>\n","protected":false},"featured_media":21166,"comment_status":"open","ping_status":"closed","template":"","meta":[],"product_brand":[],"product_cat":[496,403,492],"product_tag":[],"class_list":{"0":"post-17320","1":"product","2":"type-product","3":"status-publish","4":"has-post-thumbnail","6":"product_cat-aufhangung","7":"product_cat-hindernisparcours","8":"product_cat-trainingc","10":"first","11":"instock","12":"sale","13":"taxable","14":"shipping-taxable","15":"purchasable","16":"product-type-simple"},"_links":{"self":[{"href":"https:\/\/topholds.com\/de\/wp-json\/wp\/v2\/product\/17320","targetHints":{"allow":["GET"]}}],"collection":[{"href":"https:\/\/topholds.com\/de\/wp-json\/wp\/v2\/product"}],"about":[{"href":"https:\/\/topholds.com\/de\/wp-json\/wp\/v2\/types\/product"}],"replies":[{"embeddable":true,"href":"https:\/\/topholds.com\/de\/wp-json\/wp\/v2\/comments?post=17320"}],"wp:featuredmedia":[{"embeddable":true,"href":"https:\/\/topholds.com\/de\/wp-json\/wp\/v2\/media\/21166"}],"wp:attachment":[{"href":"https:\/\/topholds.com\/de\/wp-json\/wp\/v2\/media?parent=17320"}],"wp:term":[{"taxonomy":"product_brand","embeddable":true,"href":"https:\/\/topholds.com\/de\/wp-json\/wp\/v2\/product_brand?post=17320"},{"taxonomy":"product_cat","embeddable":true,"href":"https:\/\/topholds.com\/de\/wp-json\/wp\/v2\/product_cat?post=17320"},{"taxonomy":"product_tag","embeddable":true,"href":"https:\/\/topholds.com\/de\/wp-json\/wp\/v2\/product_tag?post=17320"}],"curies":[{"name":"wp","href":"https:\/\/api.w.org\/{rel}","templated":true}]}}