{"id":17326,"date":"2023-07-19T12:04:43","date_gmt":"2023-07-19T12:04:43","guid":{"rendered":"https:\/\/topholds.com\/ocr-dragon\/"},"modified":"2024-08-26T05:11:38","modified_gmt":"2024-08-26T05:11:38","slug":"ocr-dragon","status":"publish","type":"product","link":"https:\/\/topholds.com\/de\/angebot\/hindernisparcours\/trainingc\/griffe\/ocr-dragon\/","title":{"rendered":"Griff f\u00fcr Hindernisparcours Dragon"},"content":{"rendered":"<p>Es scheint, dass kein Text zum \u00dcbersetzen bereitgestellt wurde. Bitte geben Sie den Text ein, den Sie ins Deutsche \u00fcbersetzt haben m\u00f6chten.<\/p>\n","protected":false},"excerpt":{"rendered":"<p>Dragon ist ein Klettergriff mit einer sanften Sandstein-Textur.<\/p>\n<p>Der Griff verf\u00fcgt \u00fcber eine gro\u00dfe Mulde, die sehr komfortabel f\u00fcr ein oder zwei H\u00e4nde ist. Ideal f\u00fcr jede \u00dcberhang- und Deckenpassage.<\/p>\n<p>Befestigung mit einem 10&#215;50 Inbusschraube (empfohlen) oder M8x50.<\/p>\n<p>Er hat ein Loch f\u00fcr eine Anti-Dreh-Schraube.<\/p>\n<p>Die Farben k\u00f6nnten von den Bildern abweichen. Wenn Sie eine spezielle Farbe w\u00fcnschen, kontaktieren Sie uns bitte.<\/p>\n","protected":false},"featured_media":21172,"comment_status":"open","ping_status":"closed","template":"","meta":[],"product_brand":[],"product_cat":[497,403,492,418],"product_tag":[],"class_list":{"0":"post-17326","1":"product","2":"type-product","3":"status-publish","4":"has-post-thumbnail","6":"product_cat-griffe","7":"product_cat-hindernisparcours","8":"product_cat-trainingc","9":"product_cat-klettergriffe","11":"first","12":"instock","13":"taxable","14":"shipping-taxable","15":"purchasable","16":"product-type-simple"},"_links":{"self":[{"href":"https:\/\/topholds.com\/de\/wp-json\/wp\/v2\/product\/17326","targetHints":{"allow":["GET"]}}],"collection":[{"href":"https:\/\/topholds.com\/de\/wp-json\/wp\/v2\/product"}],"about":[{"href":"https:\/\/topholds.com\/de\/wp-json\/wp\/v2\/types\/product"}],"replies":[{"embeddable":true,"href":"https:\/\/topholds.com\/de\/wp-json\/wp\/v2\/comments?post=17326"}],"wp:featuredmedia":[{"embeddable":true,"href":"https:\/\/topholds.com\/de\/wp-json\/wp\/v2\/media\/21172"}],"wp:attachment":[{"href":"https:\/\/topholds.com\/de\/wp-json\/wp\/v2\/media?parent=17326"}],"wp:term":[{"taxonomy":"product_brand","embeddable":true,"href":"https:\/\/topholds.com\/de\/wp-json\/wp\/v2\/product_brand?post=17326"},{"taxonomy":"product_cat","embeddable":true,"href":"https:\/\/topholds.com\/de\/wp-json\/wp\/v2\/product_cat?post=17326"},{"taxonomy":"product_tag","embeddable":true,"href":"https:\/\/topholds.com\/de\/wp-json\/wp\/v2\/product_tag?post=17326"}],"curies":[{"name":"wp","href":"https:\/\/api.w.org\/{rel}","templated":true}]}}