{"id":17331,"date":"2023-11-26T11:41:49","date_gmt":"2023-11-26T11:41:49","guid":{"rendered":"https:\/\/topholds.com\/storm\/"},"modified":"2026-01-01T14:41:38","modified_gmt":"2026-01-01T14:41:38","slug":"storm","status":"publish","type":"product","link":"https:\/\/topholds.com\/de\/angebot\/hindernisparcours\/trainingc\/aufhangung\/storm\/","title":{"rendered":"Aufh\u00e4ngung f\u00fcr Hindernisparcours Storm"},"content":{"rendered":"<p><strong>Storm<\/strong> ist ein Element der <strong>Suspension OCR<\/strong>, das entwickelt wurde, um dir verschiedene M\u00f6glichkeiten zu bieten, es zu \u00fcberwinden und dein Training zu verbessern. Ein Griff f\u00fcr die Finger, um die Fingerkraft zu steigern, und ein konischer Griff zur Verbesserung des Drucks deiner Hand. Du kannst es auch f\u00fcr <strong>Fly Monkey<\/strong> verwenden, indem du es mit beiden H\u00e4nden in entgegengesetzten Schaufelpositionen greifst, um dynamische Schritte zu machen. Seine Ergonomie und die weiche, aber griffige Textur machen es zu einem <strong>bequemen und sicheren Griff<\/strong>, der Verletzungen vorbeugt, die bei einem flachen Griff auftreten k\u00f6nnten.<\/p>\n<p>Es ist <strong>ein Griff zur Verbesserung deiner Kraft und Ausdauer beim Klettern<\/strong>, OCR, Ninja-Herausforderungen und Crossfit.<\/p>\n<p>Die Farben des Storm k\u00f6nnen von dem Foto abweichen. Wenn du eine bestimmte Farbe ausw\u00e4hlen m\u00f6chtest, kontaktiere uns bitte.<\/p>\n<p>Diese vielseitige Suspension l\u00e4sst sich leicht an einer Klimmzugstange, im Park oder an einem Ast aufh\u00e4ngen, sodass du eine Vielzahl von \u00dcbungen \u00fcberall durchf\u00fchren kannst.<\/p>\n<p>Maximiere das Potenzial der <em>Suspension <strong>Storm<\/strong><\/em>, indem du sie vertikal mit anderen kombinierst und einzigartige, auf deine Bed\u00fcrfnisse zugeschnittene Herausforderungen schaffst. Ihr sorgf\u00e4ltig durchdachtes Design erm\u00f6glicht es dir, dein Training optimal auszunutzen, ohne viel Platz f\u00fcr Kombinationen jeder L\u00e4nge zu ben\u00f6tigen.<\/p>\n<p><strong><em>Storm<\/em><\/strong> ist ein au\u00dfergew\u00f6hnliches Werkzeug f\u00fcr <strong>OCR-Training, Calisthenics, Ninja-Herausforderungen, Klettern, Crossfit, Gymnastik<\/strong> und vieles mehr. Au\u00dferdem bietet es nicht nur ein effizientes Training, sondern auch viel Spa\u00df. Wage es, es auszuprobieren?<\/p>\n","protected":false},"excerpt":{"rendered":"<ul>\n<li>Aufh\u00e4ngung mit mehreren Griffen und f\u00fcr den Fly Monkey mit zwei H\u00e4nden.<\/li>\n<li>Eine perfekte Ergonomie f\u00fcr einen Griff mit einer oder zwei H\u00e4nden.<\/li>\n<li>Ein weicher, aber sehr haftender Textur.<\/li>\n<li>Ein brutales Werkzeug f\u00fcr unser Klettertraining, OCR, Ninja-Herausforderungen und Crossfit.<\/li>\n<\/ul>\n","protected":false},"featured_media":22926,"comment_status":"open","ping_status":"closed","template":"","meta":[],"product_brand":[],"product_cat":[496,403,492],"product_tag":[],"class_list":{"0":"post-17331","1":"product","2":"type-product","3":"status-publish","4":"has-post-thumbnail","6":"product_cat-aufhangung","7":"product_cat-hindernisparcours","8":"product_cat-trainingc","10":"first","11":"instock","12":"sale","13":"featured","14":"taxable","15":"shipping-taxable","16":"purchasable","17":"product-type-simple"},"_links":{"self":[{"href":"https:\/\/topholds.com\/de\/wp-json\/wp\/v2\/product\/17331","targetHints":{"allow":["GET"]}}],"collection":[{"href":"https:\/\/topholds.com\/de\/wp-json\/wp\/v2\/product"}],"about":[{"href":"https:\/\/topholds.com\/de\/wp-json\/wp\/v2\/types\/product"}],"replies":[{"embeddable":true,"href":"https:\/\/topholds.com\/de\/wp-json\/wp\/v2\/comments?post=17331"}],"wp:featuredmedia":[{"embeddable":true,"href":"https:\/\/topholds.com\/de\/wp-json\/wp\/v2\/media\/22926"}],"wp:attachment":[{"href":"https:\/\/topholds.com\/de\/wp-json\/wp\/v2\/media?parent=17331"}],"wp:term":[{"taxonomy":"product_brand","embeddable":true,"href":"https:\/\/topholds.com\/de\/wp-json\/wp\/v2\/product_brand?post=17331"},{"taxonomy":"product_cat","embeddable":true,"href":"https:\/\/topholds.com\/de\/wp-json\/wp\/v2\/product_cat?post=17331"},{"taxonomy":"product_tag","embeddable":true,"href":"https:\/\/topholds.com\/de\/wp-json\/wp\/v2\/product_tag?post=17331"}],"curies":[{"name":"wp","href":"https:\/\/api.w.org\/{rel}","templated":true}]}}