{"id":17336,"date":"2023-12-02T12:42:26","date_gmt":"2023-12-02T12:42:26","guid":{"rendered":"https:\/\/topholds.com\/hindernisparcours-paket-stufe-1\/"},"modified":"2025-09-18T03:14:37","modified_gmt":"2025-09-18T03:14:37","slug":"hindernisparcours-paket-stufe-1","status":"publish","type":"product","link":"https:\/\/topholds.com\/de\/angebot\/hindernisparcours\/sets\/hindernisparcours-paket-stufe-1\/","title":{"rendered":"Hindernisparcours-Paket Stufe 1"},"content":{"rendered":"<p>Um Ihre Griffkraft und Ihre F\u00e4higkeiten im Hang zu verbessern, empfehlen wir Ihnen diese sechs wesentlichen Teile, die Ihnen Fortschritte in Ihrem Training erm\u00f6glichen. Beginnen Sie mit Partnerzug\u00fcbungen und erh\u00f6hen Sie die Widerstandsf\u00e4higkeit w\u00e4hrend der H\u00e4ngezeit. Mit Hingabe und st\u00e4ndigem Einsatz werden Sie in kurzer Zeit von einem Level zum n\u00e4chsten aufsteigen.<\/p>\n","protected":false},"excerpt":{"rendered":"<p>Si est\u00e1s empezando a entrenar con la suspensi\u00f3n, estos son los <\/p>\n<p>6 agarres imprescindibles para entrenar la fuerza y la destreza necesaria:<\/p>\n<p>-2 Trainingsball 9<\/p>\n<p>-2 Nunchaku-Griffe<\/p>\n<p>-2 OCR Climb 2<\/p>\n","protected":false},"featured_media":21188,"comment_status":"open","ping_status":"closed","template":"","meta":[],"product_brand":[],"product_cat":[403,493],"product_tag":[],"class_list":{"0":"post-17336","1":"product","2":"type-product","3":"status-publish","4":"has-post-thumbnail","6":"product_cat-hindernisparcours","7":"product_cat-sets","9":"first","10":"instock","11":"sale","12":"taxable","13":"shipping-taxable","14":"purchasable","15":"product-type-simple"},"_links":{"self":[{"href":"https:\/\/topholds.com\/de\/wp-json\/wp\/v2\/product\/17336","targetHints":{"allow":["GET"]}}],"collection":[{"href":"https:\/\/topholds.com\/de\/wp-json\/wp\/v2\/product"}],"about":[{"href":"https:\/\/topholds.com\/de\/wp-json\/wp\/v2\/types\/product"}],"replies":[{"embeddable":true,"href":"https:\/\/topholds.com\/de\/wp-json\/wp\/v2\/comments?post=17336"}],"wp:featuredmedia":[{"embeddable":true,"href":"https:\/\/topholds.com\/de\/wp-json\/wp\/v2\/media\/21188"}],"wp:attachment":[{"href":"https:\/\/topholds.com\/de\/wp-json\/wp\/v2\/media?parent=17336"}],"wp:term":[{"taxonomy":"product_brand","embeddable":true,"href":"https:\/\/topholds.com\/de\/wp-json\/wp\/v2\/product_brand?post=17336"},{"taxonomy":"product_cat","embeddable":true,"href":"https:\/\/topholds.com\/de\/wp-json\/wp\/v2\/product_cat?post=17336"},{"taxonomy":"product_tag","embeddable":true,"href":"https:\/\/topholds.com\/de\/wp-json\/wp\/v2\/product_tag?post=17336"}],"curies":[{"name":"wp","href":"https:\/\/api.w.org\/{rel}","templated":true}]}}