{"id":17341,"date":"2024-01-18T13:10:37","date_gmt":"2024-01-18T13:10:37","guid":{"rendered":"https:\/\/topholds.com\/ninja-track\/"},"modified":"2025-09-18T03:15:02","modified_gmt":"2025-09-18T03:15:02","slug":"ninja-track","status":"publish","type":"product","link":"https:\/\/topholds.com\/de\/angebot\/hindernisparcours\/trainingc\/griffe\/ninja-track\/","title":{"rendered":"Griff f\u00fcr Hindernisparcours Ninja Track"},"content":{"rendered":"<p>Presa de escalada con las medidas espec\u00edficas de Ninja Track Europeos y Mundiales OCR.<\/p>\n<p><strong>Klettergriff<\/strong> von hoher Qualit\u00e4t mit sanfter Sandsteintextur, entworfen f\u00fcr Ninja Track OCR.<\/p>\n<p>Er erf\u00fcllt auch die Bed\u00fcrfnisse von Kletterern aller Niveaus, da er an jedem \u00dcberhang und Dach installiert werden kann.<\/p>\n<p>Bequemer Griff f\u00fcr die H\u00e4nde in Form einer Schale.<\/p>\n<p>Der Griff verf\u00fcgt \u00fcber vier kleine L\u00f6cher und ein gro\u00dfes, um eine <strong>einfache Installation mit Innensechskantschrauben und Holzschrauben<\/strong> zu erm\u00f6glichen. Es wird die Verwendung von Schrauben M10x100 (empfohlen) oder M8x100 empfohlen. (Holz mit einer Dicke von 2 cm)<\/p>\n<p>Die Farben k\u00f6nnen von denen auf dem Foto abweichen. Wenn du eine spezielle Farbe w\u00fcnschst, kontaktiere uns bitte.<\/p>\n","protected":false},"excerpt":{"rendered":"<p>Kletterwand mit den spezifischen Ma\u00dfen f\u00fcr die Ninja Track Europameisterschaften und Weltmeisterschaften OCR.<\/p>\n","protected":false},"featured_media":15325,"comment_status":"open","ping_status":"closed","template":"","meta":[],"product_brand":[],"product_cat":[497,403],"product_tag":[],"class_list":{"0":"post-17341","1":"product","2":"type-product","3":"status-publish","4":"has-post-thumbnail","6":"product_cat-griffe","7":"product_cat-hindernisparcours","9":"first","10":"instock","11":"sale","12":"taxable","13":"shipping-taxable","14":"purchasable","15":"product-type-variable"},"_links":{"self":[{"href":"https:\/\/topholds.com\/de\/wp-json\/wp\/v2\/product\/17341","targetHints":{"allow":["GET"]}}],"collection":[{"href":"https:\/\/topholds.com\/de\/wp-json\/wp\/v2\/product"}],"about":[{"href":"https:\/\/topholds.com\/de\/wp-json\/wp\/v2\/types\/product"}],"replies":[{"embeddable":true,"href":"https:\/\/topholds.com\/de\/wp-json\/wp\/v2\/comments?post=17341"}],"wp:featuredmedia":[{"embeddable":true,"href":"https:\/\/topholds.com\/de\/wp-json\/wp\/v2\/media\/15325"}],"wp:attachment":[{"href":"https:\/\/topholds.com\/de\/wp-json\/wp\/v2\/media?parent=17341"}],"wp:term":[{"taxonomy":"product_brand","embeddable":true,"href":"https:\/\/topholds.com\/de\/wp-json\/wp\/v2\/product_brand?post=17341"},{"taxonomy":"product_cat","embeddable":true,"href":"https:\/\/topholds.com\/de\/wp-json\/wp\/v2\/product_cat?post=17341"},{"taxonomy":"product_tag","embeddable":true,"href":"https:\/\/topholds.com\/de\/wp-json\/wp\/v2\/product_tag?post=17341"}],"curies":[{"name":"wp","href":"https:\/\/api.w.org\/{rel}","templated":true}]}}