{"id":17346,"date":"2024-03-19T16:19:45","date_gmt":"2024-03-19T16:19:45","guid":{"rendered":"https:\/\/topholds.com\/unbroken-ring\/"},"modified":"2025-09-18T03:17:12","modified_gmt":"2025-09-18T03:17:12","slug":"unbroken-ring","status":"publish","type":"product","link":"https:\/\/topholds.com\/de\/angebot\/hindernisparcours\/trainingc\/aufhangung\/unbroken-ring\/","title":{"rendered":"Unbroken Ring"},"content":{"rendered":"<p>Die Anilla Unbroken ist ein St\u00fcck, das als herk\u00f6mmlicher Ring verwendet werden kann.<\/p>\n<p>Ihr Design <strong>erm\u00f6glicht es, sie ganz einfach an Klimmzugstangen<\/strong>, Parks, \u00c4sten oder anderen Oberfl\u00e4chen aufzuh\u00e4ngen, was dir die M\u00f6glichkeit gibt, eine Vielzahl von \u00dcbungen \u00fcberall durchzuf\u00fchren.<\/p>\n<p>Mit einer perfekten Ergonomie f\u00fcr den Handgriff. Ein ideales Werkzeug f\u00fcr <strong>Klettertraining, OCR, Calisthenics, Ninja-Herausforderungen, CrossFit<\/strong>, Turnen und mehr.<\/p>\n<p>Die Farben sind m\u00f6glicherweise nicht die gleichen wie auf dem Foto. Kontaktiere uns, wenn du eine spezielle Farbe w\u00fcnschst.<\/p>\n","protected":false},"excerpt":{"rendered":"<ul>\n<li>Perfekte Ergonomie f\u00fcr den Handgriff<\/li>\n<li>Kann als herk\u00f6mmlicher Ring verwendet werden.<\/li>\n<li>Ideal f\u00fcr Klettern, OCR, Calisthenics, Ninja-Herausforderungen, CrossFit, Gymnastik und mehr<\/li>\n<\/ul>\n","protected":false},"featured_media":15567,"comment_status":"open","ping_status":"closed","template":"","meta":[],"product_brand":[],"product_cat":[496,403,492],"product_tag":[],"class_list":{"0":"post-17346","1":"product","2":"type-product","3":"status-publish","4":"has-post-thumbnail","6":"product_cat-aufhangung","7":"product_cat-hindernisparcours","8":"product_cat-trainingc","10":"first","11":"instock","12":"taxable","13":"shipping-taxable","14":"purchasable","15":"product-type-simple"},"_links":{"self":[{"href":"https:\/\/topholds.com\/de\/wp-json\/wp\/v2\/product\/17346","targetHints":{"allow":["GET"]}}],"collection":[{"href":"https:\/\/topholds.com\/de\/wp-json\/wp\/v2\/product"}],"about":[{"href":"https:\/\/topholds.com\/de\/wp-json\/wp\/v2\/types\/product"}],"replies":[{"embeddable":true,"href":"https:\/\/topholds.com\/de\/wp-json\/wp\/v2\/comments?post=17346"}],"wp:featuredmedia":[{"embeddable":true,"href":"https:\/\/topholds.com\/de\/wp-json\/wp\/v2\/media\/15567"}],"wp:attachment":[{"href":"https:\/\/topholds.com\/de\/wp-json\/wp\/v2\/media?parent=17346"}],"wp:term":[{"taxonomy":"product_brand","embeddable":true,"href":"https:\/\/topholds.com\/de\/wp-json\/wp\/v2\/product_brand?post=17346"},{"taxonomy":"product_cat","embeddable":true,"href":"https:\/\/topholds.com\/de\/wp-json\/wp\/v2\/product_cat?post=17346"},{"taxonomy":"product_tag","embeddable":true,"href":"https:\/\/topholds.com\/de\/wp-json\/wp\/v2\/product_tag?post=17346"}],"curies":[{"name":"wp","href":"https:\/\/api.w.org\/{rel}","templated":true}]}}