{"id":17350,"date":"2024-04-23T16:57:48","date_gmt":"2024-04-23T16:57:48","guid":{"rendered":"https:\/\/topholds.com\/grand-poseidon\/"},"modified":"2025-09-18T03:13:48","modified_gmt":"2025-09-18T03:13:48","slug":"grand-poseidon","status":"publish","type":"product","link":"https:\/\/topholds.com\/de\/angebot\/hindernisparcours\/trainingc\/aufhangung\/grand-poseidon\/","title":{"rendered":"Grand Poseidon"},"content":{"rendered":"<p><strong>Grand Poseidon<\/strong> ist ein Element der <strong>OCR-H\u00e4ngemethode<\/strong>, das entwickelt wurde, um die Fingerkraft und den Griffdruck deiner H\u00e4nde zu verbessern.<\/p>\n<p>Du kannst ihn einfach von oben greifen oder dich mit den seitlichen Griffen mit einer oder zwei H\u00e4nden herausfordern.<\/p>\n<p>Es ist <strong>ein Griff zur Verbesserung deiner Kraft und Ausdauer im Klettern<\/strong>, OCR, Ninja-Herausforderungen und Crossfit.<\/p>\n<p>Die Farben des Grand Poseidon k\u00f6nnen von dem Foto abweichen. Wenn du eine bestimmte Farbe w\u00e4hlen m\u00f6chtest, kontaktiere uns bitte.<\/p>\n<p>Diese vielseitige H\u00e4ngemethode l\u00e4sst sich leicht an einer Klimmzugstange, im Park oder an einem Ast aufh\u00e4ngen und erm\u00f6glicht eine Vielzahl von \u00dcbungen \u00fcberall. Sicherheitskarabiner ist im Lieferumfang enthalten.<\/p>\n<p><strong><em>Grand Poseidon<\/em><\/strong> ist ein au\u00dfergew\u00f6hnliches Werkzeug f\u00fcr <strong>OCR-Training, Calisthenics, Ninja-Herausforderungen, Klettern, Crossfit, Gymnastik<\/strong> und vieles mehr. Au\u00dferdem bietet es nicht nur ein effektives Training, sondern auch viel Spa\u00df. Traust du dich, es auszuprobieren?<\/p>\n","protected":false},"excerpt":{"rendered":"<ul>\n<li>Aufh\u00e4ngung mit seitlichen Klammergriffen.<\/li>\n<li>Eine perfekte Ergonomie f\u00fcr einen Griff mit einer oder zwei H\u00e4nden.<\/li>\n<li>Sanfte, aber sehr haftende Textur.<\/li>\n<li>Ein brutales Werkzeug f\u00fcr unser Training im Klettern, OCR, Ninja-Herausforderungen und Crossfit.<\/li>\n<\/ul>\n","protected":false},"featured_media":15698,"comment_status":"open","ping_status":"closed","template":"","meta":[],"product_brand":[],"product_cat":[496,403,492],"product_tag":[],"class_list":{"0":"post-17350","1":"product","2":"type-product","3":"status-publish","4":"has-post-thumbnail","6":"product_cat-aufhangung","7":"product_cat-hindernisparcours","8":"product_cat-trainingc","10":"first","11":"instock","12":"featured","13":"taxable","14":"shipping-taxable","15":"purchasable","16":"product-type-simple"},"_links":{"self":[{"href":"https:\/\/topholds.com\/de\/wp-json\/wp\/v2\/product\/17350","targetHints":{"allow":["GET"]}}],"collection":[{"href":"https:\/\/topholds.com\/de\/wp-json\/wp\/v2\/product"}],"about":[{"href":"https:\/\/topholds.com\/de\/wp-json\/wp\/v2\/types\/product"}],"replies":[{"embeddable":true,"href":"https:\/\/topholds.com\/de\/wp-json\/wp\/v2\/comments?post=17350"}],"wp:featuredmedia":[{"embeddable":true,"href":"https:\/\/topholds.com\/de\/wp-json\/wp\/v2\/media\/15698"}],"wp:attachment":[{"href":"https:\/\/topholds.com\/de\/wp-json\/wp\/v2\/media?parent=17350"}],"wp:term":[{"taxonomy":"product_brand","embeddable":true,"href":"https:\/\/topholds.com\/de\/wp-json\/wp\/v2\/product_brand?post=17350"},{"taxonomy":"product_cat","embeddable":true,"href":"https:\/\/topholds.com\/de\/wp-json\/wp\/v2\/product_cat?post=17350"},{"taxonomy":"product_tag","embeddable":true,"href":"https:\/\/topholds.com\/de\/wp-json\/wp\/v2\/product_tag?post=17350"}],"curies":[{"name":"wp","href":"https:\/\/api.w.org\/{rel}","templated":true}]}}