{"id":21237,"date":"2024-09-04T10:41:59","date_gmt":"2024-09-04T10:41:59","guid":{"rendered":"https:\/\/topholds.com\/?post_type=product&#038;p=21237"},"modified":"2026-03-06T05:54:15","modified_gmt":"2026-03-06T05:54:15","slug":"monster","status":"publish","type":"product","link":"https:\/\/topholds.com\/de\/angebot\/hindernisparcours\/trainingc\/aufhangung\/monster\/","title":{"rendered":"Aufh\u00e4ngung f\u00fcr Hindernisparcours Monster Grips"},"content":{"rendered":"<p>Monster Grips: Beherrsche die Aufh\u00e4ngung f\u00fcr Hindernisparcours<\/p>\n<p>Was ist Monster Grips?<\/p>\n<p>Monster Grips ist der Griff f\u00fcr OCR-Athleten, speziell entwickelt, um deine Aufh\u00e4ngungstechnik zu perfektionieren und deine Leistung bei Hindernisparcours zu steigern.<\/p>\n<p>&nbsp;<\/p>\n<p><strong>Wichtige Vorteile:<\/strong><\/p>\n<p><strong>-St\u00e4rkt deine Kraft in H\u00e4nden und Ausdauer :<\/strong><\/p>\n<p>Dieser Trainingsgriff ist speziell darauf ausgelegt, die Kraft der Finger, H\u00e4nde und Unterarme herauszufordern und zu verbessern, die f\u00fcr Hindernisparcours und Klettertraining wesentlich sind.<\/p>\n<p><strong>-Verbessert deine Technik :<\/strong><\/p>\n<p>Leicht zu greifen dank seiner langgestreckten, gebogenen und konischen Form. Erm\u00f6glicht das \u00dcben verschiedener Grifftechniken, um die Geschicklichkeit und Koordination zu perfektionieren, die in Disziplinen wie Klettern und Hindernisparcours erforderlich sind.<\/p>\n<p><strong>-Unvergleichliche Vielseitigkeit :<\/strong><\/p>\n<p>Mit seinem anpassungsf\u00e4higen Design l\u00e4sst sich dieser Griff leicht an Stangen, Strukturen und sogar B\u00e4umen aufh\u00e4ngen und bietet in unterschiedlichen Umgebungen vielf\u00e4ltige Trainingsm\u00f6glichkeiten.<\/p>\n<p><strong>-Maximale Tragbarkeit :<\/strong><\/p>\n<p>Leicht und kompakt, dieser Griff l\u00e4sst sich leicht transportieren, sodass du ihn \u00fcberall zum Training mitnehmen kannst, egal ob zu Hause, im Fitnessstudio oder im Freien.<\/p>\n<p><strong>-Garantierte Haltbarkeit :<\/strong><\/p>\n<p>Materialien mit hoher Festigkeit<\/p>\n<p>Entworfen f\u00fcr intensiven und langfristigen Einsatz<\/p>\n<p>&nbsp;<\/p>\n<p><strong>Warum Monster Grips w\u00e4hlen?<\/strong><\/p>\n<p>Nachweisliche Wirksamkeit: Von OCR-Athleten entwickelt<\/p>\n<p>Ganzheitliches Training: Verbessert Kraft, Technik und Selbstvertrauen<\/p>\n<p>Greifbare Ergebnisse: Sp\u00fcre den Unterschied in deinem n\u00e4chsten Wettkampf<\/p>\n<p>Steigere deine Leistung im Hindernisparcours jetzt!<\/p>\n<p>Optimiere deine Aufh\u00e4ngung f\u00fcr Hindernisparcours heute und erobere morgen die Strecke!<\/p>\n<p>&nbsp;<\/p>\n<p>Die Farben entsprechen m\u00f6glicherweise nicht dem Foto (fragen Sie uns, wenn Sie eine spezielle w\u00fcnschen).<\/p>\n","protected":false},"excerpt":{"rendered":"<p>&nbsp;<\/p>\n<ul>\n<li>Seine konische Form bietet dir eine leichte Griffigkeit f\u00fcr dein Hindernisparcours Training.<\/li>\n<li>Leicht und einfach \u00fcberall hin mitzunehmen.<\/li>\n<li>Verbessert deine Griffkraft, Ausdauer und Muskelkontrolle.<\/li>\n<li>Material mit hoher Strapazierf\u00e4higkeit<\/li>\n<li>Ausgelegt f\u00fcr intensiven und l\u00e4ngeren Gebrauch<\/li>\n<li>Eine sehr haftende und glatte Textur<\/li>\n<\/ul>\n","protected":false},"featured_media":21247,"comment_status":"open","ping_status":"closed","template":"","meta":[],"product_brand":[],"product_cat":[496,403,492],"product_tag":[],"class_list":{"0":"post-21237","1":"product","2":"type-product","3":"status-publish","4":"has-post-thumbnail","6":"product_cat-aufhangung","7":"product_cat-hindernisparcours","8":"product_cat-trainingc","10":"first","11":"instock","12":"featured","13":"taxable","14":"shipping-taxable","15":"purchasable","16":"product-type-simple"},"_links":{"self":[{"href":"https:\/\/topholds.com\/de\/wp-json\/wp\/v2\/product\/21237","targetHints":{"allow":["GET"]}}],"collection":[{"href":"https:\/\/topholds.com\/de\/wp-json\/wp\/v2\/product"}],"about":[{"href":"https:\/\/topholds.com\/de\/wp-json\/wp\/v2\/types\/product"}],"replies":[{"embeddable":true,"href":"https:\/\/topholds.com\/de\/wp-json\/wp\/v2\/comments?post=21237"}],"wp:featuredmedia":[{"embeddable":true,"href":"https:\/\/topholds.com\/de\/wp-json\/wp\/v2\/media\/21247"}],"wp:attachment":[{"href":"https:\/\/topholds.com\/de\/wp-json\/wp\/v2\/media?parent=21237"}],"wp:term":[{"taxonomy":"product_brand","embeddable":true,"href":"https:\/\/topholds.com\/de\/wp-json\/wp\/v2\/product_brand?post=21237"},{"taxonomy":"product_cat","embeddable":true,"href":"https:\/\/topholds.com\/de\/wp-json\/wp\/v2\/product_cat?post=21237"},{"taxonomy":"product_tag","embeddable":true,"href":"https:\/\/topholds.com\/de\/wp-json\/wp\/v2\/product_tag?post=21237"}],"curies":[{"name":"wp","href":"https:\/\/api.w.org\/{rel}","templated":true}]}}