{"id":21965,"date":"2025-03-07T15:12:11","date_gmt":"2025-03-07T15:12:11","guid":{"rendered":"https:\/\/topholds.com\/?post_type=product&#038;p=21965"},"modified":"2025-09-18T03:41:43","modified_gmt":"2025-09-18T03:41:43","slug":"polyhedron-grips","status":"publish","type":"product","link":"https:\/\/topholds.com\/de\/angebot\/hindernisparcours\/trainingc\/aufhangung\/polyhedron-grips\/","title":{"rendered":"Hindernisparcours-Aufh\u00e4ngung Polyhedron Grips"},"content":{"rendered":"<p><strong>Polyhedron Grips ist eine Trainingsgriff f\u00fcr Aufh\u00e4ngungen und Traktionen.<\/strong><\/p>\n<p>Die <em>OCR Polyhedron Grips Aufh\u00e4ngung<\/em> ist daf\u00fcr konzipiert, deine <strong>Kletter-, OCR- und CrossFit-Trainings<\/strong> auf die n\u00e4chste Stufe zu heben. Mit vier flachen Seiten, aber sehr abgerundeten Kanten, bietet sie eine perfekte Ergonomie f\u00fcr die Hand, kombiniert mit einer weichen, aber haftenden Textur, die <strong>ein optimales Griffgef\u00fchl garantiert<\/strong>.<\/p>\n<p>Sie hilft, die Griffkraft der H\u00e4nde zu erh\u00f6hen, indem sie seitlich gegriffen wird. Au\u00dferdem verf\u00fcgt sie \u00fcber einen runden und einfachen oberen Griff.<\/p>\n<p>Die <strong>Polyhedron Grips<\/strong> sind \u00e4u\u00dferst leicht, was sie zur <strong>idealen Wahl macht, um sie \u00fcberall zu deinen Trainingseinheiten mitzunehmen<\/strong>. Zudem haben wir uns f\u00fcr eine doppelte 6 mm Schnur aus mehreren Gr\u00fcnden entschieden:<\/p>\n<ul>\n<li>Es gibt keine Hindernisse, die den Griff beeintr\u00e4chtigen<\/li>\n<li>In nur 3 Sekunden kannst du einen Schmetterlingsknoten verwenden, um sie an jedem Ast, Reckstange usw. aufzuh\u00e4ngen<\/li>\n<li>Ein Karabinerhaken dient zum Aufh\u00e4ngen an Decken- oder \u00dcberhang-Ausg\u00e4ngen<\/li>\n<\/ul>\n<p>Beachte, dass die Produktfarben vom Bild abweichen k\u00f6nnen. Wenn du eine bestimmte Farbe m\u00f6chtest, kontaktiere uns bitte.<\/p>\n","protected":false},"excerpt":{"rendered":"<ul>\n<li>Griff f\u00fcr Suspensionen\/Zug\u00fcbungen.<\/li>\n<li>Hilft, die Griffkraft der H\u00e4nde zu erh\u00f6hen.<\/li>\n<li>Sehr leicht, ideal f\u00fcr Trainingseinheiten unterwegs.<\/li>\n<li>Keine Hindernisse beim Griff.<\/li>\n<li>Mit einem Karabiner h\u00e4ngen wir sie f\u00fcr Dach- oder \u00dcberhang-Ausfl\u00fcge auf.<\/li>\n<\/ul>\n","protected":false},"featured_media":21974,"comment_status":"open","ping_status":"closed","template":"","meta":[],"product_brand":[],"product_cat":[496,403,492],"product_tag":[],"class_list":{"0":"post-21965","1":"product","2":"type-product","3":"status-publish","4":"has-post-thumbnail","6":"product_cat-aufhangung","7":"product_cat-hindernisparcours","8":"product_cat-trainingc","10":"first","11":"instock","12":"taxable","13":"shipping-taxable","14":"purchasable","15":"product-type-simple"},"_links":{"self":[{"href":"https:\/\/topholds.com\/de\/wp-json\/wp\/v2\/product\/21965","targetHints":{"allow":["GET"]}}],"collection":[{"href":"https:\/\/topholds.com\/de\/wp-json\/wp\/v2\/product"}],"about":[{"href":"https:\/\/topholds.com\/de\/wp-json\/wp\/v2\/types\/product"}],"replies":[{"embeddable":true,"href":"https:\/\/topholds.com\/de\/wp-json\/wp\/v2\/comments?post=21965"}],"wp:featuredmedia":[{"embeddable":true,"href":"https:\/\/topholds.com\/de\/wp-json\/wp\/v2\/media\/21974"}],"wp:attachment":[{"href":"https:\/\/topholds.com\/de\/wp-json\/wp\/v2\/media?parent=21965"}],"wp:term":[{"taxonomy":"product_brand","embeddable":true,"href":"https:\/\/topholds.com\/de\/wp-json\/wp\/v2\/product_brand?post=21965"},{"taxonomy":"product_cat","embeddable":true,"href":"https:\/\/topholds.com\/de\/wp-json\/wp\/v2\/product_cat?post=21965"},{"taxonomy":"product_tag","embeddable":true,"href":"https:\/\/topholds.com\/de\/wp-json\/wp\/v2\/product_tag?post=21965"}],"curies":[{"name":"wp","href":"https:\/\/api.w.org\/{rel}","templated":true}]}}