{"id":21987,"date":"2025-03-07T16:38:57","date_gmt":"2025-03-07T16:38:57","guid":{"rendered":"https:\/\/topholds.com\/?post_type=product&#038;p=21987"},"modified":"2026-03-06T05:45:28","modified_gmt":"2026-03-06T05:45:28","slug":"low-grips","status":"publish","type":"product","link":"https:\/\/topholds.com\/de\/angebot\/hindernisparcours\/trainingc\/aufhangung\/low-grips\/","title":{"rendered":"Aufh\u00e4ngung f\u00fcr Hindernisparcours Low Grips"},"content":{"rendered":"<p><strong>Low Grips<\/strong> ist ein Element der <strong>Aufh\u00e4ngung f\u00fcr Hindernisparcours<\/strong> und sehr anspruchsvoll entwickelt, um den Pinchgriff zu trainieren.<\/p>\n<p>Der Griff wird von unten nach oben ausgef\u00fchrt, sodass er so nur durch das Gegeneinanderstellen des Daumens gegen\u00fcber den \u00fcbrigen Fingern h\u00e4ngt, die ihren festen Auflagepunkt am oberen Ende des Zylinders haben.<\/p>\n<p>Es ist f\u00fcr statisches Krafttraining an zwei Griffen aufgrund seiner Komplexit\u00e4t vorgesehen, aber wir sind sicher, dass bald Athleten dynamische Schritte und Kombos ausf\u00fchren werden.<\/p>\n<p>Ziel dieses Griffs ist es, zu unseren Kletter- und Hindernisparcours-Trainings eine der komplexesten Griffe hinzuzuf\u00fcgen und weiterhin die Kraft unserer Finger dank der Qualit\u00e4t und Vielseitigkeit unserer Teile zu verbessern.<\/p>\n<p>&nbsp;<\/p>\n<p>Die Farben des Low Grips k\u00f6nnen vom Foto abweichen. Wenn du eine bestimmte Farbe w\u00e4hlen m\u00f6chtest, kontaktiere uns.<\/p>\n<p>Diese vielseitige Aufh\u00e4ngung l\u00e4sst sich leicht an einer Klimmzugstange, im Park oder an einem Ast aufh\u00e4ngen und erm\u00f6glicht \u00fcberall eine Vielzahl von \u00dcbungen.<\/p>\n<p>Es ist <strong>ein au\u00dfergew\u00f6hnlicher Klettergriff, um deine Kraft und Ausdauer beim Klettern zu verbessern<\/strong>, Hindernisparcours-Training, Calisthenics, Ninja-Herausforderungen und Crossfit. Traust du dich, es auszuprobieren?<\/p>\n<p>&nbsp;<\/p>\n","protected":false},"excerpt":{"rendered":"<ul>\n<li>Sehr anspruchsvolle Aufh\u00e4ngung f\u00fcr Hindernisparcours Training, entwickelt zum Training des Pinchgriffs.<\/li>\n<li>Verbessert die Fingerkraft.<\/li>\n<li>Weiche Textur, aber sehr haftend.<\/li>\n<li>Ein brutales Werkzeug f\u00fcr unsere Klettertrainings, Hindernisparcours Training, Calisthenics, Ninja Herausforderungen und Crossfit.<\/li>\n<\/ul>\n","protected":false},"featured_media":22011,"comment_status":"open","ping_status":"closed","template":"","meta":[],"product_brand":[],"product_cat":[496,403,492],"product_tag":[],"class_list":{"0":"post-21987","1":"product","2":"type-product","3":"status-publish","4":"has-post-thumbnail","6":"product_cat-aufhangung","7":"product_cat-hindernisparcours","8":"product_cat-trainingc","10":"first","11":"instock","12":"featured","13":"taxable","14":"shipping-taxable","15":"purchasable","16":"product-type-simple"},"_links":{"self":[{"href":"https:\/\/topholds.com\/de\/wp-json\/wp\/v2\/product\/21987","targetHints":{"allow":["GET"]}}],"collection":[{"href":"https:\/\/topholds.com\/de\/wp-json\/wp\/v2\/product"}],"about":[{"href":"https:\/\/topholds.com\/de\/wp-json\/wp\/v2\/types\/product"}],"replies":[{"embeddable":true,"href":"https:\/\/topholds.com\/de\/wp-json\/wp\/v2\/comments?post=21987"}],"wp:featuredmedia":[{"embeddable":true,"href":"https:\/\/topholds.com\/de\/wp-json\/wp\/v2\/media\/22011"}],"wp:attachment":[{"href":"https:\/\/topholds.com\/de\/wp-json\/wp\/v2\/media?parent=21987"}],"wp:term":[{"taxonomy":"product_brand","embeddable":true,"href":"https:\/\/topholds.com\/de\/wp-json\/wp\/v2\/product_brand?post=21987"},{"taxonomy":"product_cat","embeddable":true,"href":"https:\/\/topholds.com\/de\/wp-json\/wp\/v2\/product_cat?post=21987"},{"taxonomy":"product_tag","embeddable":true,"href":"https:\/\/topholds.com\/de\/wp-json\/wp\/v2\/product_tag?post=21987"}],"curies":[{"name":"wp","href":"https:\/\/api.w.org\/{rel}","templated":true}]}}