{"id":22029,"date":"2025-03-07T18:39:55","date_gmt":"2025-03-07T18:39:55","guid":{"rendered":"https:\/\/topholds.com\/?post_type=product&#038;p=22029"},"modified":"2026-03-06T05:57:16","modified_gmt":"2026-03-06T05:57:16","slug":"climb3","status":"publish","type":"product","link":"https:\/\/topholds.com\/de\/angebot\/hindernisparcours\/trainingc\/aufhangung\/climb3\/","title":{"rendered":"Aufh\u00e4ngung f\u00fcr Hindernisparcours Climb 3"},"content":{"rendered":"<div><strong>OCR Clim 3<\/strong>. Der endg\u00fcltige Griff, der deine Trainingseinheiten grundlegend ver\u00e4ndern wird und dir jede Herausforderung Spa\u00df macht!<\/div>\n<div>Entworfen, um das Beste aus dir herauszuholen, ist dieses neue TopHolds ein Muss, um deine Kraft und Ausdauer auf das n\u00e4chste Niveau zu bringen.<\/div>\n<div>Mit drei Schwierigkeitsstufen, einer oberen und zwei seitlichen, bietet es dir unz\u00e4hlige M\u00f6glichkeiten, es zu \u00fcberwinden. Seine Kippbewegung wird deine Kontrolle auf die Probe stellen und dich dazu zwingen, den Daumen bei langen, dynamischen Bewegungen zu aktivieren.<\/div>\n<div>Es ist nicht nur ein Hindernis, es ist reines Adrenalin und Spa\u00df bei jedem Training.<\/div>\n<div>Dank seiner perfekten Ergonomie und seiner weichen, aber haftenden Textur bietet es dir maximale Sicherheit und Komfort und senkt das Verletzungsrisiko.<\/div>\n<div>Unverzichtbar f\u00fcr <strong>Aufh\u00e4ngung f\u00fcr Hindernisparcours<\/strong>, Klettern und Calisthenics.<\/div>\n<div>Trainiere, \u00fcber dich hinaus und hab so viel Spa\u00df wie noch nie. Beherrsche es und sprenge deine Grenzen!<\/div>\n<div>Die Farben des OCR Climb 3 k\u00f6nnen gegen\u00fcber dem Foto variieren. Wenn du eine bestimmte Farbe ausw\u00e4hlen m\u00f6chtest, kontaktiere uns.<\/div>\n<div>Diese vielseitige Aufh\u00e4ngung l\u00e4sst sich leicht an einer Klimmzugstange, im Park oder an einem Ast aufh\u00e4ngen und erm\u00f6glicht eine Vielzahl von \u00dcbungen \u00fcberall.<\/div>\n<div>Maximiere das Potenzial der <em>Aufh\u00e4ngung f\u00fcr Hindernisparcours <b>OCR Climb 3<\/b><\/em>, indem du sie mit anderen vertikal verbindest, um einzigartige Herausforderungen zu schaffen, die auf deine Bed\u00fcrfnisse zugeschnitten sind. Sein sorgf\u00e4ltig durchdachtes Design erm\u00f6glicht es dir, dein Training optimal zu nutzen, ohne gro\u00dfen Platzbedarf, um Combos jeder L\u00e4nge auszuf\u00fchren.<\/div>\n","protected":false},"excerpt":{"rendered":"<ul>\n<li>Aufh\u00e4ngung f\u00fcr Hindernisparcours mit drei Schwierigkeitsstufen.<\/li>\n<li>Eine perfekte Ergonomie f\u00fcr einen Griff mit einer Hand oder zwei H\u00e4nden.<\/li>\n<li>Eine weiche, aber sehr griffige Textur.<\/li>\n<li>Ein unverzichtbares Werkzeug f\u00fcr unsere Klettertrainings, Hindernisparcours Training, Ninja Herausforderungen und Crossfit.<\/li>\n<\/ul>\n","protected":false},"featured_media":21997,"comment_status":"open","ping_status":"closed","template":"","meta":[],"product_brand":[],"product_cat":[496,403,492],"product_tag":[],"class_list":{"0":"post-22029","1":"product","2":"type-product","3":"status-publish","4":"has-post-thumbnail","6":"product_cat-aufhangung","7":"product_cat-hindernisparcours","8":"product_cat-trainingc","10":"first","11":"instock","12":"featured","13":"taxable","14":"shipping-taxable","15":"purchasable","16":"product-type-simple"},"_links":{"self":[{"href":"https:\/\/topholds.com\/de\/wp-json\/wp\/v2\/product\/22029","targetHints":{"allow":["GET"]}}],"collection":[{"href":"https:\/\/topholds.com\/de\/wp-json\/wp\/v2\/product"}],"about":[{"href":"https:\/\/topholds.com\/de\/wp-json\/wp\/v2\/types\/product"}],"replies":[{"embeddable":true,"href":"https:\/\/topholds.com\/de\/wp-json\/wp\/v2\/comments?post=22029"}],"wp:featuredmedia":[{"embeddable":true,"href":"https:\/\/topholds.com\/de\/wp-json\/wp\/v2\/media\/21997"}],"wp:attachment":[{"href":"https:\/\/topholds.com\/de\/wp-json\/wp\/v2\/media?parent=22029"}],"wp:term":[{"taxonomy":"product_brand","embeddable":true,"href":"https:\/\/topholds.com\/de\/wp-json\/wp\/v2\/product_brand?post=22029"},{"taxonomy":"product_cat","embeddable":true,"href":"https:\/\/topholds.com\/de\/wp-json\/wp\/v2\/product_cat?post=22029"},{"taxonomy":"product_tag","embeddable":true,"href":"https:\/\/topholds.com\/de\/wp-json\/wp\/v2\/product_tag?post=22029"}],"curies":[{"name":"wp","href":"https:\/\/api.w.org\/{rel}","templated":true}]}}