{"id":22070,"date":"2025-03-17T18:33:30","date_gmt":"2025-03-17T18:33:30","guid":{"rendered":"https:\/\/topholds.com\/?post_type=product&#038;p=22070"},"modified":"2026-03-06T02:56:59","modified_gmt":"2026-03-06T02:56:59","slug":"ring-grips","status":"publish","type":"product","link":"https:\/\/topholds.com\/de\/angebot\/hindernisparcours\/trainingc\/aufhangung\/ring-grips\/","title":{"rendered":"Aufh\u00e4ngung f\u00fcr Hindernisparcours Ring Grips"},"content":{"rendered":"<p><strong>Aufh\u00e4ngung f\u00fcr Hindernisparcours Ring Grips<\/strong> Best\u00e4ndigkeit und Vielseitigkeit f\u00fcr die ganze Familie<\/p>\n<p>Optimiere dein Training mit <strong>Ring Grips<\/strong>, die darauf ausgelegt sind, Stabilit\u00e4t, Best\u00e4ndigkeit und eine herausragende Leistung zu bieten. Sie garantieren einen festen und bequemen Griff.<\/p>\n<p>Ideale f\u00fcr Hindernisparcours, Calisthenics, Turnen und funktionelles Training, erm\u00f6glichen eine breite Vielfalt an Bewegungen und st\u00e4rken den Rumpf, R\u00fccken, Arme und Schultern.<\/p>\n<p>Verwende sie als herk\u00f6mmlichen Ring oder um eine Vielzahl von Griffen in TRX oder Fitnessger\u00e4ten zu erm\u00f6glichen und vieles mehr.<\/p>\n<p>Au\u00dferdem ist sein sicheres Design f\u00fcr Kinder geeignet und ideal, f\u00f6rdert die k\u00f6rperliche Aktivit\u00e4t und die Entwicklung von Koordination, Kraft und Selbstvertrauen von jungem Alter an. Perfekt geeignet f\u00fcr Spiel und Kindertraining zu Hause, im Fitnessstudio oder im Freien.<\/p>\n<p>Ihr Design erm\u00f6glicht es, sie einfach an Klimmzugstangen, Parks, \u00c4sten oder anderen Oberfl\u00e4chen aufzuh\u00e4ngen, was dir die M\u00f6glichkeit bietet, eine breite Palette von \u00dcbungen \u00fcberall durchzuf\u00fchren.<\/p>\n<p>Erlebe die perfekte Balance zwischen Training und Spa\u00df mit <strong>Ring Grips<\/strong>, dem Werkzeug, das deine Art zu trainieren revolutioniert.<\/p>\n<p>Die Farben k\u00f6nnten nicht dem Foto entsprechen. Kontaktiere uns, wenn du eine spezielle Farbe w\u00fcnschst.<\/p>\n","protected":false},"excerpt":{"rendered":"<ul>\n<li>Ergonomisches Design f\u00fcr mehr Komfort und Stabilit\u00e4t.<\/li>\n<li>Sehr robust geeignet f\u00fcr Erwachsene und Kinder.<\/li>\n<li>Ideal f\u00fcr Klettern, Hindernisparcours, Calisthenics, Ninja Herausforderungen, CrossFit, Turnen und mehr.<\/li>\n<li>Vielseitigkeit f\u00fcr verschiedene Trainingsniveaus.<\/li>\n<\/ul>\n","protected":false},"featured_media":22091,"comment_status":"open","ping_status":"closed","template":"","meta":[],"product_brand":[],"product_cat":[496,403,492],"product_tag":[],"class_list":{"0":"post-22070","1":"product","2":"type-product","3":"status-publish","4":"has-post-thumbnail","6":"product_cat-aufhangung","7":"product_cat-hindernisparcours","8":"product_cat-trainingc","10":"first","11":"instock","12":"sale","13":"taxable","14":"shipping-taxable","15":"purchasable","16":"product-type-simple"},"_links":{"self":[{"href":"https:\/\/topholds.com\/de\/wp-json\/wp\/v2\/product\/22070","targetHints":{"allow":["GET"]}}],"collection":[{"href":"https:\/\/topholds.com\/de\/wp-json\/wp\/v2\/product"}],"about":[{"href":"https:\/\/topholds.com\/de\/wp-json\/wp\/v2\/types\/product"}],"replies":[{"embeddable":true,"href":"https:\/\/topholds.com\/de\/wp-json\/wp\/v2\/comments?post=22070"}],"wp:featuredmedia":[{"embeddable":true,"href":"https:\/\/topholds.com\/de\/wp-json\/wp\/v2\/media\/22091"}],"wp:attachment":[{"href":"https:\/\/topholds.com\/de\/wp-json\/wp\/v2\/media?parent=22070"}],"wp:term":[{"taxonomy":"product_brand","embeddable":true,"href":"https:\/\/topholds.com\/de\/wp-json\/wp\/v2\/product_brand?post=22070"},{"taxonomy":"product_cat","embeddable":true,"href":"https:\/\/topholds.com\/de\/wp-json\/wp\/v2\/product_cat?post=22070"},{"taxonomy":"product_tag","embeddable":true,"href":"https:\/\/topholds.com\/de\/wp-json\/wp\/v2\/product_tag?post=22070"}],"curies":[{"name":"wp","href":"https:\/\/api.w.org\/{rel}","templated":true}]}}