{"id":22684,"date":"2025-09-05T11:59:51","date_gmt":"2025-09-05T11:59:51","guid":{"rendered":"https:\/\/topholds.com\/?post_type=product&#038;p=22684"},"modified":"2026-03-06T02:28:47","modified_gmt":"2026-03-06T02:28:47","slug":"barrel-grips","status":"publish","type":"product","link":"https:\/\/topholds.com\/de\/angebot\/hindernisparcours\/trainingc\/aufhangung\/barrel-grips\/","title":{"rendered":"Aufh\u00e4ngung f\u00fcr Hindernisparcours Barrelgriffe"},"content":{"rendered":"<p><strong>Barrel Grips ist eine Kombination aus zwei Griffarten f\u00fcr Aufh\u00e4ngungen\/Zugkr\u00e4fte<\/strong>, vielseitig, ausgelegt f\u00fcr eine oder zwei H\u00e4nde.<\/p>\n<p>Die <em>Aufh\u00e4ngungen Barrel Grips<\/em> verf\u00fcgen \u00fcber zwei Schwierigkeitsstufen:<\/p>\n<ol>\n<li>Eine flache Griffposition im oberen Bereich, bei der das Seil zwischen den Fingern bleibt und dich dazu zwingt, die ersten Phalangen der Finger zu trainieren.<\/li>\n<li>Ein ovaler Griff mit einem maximalen Durchmesser von 85 mm. Es handelt sich um einen anspruchsvollen Griff, der darauf ausgelegt ist, die Pinch-Greifkraft zu stimulieren und zu erh\u00f6hen. W\u00e4hle die Herausforderung, die am besten zu dir passt!<\/li>\n<\/ol>\n<p>Mit einer perfekten Ergonomie f\u00fcr die Hand und einer sanften Textur ist dieser Griff ein au\u00dfergew\u00f6hnliches Werkzeug f\u00fcr <strong>Klettergriffe f\u00fcr das Training, Hindernisparcours Training oder Crossfit<\/strong>.<\/p>\n<p>Trotz seiner Robustheit sind diese Griffe leicht und ideal, um sie in deinem Rucksack zu tragen und \u00fcberall zu trainieren.<\/p>\n<p>Ausgestattet mit einer doppelten 6-mm-Kordel bieten sie mehrere Vorteile:<\/p>\n<ul>\n<li>Es st\u00f6rt den Griff nicht.<\/li>\n<li>Sie lassen sich leicht an \u00c4sten, Klimmzugstangen usw. aufh\u00e4ngen, indem man in nur 3 Sekunden einen Schlaufenknoten macht.<\/li>\n<li>Mit einem Karabiner k\u00f6nnen sie sich f\u00fcr Trainings an der Decke oder im \u00dcberhang aufh\u00e4ngen.<\/li>\n<\/ul>\n<p>Es gibt keine Ausreden, deinem t\u00e4glichen Training nicht eine kleine Herausforderung hinzuzuf\u00fcgen.<\/p>\n<p>Beachten Sie, dass die Farben des Produkts m\u00f6glicherweise nicht mit denen des Fotos \u00fcbereinstimmen. Wenn Sie eine bestimmte Farbe w\u00fcnschen, z\u00f6gern Sie nicht, uns zu kontaktieren.<\/p>\n","protected":false},"excerpt":{"rendered":"<ul>\n<li>Vielseitiges Bauteil f\u00fcr Aufh\u00e4ngungen.<\/li>\n<li>Klettergriff f\u00fcr eine oder zwei H\u00e4nde.<\/li>\n<li>Zwei Schwierigkeitsgrade.<\/li>\n<li>Geeignet f\u00fcr Klettertraining, Hindernisparcours Training oder Crossfit.<\/li>\n<li>Am Griff gibt es keine Hindernisse.<\/li>\n<\/ul>\n","protected":false},"featured_media":22707,"comment_status":"open","ping_status":"closed","template":"","meta":[],"product_brand":[],"product_cat":[496,403,492],"product_tag":[],"class_list":{"0":"post-22684","1":"product","2":"type-product","3":"status-publish","4":"has-post-thumbnail","6":"product_cat-aufhangung","7":"product_cat-hindernisparcours","8":"product_cat-trainingc","10":"first","11":"instock","12":"taxable","13":"shipping-taxable","14":"purchasable","15":"product-type-simple"},"_links":{"self":[{"href":"https:\/\/topholds.com\/de\/wp-json\/wp\/v2\/product\/22684","targetHints":{"allow":["GET"]}}],"collection":[{"href":"https:\/\/topholds.com\/de\/wp-json\/wp\/v2\/product"}],"about":[{"href":"https:\/\/topholds.com\/de\/wp-json\/wp\/v2\/types\/product"}],"replies":[{"embeddable":true,"href":"https:\/\/topholds.com\/de\/wp-json\/wp\/v2\/comments?post=22684"}],"wp:featuredmedia":[{"embeddable":true,"href":"https:\/\/topholds.com\/de\/wp-json\/wp\/v2\/media\/22707"}],"wp:attachment":[{"href":"https:\/\/topholds.com\/de\/wp-json\/wp\/v2\/media?parent=22684"}],"wp:term":[{"taxonomy":"product_brand","embeddable":true,"href":"https:\/\/topholds.com\/de\/wp-json\/wp\/v2\/product_brand?post=22684"},{"taxonomy":"product_cat","embeddable":true,"href":"https:\/\/topholds.com\/de\/wp-json\/wp\/v2\/product_cat?post=22684"},{"taxonomy":"product_tag","embeddable":true,"href":"https:\/\/topholds.com\/de\/wp-json\/wp\/v2\/product_tag?post=22684"}],"curies":[{"name":"wp","href":"https:\/\/api.w.org\/{rel}","templated":true}]}}