{"id":22718,"date":"2025-09-05T13:43:05","date_gmt":"2025-09-05T13:43:05","guid":{"rendered":"https:\/\/topholds.com\/?post_type=product&#038;p=22718"},"modified":"2026-01-14T17:34:20","modified_gmt":"2026-01-14T17:34:20","slug":"griffe-fuer-imperial-pegboard","status":"publish","type":"product","link":"https:\/\/topholds.com\/de\/angebot\/hindernisparcours\/peg-boards-hindernisparcours\/griffe-fuer-imperial-pegboard\/","title":{"rendered":"Griffe f\u00fcr Imperial Pegboard"},"content":{"rendered":"<p>Die Imperial-Griffe sind zwei Einheiten Pegboard-Griffe mit einem Ball am Ende, um deine Trainingsm\u00f6glichkeiten mit diesem System zu vervielfachen.<\/p>\n<p>Erlebe die maximale Haltbarkeit mit unseren <strong>speziell f\u00fcr Pegboard und Volcano Balls System entwickelten Griffe<\/strong>. Vergiss die \u00fcblichen Br\u00fcche bei herk\u00f6mmlichen Kiefernholzgriffen und genie\u00dfe ein unterbrechungsfreies Training.<\/p>\n<p>Diese \u00e4u\u00dferst langlebigen Griffe sind aus <strong>hochwertigen Materialien<\/strong> gefertigt, was sie zur perfekten Wahl f\u00fcr dein intensives Training macht.<\/p>\n<p>2 Einheiten.<\/p>\n","protected":false},"excerpt":{"rendered":"<ul>\n<li>2 Griffe mit Ball f\u00fcr das {Pack Pegboard} Training.<\/li>\n<li>Hergestellt aus ultra widerstandsf\u00e4higem Holz f\u00fcr eine l\u00e4ngere Lebensdauer<\/li>\n<li>Entworfen, um intensive Trainingseinheiten zu bew\u00e4ltigen<\/li>\n<li>Maximale Griffigkeit, ohne unsere H\u00e4nde zu besch\u00e4digen<\/li>\n<\/ul>\n<p>&nbsp;<\/p>\n","protected":false},"featured_media":22728,"comment_status":"open","ping_status":"closed","template":"","meta":[],"product_brand":[],"product_cat":[403,494],"product_tag":[],"class_list":{"0":"post-22718","1":"product","2":"type-product","3":"status-publish","4":"has-post-thumbnail","6":"product_cat-hindernisparcours","7":"product_cat-peg-boards-hindernisparcours","9":"first","10":"instock","11":"taxable","12":"shipping-taxable","13":"purchasable","14":"product-type-simple"},"_links":{"self":[{"href":"https:\/\/topholds.com\/de\/wp-json\/wp\/v2\/product\/22718","targetHints":{"allow":["GET"]}}],"collection":[{"href":"https:\/\/topholds.com\/de\/wp-json\/wp\/v2\/product"}],"about":[{"href":"https:\/\/topholds.com\/de\/wp-json\/wp\/v2\/types\/product"}],"replies":[{"embeddable":true,"href":"https:\/\/topholds.com\/de\/wp-json\/wp\/v2\/comments?post=22718"}],"wp:featuredmedia":[{"embeddable":true,"href":"https:\/\/topholds.com\/de\/wp-json\/wp\/v2\/media\/22728"}],"wp:attachment":[{"href":"https:\/\/topholds.com\/de\/wp-json\/wp\/v2\/media?parent=22718"}],"wp:term":[{"taxonomy":"product_brand","embeddable":true,"href":"https:\/\/topholds.com\/de\/wp-json\/wp\/v2\/product_brand?post=22718"},{"taxonomy":"product_cat","embeddable":true,"href":"https:\/\/topholds.com\/de\/wp-json\/wp\/v2\/product_cat?post=22718"},{"taxonomy":"product_tag","embeddable":true,"href":"https:\/\/topholds.com\/de\/wp-json\/wp\/v2\/product_tag?post=22718"}],"curies":[{"name":"wp","href":"https:\/\/api.w.org\/{rel}","templated":true}]}}