{"id":22733,"date":"2025-09-05T14:26:18","date_gmt":"2025-09-05T14:26:18","guid":{"rendered":"https:\/\/topholds.com\/?post_type=product&#038;p=22733"},"modified":"2026-03-06T05:32:53","modified_gmt":"2026-03-06T05:32:53","slug":"suspension-ocr-cannonball","status":"publish","type":"product","link":"https:\/\/topholds.com\/de\/angebot\/hindernisparcours\/trainingc\/aufhangung\/suspension-ocr-cannonball\/","title":{"rendered":"Aufh\u00e4ngung f\u00fcr Hindernisparcours Cannonball"},"content":{"rendered":"<p style=\"text-align: left\">Steigere dein Training mit Cannonball, das darauf ausgelegt ist, Kraft, Ausdauer und Koordination zu verbessern.<\/p>\n<p style=\"text-align: left\">Die Anwendung ist einfach: Lasse die Seile zwischen deinen Fingern und schlie\u00dfe die Faust, sodass die beiden B\u00e4lle dich in der Luft halten.<\/p>\n<p>Diese Art Training entwickelt nicht nur Kraft, sondern auch Geschicklichkeit und K\u00f6rperkontrolle und wird zu einer anspruchsvollen und unterhaltsamen \u00dcbung.<\/p>\n<ul>\n<li>Ausgelegt f\u00fcr Aufh\u00e4ngungen und Zugkr\u00e4fte.<\/li>\n<li>Es bietet einen optimalen Griff dank seiner sanften, aber sehr haftenden Textur.<\/li>\n<li>Es ist praktisch und in jede aufgeh\u00e4ngte Trainingsumgebung einsetzbar.<\/li>\n<li>Beachten Sie, dass sich die Farben von dem gezeigten Bild unterscheiden k\u00f6nnen. Wenn Sie eine spezielle Farbe w\u00fcnschen, z\u00f6gern Sie nicht, uns zu kontaktieren.<\/li>\n<\/ul>\n","protected":false},"excerpt":{"rendered":"<ul>\n<li>Verbessert Griffkraft und Griffausdauer.<\/li>\n<li>Steigert Koordination und K\u00f6rperkontrolle.<\/li>\n<li>Es ist praktisch und in jeder Trainingsumgebung einsetzbar.<\/li>\n<li>Kompakt, leicht und einfach zu transportieren.<\/li>\n<li>Ideal f\u00fcr Aufh\u00e4ngung f\u00fcr Hindernisparcours, Hindernisparcours Training, Klettern, Calisthenics und Crossfit.<\/li>\n<\/ul>\n","protected":false},"featured_media":22700,"comment_status":"open","ping_status":"closed","template":"","meta":[],"product_brand":[],"product_cat":[496,403,492],"product_tag":[],"class_list":{"0":"post-22733","1":"product","2":"type-product","3":"status-publish","4":"has-post-thumbnail","6":"product_cat-aufhangung","7":"product_cat-hindernisparcours","8":"product_cat-trainingc","10":"first","11":"instock","12":"taxable","13":"shipping-taxable","14":"purchasable","15":"product-type-simple"},"_links":{"self":[{"href":"https:\/\/topholds.com\/de\/wp-json\/wp\/v2\/product\/22733","targetHints":{"allow":["GET"]}}],"collection":[{"href":"https:\/\/topholds.com\/de\/wp-json\/wp\/v2\/product"}],"about":[{"href":"https:\/\/topholds.com\/de\/wp-json\/wp\/v2\/types\/product"}],"replies":[{"embeddable":true,"href":"https:\/\/topholds.com\/de\/wp-json\/wp\/v2\/comments?post=22733"}],"wp:featuredmedia":[{"embeddable":true,"href":"https:\/\/topholds.com\/de\/wp-json\/wp\/v2\/media\/22700"}],"wp:attachment":[{"href":"https:\/\/topholds.com\/de\/wp-json\/wp\/v2\/media?parent=22733"}],"wp:term":[{"taxonomy":"product_brand","embeddable":true,"href":"https:\/\/topholds.com\/de\/wp-json\/wp\/v2\/product_brand?post=22733"},{"taxonomy":"product_cat","embeddable":true,"href":"https:\/\/topholds.com\/de\/wp-json\/wp\/v2\/product_cat?post=22733"},{"taxonomy":"product_tag","embeddable":true,"href":"https:\/\/topholds.com\/de\/wp-json\/wp\/v2\/product_tag?post=22733"}],"curies":[{"name":"wp","href":"https:\/\/api.w.org\/{rel}","templated":true}]}}