{"id":22871,"date":"2025-09-06T09:35:23","date_gmt":"2025-09-06T09:35:23","guid":{"rendered":"https:\/\/topholds.com\/oferta\/unkategorisiert\/materialpakete-fuer-kletterwaende-zinia-10\/"},"modified":"2025-09-18T03:02:05","modified_gmt":"2025-09-18T03:02:05","slug":"materialpakete-fuer-kletterwaende-zinia-10","status":"publish","type":"product","link":"https:\/\/topholds.com\/de\/angebot\/klettergriffe\/kinder\/materialpakete-fuer-kletterwaende-zinia-10\/","title":{"rendered":"Materialpakete f\u00fcr Kletterw\u00e4nde Zinia 10"},"content":{"rendered":"<p><strong>Zinia 10 ist ein Paket mit 10 Klettergriffen<\/strong> mit einer weichen Sandsteinstruktur, die entwickelt wurden, um sowohl die Bed\u00fcrfnisse von Kindern als auch von Anf\u00e4ngern im Klettern zu erf\u00fcllen.<\/p>\n<p>Diese Griffe verf\u00fcgen \u00fcber Schalenh\u00e4nde, <strong>ideal f\u00fcr Klettereinsteiger<\/strong>. Wenn Sie sie jedoch umdrehen, finden Sie herausfordernde Abbr\u00fcche und Leisten mit unterschiedlich hohen Kanten, perfekt f\u00fcr erfahrenere Kletterer.<\/p>\n<p>Zinia 10 ist ein vielseitiges Set, <strong>geeignet f\u00fcr jede Art von \u00dcberhang<\/strong>, und passt sich einer breiten Palette von F\u00e4higkeiten und Vorlieben an.<\/p>\n<p>F\u00fcr eine sichere und langlebige Montage wird empfohlen, <strong>Inbusschrauben M10x40 (bevorzugt) oder M8x40<\/strong> zu verwenden. Au\u00dferdem ist jeder Griff mit einem <strong>Loch f\u00fcr anti-rotierende Schrauben<\/strong> versehen, was eine h\u00f6here Stabilit\u00e4t gew\u00e4hrleistet und unerw\u00fcnschte Bewegungen w\u00e4hrend der Benutzung verhindert.<\/p>\n<p>Bitte beachten Sie, dass die Farben des Produkts im Vergleich zum Bild variieren k\u00f6nnen. Wenn Sie eine bestimmte Farbe w\u00fcnschen, z\u00f6gern Sie nicht, uns zu kontaktieren.<\/p>\n","protected":false},"excerpt":{"rendered":"<ul>\n<li>Zinia 10 ist ein Pack mit 10 Klettergriffen.<\/li>\n<li>Sanfte Sandsteinstruktur.<\/li>\n<li>Sehr gute Griffm\u00f6glichkeiten im Beckenbereich und breite Fu\u00dfst\u00fctzen.<\/li>\n<li>Ideal f\u00fcr Kinder oder Anf\u00e4nger.<\/li>\n<li>Alle mit Loch f\u00fcr Anti-Dreh-Schraube.<\/li>\n<\/ul>\n","protected":false},"featured_media":22745,"comment_status":"open","ping_status":"closed","template":"","meta":[],"product_brand":[],"product_cat":[418,457],"product_tag":[],"class_list":{"0":"post-22871","1":"product","2":"type-product","3":"status-publish","4":"has-post-thumbnail","6":"product_cat-klettergriffe","7":"product_cat-kinder","9":"first","10":"instock","11":"taxable","12":"shipping-taxable","13":"purchasable","14":"product-type-simple"},"_links":{"self":[{"href":"https:\/\/topholds.com\/de\/wp-json\/wp\/v2\/product\/22871","targetHints":{"allow":["GET"]}}],"collection":[{"href":"https:\/\/topholds.com\/de\/wp-json\/wp\/v2\/product"}],"about":[{"href":"https:\/\/topholds.com\/de\/wp-json\/wp\/v2\/types\/product"}],"replies":[{"embeddable":true,"href":"https:\/\/topholds.com\/de\/wp-json\/wp\/v2\/comments?post=22871"}],"wp:featuredmedia":[{"embeddable":true,"href":"https:\/\/topholds.com\/de\/wp-json\/wp\/v2\/media\/22745"}],"wp:attachment":[{"href":"https:\/\/topholds.com\/de\/wp-json\/wp\/v2\/media?parent=22871"}],"wp:term":[{"taxonomy":"product_brand","embeddable":true,"href":"https:\/\/topholds.com\/de\/wp-json\/wp\/v2\/product_brand?post=22871"},{"taxonomy":"product_cat","embeddable":true,"href":"https:\/\/topholds.com\/de\/wp-json\/wp\/v2\/product_cat?post=22871"},{"taxonomy":"product_tag","embeddable":true,"href":"https:\/\/topholds.com\/de\/wp-json\/wp\/v2\/product_tag?post=22871"}],"curies":[{"name":"wp","href":"https:\/\/api.w.org\/{rel}","templated":true}]}}