{"id":22876,"date":"2025-09-18T03:02:58","date_gmt":"2025-09-18T03:02:58","guid":{"rendered":"https:\/\/topholds.com\/oferta\/non class\u00e9\/pack-prises-descalade-argus-8\/"},"modified":"2025-09-18T03:02:58","modified_gmt":"2025-09-18T03:02:58","slug":"pack-prises-descalade-argus-8","status":"publish","type":"product","link":"https:\/\/topholds.com\/de\/angebot\/unkategorisiert\/pack-prises-descalade-argus-8\/","title":{"rendered":"Pack Prises d&#8217;escalade Argus 8"},"content":{"rendered":"<p><strong>Argus 8 est un pack de 8 prises d&#8217;escalade<\/strong> avec une texture exceptionnellement gr\u00e9s\u00e9e qui \u00e9voque l&#8217;exp\u00e9rience de l&#8217;escalade en falaise naturelle. Ces prises ergonomiques et confortables offrent un excellent niveau d&#8217;adh\u00e9rence et de confort pour vos mains.<\/p>\n<p>Pour garantir une installation appropri\u00e9e et s\u00e9curis\u00e9e, nous recommandons l&#8217;utilisation de <strong>vis M10x40; toutefois, il est \u00e9galement possible d&#8217;utiliser des vis M8x40<\/strong> si vous pr\u00e9f\u00e9rez.<\/p>\n<p>Notez que les couleurs du produit peuvent varier par rapport \u00e0 l&#8217;image affich\u00e9e. Si vous souhaitez une couleur sp\u00e9cifique, n&#8217;h\u00e9sitez pas \u00e0 nous contacter.<\/p>\n","protected":false},"excerpt":{"rendered":"<ul>\n<li>Argus 8 est un lot de 8 prises d&#8217;escalade.<\/li>\n<li>Texture sandstone.<\/li>\n<li>Prises tr\u00e8s confortables.<\/li>\n<\/ul>\n","protected":false},"featured_media":0,"comment_status":"open","ping_status":"closed","template":"","meta":[],"product_brand":[],"product_cat":[],"product_tag":[],"class_list":{"0":"post-22876","1":"product","2":"type-product","3":"status-publish","6":"first","7":"instock","8":"taxable","9":"shipping-taxable","10":"purchasable","11":"product-type-simple"},"_links":{"self":[{"href":"https:\/\/topholds.com\/de\/wp-json\/wp\/v2\/product\/22876","targetHints":{"allow":["GET"]}}],"collection":[{"href":"https:\/\/topholds.com\/de\/wp-json\/wp\/v2\/product"}],"about":[{"href":"https:\/\/topholds.com\/de\/wp-json\/wp\/v2\/types\/product"}],"replies":[{"embeddable":true,"href":"https:\/\/topholds.com\/de\/wp-json\/wp\/v2\/comments?post=22876"}],"wp:attachment":[{"href":"https:\/\/topholds.com\/de\/wp-json\/wp\/v2\/media?parent=22876"}],"wp:term":[{"taxonomy":"product_brand","embeddable":true,"href":"https:\/\/topholds.com\/de\/wp-json\/wp\/v2\/product_brand?post=22876"},{"taxonomy":"product_cat","embeddable":true,"href":"https:\/\/topholds.com\/de\/wp-json\/wp\/v2\/product_cat?post=22876"},{"taxonomy":"product_tag","embeddable":true,"href":"https:\/\/topholds.com\/de\/wp-json\/wp\/v2\/product_tag?post=22876"}],"curies":[{"name":"wp","href":"https:\/\/api.w.org\/{rel}","templated":true}]}}