{"id":22878,"date":"2025-09-06T09:03:24","date_gmt":"2025-09-06T09:03:24","guid":{"rendered":"https:\/\/topholds.com\/oferta\/unkategorisiert\/klettergriffe-paket-argus-8\/"},"modified":"2025-09-18T03:03:04","modified_gmt":"2025-09-18T03:03:04","slug":"klettergriffe-paket-argus-8","status":"publish","type":"product","link":"https:\/\/topholds.com\/de\/angebot\/klettergriffe\/kinder\/klettergriffe-paket-argus-8\/","title":{"rendered":"Klettergriffe Paket Argus 8"},"content":{"rendered":"<p><strong>Argus 8 ist ein Pack mit 8 Klettergriffen<\/strong> mit einer au\u00dfergew\u00f6hnlichen Sandsteinstruktur, die das Klettererlebnis an nat\u00fcrlichem Fels nachahmt. Diese ergonomischen und bequemen Griffe bieten eine hervorragende Haftung und Komfort f\u00fcr deine H\u00e4nde.<\/p>\n<p>Um eine ordnungsgem\u00e4\u00dfe und sichere Installation zu gew\u00e4hrleisten, empfehlen wir die Verwendung von <strong>Inbusschrauben M10x40; alternativ k\u00f6nnen auch Innensechskantschrauben M8x40 verwendet werden<\/strong>.<\/p>\n<p>Bitte beachte, dass die Farben des Produkts von dem auf dem Bild gezeigten abweichen k\u00f6nnen. Wenn du eine bestimmte Farbe w\u00fcnschst, z\u00f6gere nicht, uns zu kontaktieren.<\/p>\n","protected":false},"excerpt":{"rendered":"<ul>\n<li>Argus 8 ist ein Satz von 8 Klettergriffen.<\/li>\n<li>Sandstein-Textur.<\/li>\n<li>Sehr bequeme Griffe.<\/li>\n<\/ul>\n","protected":false},"featured_media":22780,"comment_status":"open","ping_status":"closed","template":"","meta":[],"product_brand":[],"product_cat":[418,457],"product_tag":[],"class_list":{"0":"post-22878","1":"product","2":"type-product","3":"status-publish","4":"has-post-thumbnail","6":"product_cat-klettergriffe","7":"product_cat-kinder","9":"first","10":"instock","11":"taxable","12":"shipping-taxable","13":"purchasable","14":"product-type-simple"},"_links":{"self":[{"href":"https:\/\/topholds.com\/de\/wp-json\/wp\/v2\/product\/22878","targetHints":{"allow":["GET"]}}],"collection":[{"href":"https:\/\/topholds.com\/de\/wp-json\/wp\/v2\/product"}],"about":[{"href":"https:\/\/topholds.com\/de\/wp-json\/wp\/v2\/types\/product"}],"replies":[{"embeddable":true,"href":"https:\/\/topholds.com\/de\/wp-json\/wp\/v2\/comments?post=22878"}],"wp:featuredmedia":[{"embeddable":true,"href":"https:\/\/topholds.com\/de\/wp-json\/wp\/v2\/media\/22780"}],"wp:attachment":[{"href":"https:\/\/topholds.com\/de\/wp-json\/wp\/v2\/media?parent=22878"}],"wp:term":[{"taxonomy":"product_brand","embeddable":true,"href":"https:\/\/topholds.com\/de\/wp-json\/wp\/v2\/product_brand?post=22878"},{"taxonomy":"product_cat","embeddable":true,"href":"https:\/\/topholds.com\/de\/wp-json\/wp\/v2\/product_cat?post=22878"},{"taxonomy":"product_tag","embeddable":true,"href":"https:\/\/topholds.com\/de\/wp-json\/wp\/v2\/product_tag?post=22878"}],"curies":[{"name":"wp","href":"https:\/\/api.w.org\/{rel}","templated":true}]}}