{"id":22887,"date":"2025-09-06T08:51:32","date_gmt":"2025-09-06T08:51:32","guid":{"rendered":"https:\/\/topholds.com\/oferta\/unkategorisiert\/materialpakete-fuer-kletterwaende-minta-xl4\/"},"modified":"2025-09-18T03:03:44","modified_gmt":"2025-09-18T03:03:44","slug":"materialpakete-fuer-kletterwaende-minta-xl4","status":"publish","type":"product","link":"https:\/\/topholds.com\/de\/angebot\/klettergriffe\/materialpakete-fuer-kletterwaende-minta-xl4\/","title":{"rendered":"Materialpakete f\u00fcr Kletterw\u00e4nde Minta XL4"},"content":{"rendered":"<p><strong>Minta XL4 ist ein Paket mit 4 Klettergriffen<\/strong> mit Sandsteintextur, das sich durch seine Vielseitigkeit und die F\u00e4higkeit, mehrere Griffe zu bieten, auszeichnet.<\/p>\n<p>Durch das Drehen dieser Griffe kannst du <strong>verschiedene Griffe im Umfang erzielen<\/strong>, was es erm\u00f6glicht, sie an unterschiedliche Schwierigkeitsgrade und Herausforderungen anzupassen.<\/p>\n<p>Um eine feste und langlebige Installation zu gew\u00e4hrleisten, wird empfohlen <strong>Innensechskantschrauben M10x40 oder M8x40 zu verwenden<\/strong>.<\/p>\n<p>Jeder <em>Griff aus dem Minta-Lager<\/em> verf\u00fcgt \u00fcber ein <strong>zus\u00e4tzliches Loch f\u00fcr Anti-Rotations-Befestigungen<\/strong>, was f\u00fcr mehr Stabilit\u00e4t und Sicherheit w\u00e4hrend der Nutzung sorgt.<\/p>\n<p>Bitte beachte, dass die Farben des Produkts vom gezeigten Bild abweichen k\u00f6nnen. Wenn du eine bestimmte Farbe w\u00fcnschst, z\u00f6gere nicht, uns zu kontaktieren.<\/p>\n","protected":false},"excerpt":{"rendered":"<ul>\n<li>Minta XL4 ist eine Kollektion von 4 Klettergriffen.<\/li>\n<li>Sandstein-Textur.<\/li>\n<li>Sehr vielseitige Klettergriffe, durch Drehen erhalten wir unterschiedliche Griffe.<\/li>\n<li>Alle mit Loch f\u00fcr Innensechskantschraube gegen Verdrehen.<\/li>\n<\/ul>\n","protected":false},"featured_media":22808,"comment_status":"open","ping_status":"closed","template":"","meta":[],"product_brand":[],"product_cat":[418],"product_tag":[],"class_list":{"0":"post-22887","1":"product","2":"type-product","3":"status-publish","4":"has-post-thumbnail","6":"product_cat-klettergriffe","8":"first","9":"instock","10":"taxable","11":"shipping-taxable","12":"purchasable","13":"product-type-simple"},"_links":{"self":[{"href":"https:\/\/topholds.com\/de\/wp-json\/wp\/v2\/product\/22887","targetHints":{"allow":["GET"]}}],"collection":[{"href":"https:\/\/topholds.com\/de\/wp-json\/wp\/v2\/product"}],"about":[{"href":"https:\/\/topholds.com\/de\/wp-json\/wp\/v2\/types\/product"}],"replies":[{"embeddable":true,"href":"https:\/\/topholds.com\/de\/wp-json\/wp\/v2\/comments?post=22887"}],"wp:featuredmedia":[{"embeddable":true,"href":"https:\/\/topholds.com\/de\/wp-json\/wp\/v2\/media\/22808"}],"wp:attachment":[{"href":"https:\/\/topholds.com\/de\/wp-json\/wp\/v2\/media?parent=22887"}],"wp:term":[{"taxonomy":"product_brand","embeddable":true,"href":"https:\/\/topholds.com\/de\/wp-json\/wp\/v2\/product_brand?post=22887"},{"taxonomy":"product_cat","embeddable":true,"href":"https:\/\/topholds.com\/de\/wp-json\/wp\/v2\/product_cat?post=22887"},{"taxonomy":"product_tag","embeddable":true,"href":"https:\/\/topholds.com\/de\/wp-json\/wp\/v2\/product_tag?post=22887"}],"curies":[{"name":"wp","href":"https:\/\/api.w.org\/{rel}","templated":true}]}}