{"id":22909,"date":"2025-05-28T17:57:36","date_gmt":"2025-05-28T17:57:36","guid":{"rendered":"https:\/\/topholds.com\/oferta\/unkategorisiert\/hindernisparcours-aufhaengung-low-grips-2\/"},"modified":"2026-01-01T14:41:39","modified_gmt":"2026-01-01T14:41:39","slug":"hindernisparcours-aufhaengung-low-grips-2","status":"publish","type":"product","link":"https:\/\/topholds.com\/de\/angebot\/hindernisparcours\/trainingc\/aufhangung\/hindernisparcours-aufhaengung-low-grips-2\/","title":{"rendered":"Hindernisparcours Aufh\u00e4ngung Low Grips 2"},"content":{"rendered":"<p><strong>Low Grips<\/strong> <strong>2<\/strong> ist ein vielseitiges <strong>Aufh\u00e4ngung OCR<\/strong>-Element aufgrund der Vielzahl von Klettergriffen; ein sehr anspruchsvoller tiefer Griff, ein mittlerer an den Seiten und ein sehr einfacher oben.<\/p>\n<p>Es ist zum Training der Pinzettenpressen konzipiert.<\/p>\n<p>Der tiefe Griff wird von unten nach oben ausgef\u00fchrt, wobei er nur durch die Opposition des Daumens zum Rest der Finger gehalten wird.<\/p>\n<p>Es ist f\u00fcr das Krafttraining im statischen Zustand an zwei Griffen gedacht, aufgrund seiner Komplexit\u00e4t, aber die anderen Griffe erm\u00f6glichen dynamische Schritte und Kombinationen.<\/p>\n<p>Ziel dieses Griffs ist es, unser Kletter- und OCR-Training um eine der komplexesten Pinzetten zu bereichern und weiterhin die Kraft unserer Finger durch die Qualit\u00e4t und Vielseitigkeit unserer Teile zu verbessern.<\/p>\n<p>Die Farben der Low Grips k\u00f6nnen vom Bild abweichen. Wenn Sie eine bestimmte Farbe w\u00e4hlen m\u00f6chten, kontaktieren Sie uns.<\/p>\n<p>Dieses vielseitige Aufh\u00e4ngung l\u00e4sst sich einfach an einer Klimmzugstange, im Park oder an einem Ast aufh\u00e4ngen und erm\u00f6glicht eine Vielzahl von \u00dcbungen \u00fcberall.<\/p>\n<p>Es ist <strong>ein au\u00dfergew\u00f6hnlicher Griff, um deine Kraft und Ausdauer beim Klettern<\/strong>, OCR, Calisthenics, Ninja-Herausforderungen und Crossfit zu verbessern. <strong>Traust du dich, es auszuprobieren?<\/strong><\/p>\n","protected":false},"excerpt":{"rendered":"<ul>\n<li>Sehr vielseitige Aufh\u00e4ngung, konzipiert f\u00fcr das Training der Zangengriffe.<\/li>\n<li>Verbessert die Kraft der Finger.<\/li>\n<li>Sanfte Textur, aber sehr haftend.<\/li>\n<li>Ein beeindruckendes Werkzeug f\u00fcr unser Kletter-, OCR-, Calisthenics-, Ninja- und Crossfit-Training.<\/li>\n<\/ul>\n","protected":false},"featured_media":22386,"comment_status":"open","ping_status":"closed","template":"","meta":[],"product_brand":[],"product_cat":[496,403,492],"product_tag":[],"class_list":{"0":"post-22909","1":"product","2":"type-product","3":"status-publish","4":"has-post-thumbnail","6":"product_cat-aufhangung","7":"product_cat-hindernisparcours","8":"product_cat-trainingc","10":"first","11":"instock","12":"taxable","13":"shipping-taxable","14":"purchasable","15":"product-type-simple"},"_links":{"self":[{"href":"https:\/\/topholds.com\/de\/wp-json\/wp\/v2\/product\/22909","targetHints":{"allow":["GET"]}}],"collection":[{"href":"https:\/\/topholds.com\/de\/wp-json\/wp\/v2\/product"}],"about":[{"href":"https:\/\/topholds.com\/de\/wp-json\/wp\/v2\/types\/product"}],"replies":[{"embeddable":true,"href":"https:\/\/topholds.com\/de\/wp-json\/wp\/v2\/comments?post=22909"}],"wp:featuredmedia":[{"embeddable":true,"href":"https:\/\/topholds.com\/de\/wp-json\/wp\/v2\/media\/22386"}],"wp:attachment":[{"href":"https:\/\/topholds.com\/de\/wp-json\/wp\/v2\/media?parent=22909"}],"wp:term":[{"taxonomy":"product_brand","embeddable":true,"href":"https:\/\/topholds.com\/de\/wp-json\/wp\/v2\/product_brand?post=22909"},{"taxonomy":"product_cat","embeddable":true,"href":"https:\/\/topholds.com\/de\/wp-json\/wp\/v2\/product_cat?post=22909"},{"taxonomy":"product_tag","embeddable":true,"href":"https:\/\/topholds.com\/de\/wp-json\/wp\/v2\/product_tag?post=22909"}],"curies":[{"name":"wp","href":"https:\/\/api.w.org\/{rel}","templated":true}]}}