{"id":22915,"date":"2025-06-05T11:44:27","date_gmt":"2025-06-05T11:44:27","guid":{"rendered":"https:\/\/topholds.com\/oferta\/unkategorisiert\/aufhaengung-fuer-hindernisparcours-danger-extreme\/"},"modified":"2025-09-18T03:07:06","modified_gmt":"2025-09-18T03:07:06","slug":"aufhaengung-fuer-hindernisparcours-danger-extreme","status":"publish","type":"product","link":"https:\/\/topholds.com\/de\/angebot\/hindernisparcours\/trainingc\/aufhangung\/aufhaengung-fuer-hindernisparcours-danger-extreme\/","title":{"rendered":"Hindernisparcours-Aufh\u00e4ngung Danger Extreme"},"content":{"rendered":"<div><strong>Danger Extreme <\/strong>. Der neue Griff, der dein Training revolutioniert und jeden Herausforderung zum Vergn\u00fcgen macht!<\/div>\n<div>Entwickelt, um das Beste aus dir herauszuholen, ist dieses neue TopHolds ein Muss, um deine Kraft und Ausdauer auf die n\u00e4chste Stufe zu heben.<\/div>\n<div>Dank seiner perfekten Ergonomie und seiner glatten, aber haftenden Textur bietet es maximale Sicherheit und Komfort, wodurch das Verletzungsrisiko reduziert wird.<\/div>\n<div><\/div>\n<div>Gerundeter Griff, eine Zwischenstufe zwischen Kletterleiste und Schale.<\/div>\n<div><\/div>\n<div>Es ist nicht nur ein Hindernis, sondern pure Adrenalin und Spa\u00df bei jedem Training.<\/div>\n<div><\/div>\n<div>Unverzichtbar f\u00fcr <strong>OCR-Suspension<\/strong>, Klettern und Calisthenics.<\/div>\n<div>Trainiere, \u00fcbertriff dich selbst und habe noch nie so viel Spa\u00df.\u00a0 Beherrsche es und sprenge deine Grenzen!<\/div>\n<p>Die Farben des <strong>Danger Extreme<\/strong> k\u00f6nnen von dem Foto abweichen. Wenn du eine bestimmte Farbe w\u00e4hlen m\u00f6chtest, kontaktiere uns.<\/p>\n<p>Diese vielseitige Suspension l\u00e4sst sich einfach an einer Klimmzugstange, im Park oder an einem Ast aufh\u00e4ngen und erm\u00f6glicht eine Vielzahl von \u00dcbungen an jedem Ort.<\/p>\n<p>Maximiere das Potenzial der <em> <strong>Danger Extreme<\/strong><\/em>-Suspension, indem du sie mit anderen vertikal verbindest, um einzigartige Herausforderungen zu schaffen, die auf deine Bed\u00fcrfnisse abgestimmt sind. Ihr sorgf\u00e4ltig durchdachtes Design erm\u00f6glicht es dir, dein Training optimal zu nutzen, ohne viel Platz f\u00fcr beliebig lange Kombinationen zu ben\u00f6tigen.<\/p>\n","protected":false},"excerpt":{"rendered":"<ul>\n<li>Aufh\u00e4ngung mit rundem Griff, zwischen Riegel und Schale.<\/li>\n<li>Eine perfekte Ergonomie, die Verletzungen vermeidet und deine Kraft erh\u00f6ht.<\/li>\n<li>Sanfte, aber sehr haftende Textur.<\/li>\n<li>Ein unverzichtbares Werkzeug f\u00fcr unser Training im Klettern, Hindernisparcours, Ninja-Herausforderungen und Crossfit.<\/li>\n<\/ul>\n","protected":false},"featured_media":22413,"comment_status":"open","ping_status":"closed","template":"","meta":[],"product_brand":[],"product_cat":[496,403,492],"product_tag":[],"class_list":{"0":"post-22915","1":"product","2":"type-product","3":"status-publish","4":"has-post-thumbnail","6":"product_cat-aufhangung","7":"product_cat-hindernisparcours","8":"product_cat-trainingc","10":"first","11":"instock","12":"sale","13":"taxable","14":"shipping-taxable","15":"purchasable","16":"product-type-simple"},"_links":{"self":[{"href":"https:\/\/topholds.com\/de\/wp-json\/wp\/v2\/product\/22915","targetHints":{"allow":["GET"]}}],"collection":[{"href":"https:\/\/topholds.com\/de\/wp-json\/wp\/v2\/product"}],"about":[{"href":"https:\/\/topholds.com\/de\/wp-json\/wp\/v2\/types\/product"}],"replies":[{"embeddable":true,"href":"https:\/\/topholds.com\/de\/wp-json\/wp\/v2\/comments?post=22915"}],"wp:featuredmedia":[{"embeddable":true,"href":"https:\/\/topholds.com\/de\/wp-json\/wp\/v2\/media\/22413"}],"wp:attachment":[{"href":"https:\/\/topholds.com\/de\/wp-json\/wp\/v2\/media?parent=22915"}],"wp:term":[{"taxonomy":"product_brand","embeddable":true,"href":"https:\/\/topholds.com\/de\/wp-json\/wp\/v2\/product_brand?post=22915"},{"taxonomy":"product_cat","embeddable":true,"href":"https:\/\/topholds.com\/de\/wp-json\/wp\/v2\/product_cat?post=22915"},{"taxonomy":"product_tag","embeddable":true,"href":"https:\/\/topholds.com\/de\/wp-json\/wp\/v2\/product_tag?post=22915"}],"curies":[{"name":"wp","href":"https:\/\/api.w.org\/{rel}","templated":true}]}}