{"id":22920,"date":"2024-06-25T17:30:00","date_gmt":"2024-06-25T17:30:00","guid":{"rendered":"https:\/\/topholds.com\/oferta\/unkategorisiert\/aufhaengung-pirate-grips\/"},"modified":"2025-09-18T03:13:12","modified_gmt":"2025-09-18T03:13:12","slug":"aufhaengung-pirate-grips","status":"publish","type":"product","link":"https:\/\/topholds.com\/de\/angebot\/hindernisparcours\/trainingc\/aufhangung\/aufhaengung-pirate-grips\/","title":{"rendered":"Aufh\u00e4ngung Pirate Grips"},"content":{"rendered":"<p><strong>Pirate Grips ist ein Griffst\u00fcck<\/strong> f\u00fcr Aufh\u00e4ngungen und Zug\u00fcbungen, das dir zum Schwitzen und gleichzeitig zum Spa\u00df machen wird. Mit ihnen kannst du Kraft, Ausdauer und Koordination abwechslungsreich und unterhaltsam trainieren.<\/p>\n<p>Du kannst sie mit einer Hand von oben oder mit beiden H\u00e4nden an den Seiten greifen, je nach Schwierigkeitsgrad. Ihre Textur ist weich, aber haftend, <strong>ideal f\u00fcr OCR, Klettern, Calisthenics oder Crossfit<\/strong>. Au\u00dferdem sind sie sehr leicht und lassen sich ganz einfach an jedem Ort mit einem einfachen Palstek befestigen.<\/p>\n<p>Die Farben k\u00f6nnten von dem Foto abweichen (frag uns, wenn du eine spezielle m\u00f6chtest).<\/p>\n","protected":false},"excerpt":{"rendered":"<ul>\n<li>Pirate Grips ist ein Element f\u00fcr Aufh\u00e4ngungen\/Zug\u00fcbungen.<\/li>\n<li>Ideal zum Trainieren von Kraft, Ausdauer und Koordination.<\/li>\n<li>Weiche, aber haftende Textur.<\/li>\n<\/ul>\n","protected":false},"featured_media":16064,"comment_status":"open","ping_status":"closed","template":"","meta":[],"product_brand":[],"product_cat":[496,403,492],"product_tag":[],"class_list":{"0":"post-22920","1":"product","2":"type-product","3":"status-publish","4":"has-post-thumbnail","6":"product_cat-aufhangung","7":"product_cat-hindernisparcours","8":"product_cat-trainingc","10":"first","11":"instock","12":"taxable","13":"shipping-taxable","14":"purchasable","15":"product-type-simple"},"_links":{"self":[{"href":"https:\/\/topholds.com\/de\/wp-json\/wp\/v2\/product\/22920","targetHints":{"allow":["GET"]}}],"collection":[{"href":"https:\/\/topholds.com\/de\/wp-json\/wp\/v2\/product"}],"about":[{"href":"https:\/\/topholds.com\/de\/wp-json\/wp\/v2\/types\/product"}],"replies":[{"embeddable":true,"href":"https:\/\/topholds.com\/de\/wp-json\/wp\/v2\/comments?post=22920"}],"wp:featuredmedia":[{"embeddable":true,"href":"https:\/\/topholds.com\/de\/wp-json\/wp\/v2\/media\/16064"}],"wp:attachment":[{"href":"https:\/\/topholds.com\/de\/wp-json\/wp\/v2\/media?parent=22920"}],"wp:term":[{"taxonomy":"product_brand","embeddable":true,"href":"https:\/\/topholds.com\/de\/wp-json\/wp\/v2\/product_brand?post=22920"},{"taxonomy":"product_cat","embeddable":true,"href":"https:\/\/topholds.com\/de\/wp-json\/wp\/v2\/product_cat?post=22920"},{"taxonomy":"product_tag","embeddable":true,"href":"https:\/\/topholds.com\/de\/wp-json\/wp\/v2\/product_tag?post=22920"}],"curies":[{"name":"wp","href":"https:\/\/api.w.org\/{rel}","templated":true}]}}