{"id":22932,"date":"2024-03-19T15:33:02","date_gmt":"2024-03-19T15:33:02","guid":{"rendered":"https:\/\/topholds.com\/oferta\/unkategorisiert\/boomerang\/"},"modified":"2025-09-18T03:15:45","modified_gmt":"2025-09-18T03:15:45","slug":"boomerang","status":"publish","type":"product","link":"https:\/\/topholds.com\/de\/angebot\/hindernisparcours\/trainingc\/aufhangung\/boomerang\/","title":{"rendered":"Boomerang"},"content":{"rendered":"<p><strong>Boomerang<\/strong> ist ein Hilfsmittel f\u00fcr <strong>Hindernisparcours suspension<\/strong>, das daf\u00fcr entwickelt wurde, um deine TopHolds aufzuh\u00e4ngen und zu befestigen und so deine Trainingsm\u00f6glichkeiten zu vervielfachen.<\/p>\n<p>Steigere <strong>deine Kraft und Ausdauer beim Klettern<\/strong>, Hindernisparcours, Ninja-Herausforderungen und Crossfit.<\/p>\n<p>Hergestellt aus Edelstahl.<\/p>\n<p>Diese vielseitige Aufh\u00e4ngung l\u00e4sst sich leicht an einer Klimmzugstange, im Park oder an einem Ast aufh\u00e4ngen und erm\u00f6glicht eine Vielzahl von \u00dcbungen \u00fcberall.<\/p>\n<p><strong><em>Boomerang<\/em><\/strong> ist ein au\u00dfergew\u00f6hnliches Werkzeug f\u00fcr <strong>Hindernisparcours Training, Calisthenics, Ninja-Herausforderungen, Klettern, Crossfit, Turnen<\/strong> und vieles mehr. Es bietet nicht nur ein effizientes Training, sondern auch viel Spa\u00df. Wagst du es, es auszuprobieren?<\/p>\n<p>Der Preis gilt f\u00fcr den Edelstahlboomerang mit seinem Seil und einem Karabiner mit Sicherheitsverschluss.<\/p>\n","protected":false},"excerpt":{"rendered":"<ul>\n<li>Hilfsmittel f\u00fcr <strong>Aufh\u00e4ngung f\u00fcr Hindernisparcours<\/strong>, das zum Aufh\u00e4ngen und Sichern Ihrer TopHolds entwickelt wurde und Ihre Trainingsm\u00f6glichkeiten vervielfacht.<\/li>\n<li>Hergestellt aus rostfreiem Stahl.<\/li>\n<li>Ein gro\u00dfartiges Werkzeug f\u00fcr unser Kletter-, OCR-, Ninja-Herausforderungen und Crossfit-Training.<\/li>\n<\/ul>\n","protected":false},"featured_media":15551,"comment_status":"open","ping_status":"closed","template":"","meta":[],"product_brand":[],"product_cat":[496,403,492],"product_tag":[],"class_list":{"0":"post-22932","1":"product","2":"type-product","3":"status-publish","4":"has-post-thumbnail","6":"product_cat-aufhangung","7":"product_cat-hindernisparcours","8":"product_cat-trainingc","10":"first","11":"instock","12":"sale","13":"featured","14":"taxable","15":"shipping-taxable","16":"purchasable","17":"product-type-simple"},"_links":{"self":[{"href":"https:\/\/topholds.com\/de\/wp-json\/wp\/v2\/product\/22932","targetHints":{"allow":["GET"]}}],"collection":[{"href":"https:\/\/topholds.com\/de\/wp-json\/wp\/v2\/product"}],"about":[{"href":"https:\/\/topholds.com\/de\/wp-json\/wp\/v2\/types\/product"}],"replies":[{"embeddable":true,"href":"https:\/\/topholds.com\/de\/wp-json\/wp\/v2\/comments?post=22932"}],"wp:featuredmedia":[{"embeddable":true,"href":"https:\/\/topholds.com\/de\/wp-json\/wp\/v2\/media\/15551"}],"wp:attachment":[{"href":"https:\/\/topholds.com\/de\/wp-json\/wp\/v2\/media?parent=22932"}],"wp:term":[{"taxonomy":"product_brand","embeddable":true,"href":"https:\/\/topholds.com\/de\/wp-json\/wp\/v2\/product_brand?post=22932"},{"taxonomy":"product_cat","embeddable":true,"href":"https:\/\/topholds.com\/de\/wp-json\/wp\/v2\/product_cat?post=22932"},{"taxonomy":"product_tag","embeddable":true,"href":"https:\/\/topholds.com\/de\/wp-json\/wp\/v2\/product_tag?post=22932"}],"curies":[{"name":"wp","href":"https:\/\/api.w.org\/{rel}","templated":true}]}}