{"id":23273,"date":"2023-07-19T12:14:19","date_gmt":"2023-07-19T12:14:19","guid":{"rendered":"https:\/\/topholds.com\/oferta\/unkategorisiert\/hindernisparcours-griff-medieval\/"},"modified":"2026-01-14T17:14:10","modified_gmt":"2026-01-14T17:14:10","slug":"hindernisparcours-griff-medieval","status":"publish","type":"product","link":"https:\/\/topholds.com\/de\/angebot\/hindernisparcours\/trainingc\/griffe\/hindernisparcours-griff-medieval\/","title":{"rendered":"Hindernisparcours-Griff Medieval"},"content":{"rendered":"","protected":false},"excerpt":{"rendered":"<p>Medieval ist eine Klettergriff mit glatter Sandsteinstruktur.<\/p>\n<p>Klettergriff mit einer gro\u00dfen Schale, sehr bequem f\u00fcr eine oder beide H\u00e4nde. Ideal f\u00fcr jeden \u00dcberhang und jede Dachkletterwand<\/p>\n<p>Befestigung mit 4 Innensechskantschrauben<\/p>\n<p>Die Farben k\u00f6nnten von denen auf dem Foto abweichen. Wenn Sie eine spezielle Farbe w\u00fcnschen, kontaktieren Sie uns bitte.<\/p>\n","protected":false},"featured_media":23274,"comment_status":"open","ping_status":"closed","template":"","meta":[],"product_brand":[],"product_cat":[497,403,492,418],"product_tag":[],"class_list":{"0":"post-23273","1":"product","2":"type-product","3":"status-publish","4":"has-post-thumbnail","6":"product_cat-griffe","7":"product_cat-hindernisparcours","8":"product_cat-trainingc","9":"product_cat-klettergriffe","11":"first","12":"instock","13":"taxable","14":"shipping-taxable","15":"purchasable","16":"product-type-simple"},"_links":{"self":[{"href":"https:\/\/topholds.com\/de\/wp-json\/wp\/v2\/product\/23273","targetHints":{"allow":["GET"]}}],"collection":[{"href":"https:\/\/topholds.com\/de\/wp-json\/wp\/v2\/product"}],"about":[{"href":"https:\/\/topholds.com\/de\/wp-json\/wp\/v2\/types\/product"}],"replies":[{"embeddable":true,"href":"https:\/\/topholds.com\/de\/wp-json\/wp\/v2\/comments?post=23273"}],"wp:featuredmedia":[{"embeddable":true,"href":"https:\/\/topholds.com\/de\/wp-json\/wp\/v2\/media\/23274"}],"wp:attachment":[{"href":"https:\/\/topholds.com\/de\/wp-json\/wp\/v2\/media?parent=23273"}],"wp:term":[{"taxonomy":"product_brand","embeddable":true,"href":"https:\/\/topholds.com\/de\/wp-json\/wp\/v2\/product_brand?post=23273"},{"taxonomy":"product_cat","embeddable":true,"href":"https:\/\/topholds.com\/de\/wp-json\/wp\/v2\/product_cat?post=23273"},{"taxonomy":"product_tag","embeddable":true,"href":"https:\/\/topholds.com\/de\/wp-json\/wp\/v2\/product_tag?post=23273"}],"curies":[{"name":"wp","href":"https:\/\/api.w.org\/{rel}","templated":true}]}}