{"id":23544,"date":"2026-03-27T13:57:19","date_gmt":"2026-03-27T13:57:19","guid":{"rendered":"https:\/\/topholds.com\/oferta\/unkategorisiert\/small-poseidon\/"},"modified":"2026-03-27T14:11:18","modified_gmt":"2026-03-27T14:11:18","slug":"small-poseidon","status":"publish","type":"product","link":"https:\/\/topholds.com\/de\/angebot\/hindernisparcours\/trainingc\/aufhangung\/small-poseidon\/","title":{"rendered":"Small Poseidon"},"content":{"rendered":"<p><strong>Small Poseidon<\/strong> ist ein Element der <strong>Aufh\u00e4ngung f\u00fcr Hindernisparcours<\/strong>, das darauf ausgelegt ist, die Kraft deiner Finger und die Greifkraft deiner H\u00e4nde zu verbessern.<\/p>\n<p>Du kannst es bequem am oberen Bereich greifen oder dich mit den seitlichen Klettergriffen mit einer oder zwei H\u00e4nden herausfordern.<\/p>\n<p>Es ist <strong>ein Griff, um deine Kraft und Ausdauer beim Klettern zu verbessern<\/strong>, Hindernisparcours Training, Ninja Herausforderungen und Crossfit.<\/p>\n<p>Die Farben des Small Poseidon k\u00f6nnen vom Foto abweichen. Wenn du eine bestimmte Farbe w\u00e4hlen m\u00f6chtest, kontaktiere uns.<\/p>\n<p>Diese vielseitige Aufh\u00e4ngung f\u00fcr Hindernisparcours l\u00e4sst sich leicht an einer Klimmzugstange, im Park oder an einem Ast aufh\u00e4ngen und erm\u00f6glicht eine breite Palette von \u00dcbungen \u00fcberall. Mall\u00f3n mit Sicherheitsverschluss inklusive.<\/p>\n<p><strong><em>Small Poseidon<\/em><\/strong> ist ein au\u00dfergew\u00f6hnliches Werkzeug f\u00fcr <strong>Hindernisparcours Training, Calisthenics, Ninja Herausforderungen, Klettern, Crossfit, Gymnastik<\/strong> und vieles mehr. Au\u00dferdem bietet es nicht nur ein effektives Training, sondern auch viel Spa\u00df. Traust du dich, es auszuprobieren?<\/p>\n","protected":false},"excerpt":{"rendered":"<ul>\n<li>Aufh\u00e4ngung mit seitlichen Griffen.<\/li>\n<li>Eine perfekte Ergonomie f\u00fcr einen Griff mit einer Hand oder zwei H\u00e4nden.<\/li>\n<li>Eine glatte, aber sehr haftende Textur.<\/li>\n<li>Ein brutales Werkzeug f\u00fcr unsere Klettertrainings, Hindernisparcours Training, Ninja-Herausforderungen und Crossfit.<\/li>\n<\/ul>\n","protected":false},"featured_media":23525,"comment_status":"open","ping_status":"closed","template":"","meta":[],"product_brand":[],"product_cat":[496,403,492],"product_tag":[],"class_list":{"0":"post-23544","1":"product","2":"type-product","3":"status-publish","4":"has-post-thumbnail","6":"product_cat-aufhangung","7":"product_cat-hindernisparcours","8":"product_cat-trainingc","10":"first","11":"instock","12":"sale","13":"taxable","14":"shipping-taxable","15":"purchasable","16":"product-type-simple"},"_links":{"self":[{"href":"https:\/\/topholds.com\/de\/wp-json\/wp\/v2\/product\/23544","targetHints":{"allow":["GET"]}}],"collection":[{"href":"https:\/\/topholds.com\/de\/wp-json\/wp\/v2\/product"}],"about":[{"href":"https:\/\/topholds.com\/de\/wp-json\/wp\/v2\/types\/product"}],"replies":[{"embeddable":true,"href":"https:\/\/topholds.com\/de\/wp-json\/wp\/v2\/comments?post=23544"}],"wp:featuredmedia":[{"embeddable":true,"href":"https:\/\/topholds.com\/de\/wp-json\/wp\/v2\/media\/23525"}],"wp:attachment":[{"href":"https:\/\/topholds.com\/de\/wp-json\/wp\/v2\/media?parent=23544"}],"wp:term":[{"taxonomy":"product_brand","embeddable":true,"href":"https:\/\/topholds.com\/de\/wp-json\/wp\/v2\/product_brand?post=23544"},{"taxonomy":"product_cat","embeddable":true,"href":"https:\/\/topholds.com\/de\/wp-json\/wp\/v2\/product_cat?post=23544"},{"taxonomy":"product_tag","embeddable":true,"href":"https:\/\/topholds.com\/de\/wp-json\/wp\/v2\/product_tag?post=23544"}],"curies":[{"name":"wp","href":"https:\/\/api.w.org\/{rel}","templated":true}]}}