{"id":23550,"date":"2026-03-27T13:57:00","date_gmt":"2026-03-27T13:57:00","guid":{"rendered":"https:\/\/topholds.com\/oferta\/unkategorisiert\/aufhaengung-fuer-hindernisparcours-cubic\/"},"modified":"2026-03-27T15:04:50","modified_gmt":"2026-03-27T15:04:50","slug":"cubic","status":"publish","type":"product","link":"https:\/\/topholds.com\/de\/angebot\/hindernisparcours\/trainingc\/aufhangung\/cubic\/","title":{"rendered":"Aufh\u00e4ngung f\u00fcr Hindernisparcours Cubic"},"content":{"rendered":"<p><strong>Cubic ist eine Kombination aus zwei Griffarten f\u00fcr Aufh\u00e4ngungen\/Traktionen<\/strong>, vielseitig.<\/p>\n<p>Die <em>Cubic-Aufh\u00e4ngungen<\/em> verf\u00fcgen \u00fcber zwei Schwierigkeitsstufen:<\/p>\n<ol>\n<li>Ein flacher Griff oben, der dich dazu zwingt, die ersten Fingerknochen zu trainieren, wenn man das Seil zwischen den Fingern l\u00e4sst.<\/li>\n<li>Ein Griff unten. Es handelt sich um einen anspruchsvollen Griff, der darauf ausgelegt ist, die Zangengriffkraft zu stimulieren und zu erh\u00f6hen. W\u00e4hle die Herausforderung, die am besten zu dir passt!<\/li>\n<\/ol>\n<p>Mit einer perfekten Ergonomie f\u00fcr die Hand und einer sanften Textur ist dieser Griff ein au\u00dfergew\u00f6hnliches Werkzeug f\u00fcr <strong>Klettertraining, Hindernisparcours Training oder Crossfit<\/strong>.<\/p>\n<p>Trotz seiner Robustheit sind diese Griffe leicht und ideal, um sie in deinem Rucksack zu tragen und \u00fcberall zu trainieren.<\/p>\n<p>Ausgestattet mit einer doppelten 6-mm-Kordel bieten sie mehrere Vorteile:<\/p>\n<ul>\n<li>Beeintr\u00e4chtigt den Griff nicht.<\/li>\n<li>Du kannst sie leicht an \u00c4sten, Klimmzugstangen usw. aufh\u00e4ngen, und zwar in nur 3 Sekunden mithilfe eines Schlaufenknotens.<\/li>\n<li>Mit einem Karabiner kannst du sie zum Aufh\u00e4ngen an der Decke oder im \u00dcberhang verwenden.<\/li>\n<\/ul>\n<p>Es gibt keine Ausreden, deinem t\u00e4glichen Training eine Portion Herausforderung hinzuzuf\u00fcgen.<\/p>\n<p>Beachte, dass die Farben des Produkts von den Farben des Fotos abweichen k\u00f6nnten. Wenn du eine bestimmte Farbe w\u00fcnschst, z\u00f6gere nicht, uns zu kontaktieren.<\/p>\n","protected":false},"excerpt":{"rendered":"<ul>\n<li>Vielseitiges Bauteil f\u00fcr Aufh\u00e4ngungen\/Zugbelastungen.<\/li>\n<li>Oberer oder unterer Klettergriff.<\/li>\n<li>Zwei Schwierigkeitsgrade.<\/li>\n<li>Geeignet f\u00fcr Klettertraining, Hindernisparcours Training oder Crossfit.<\/li>\n<li>Es gibt keine Hindernisse am Griff.<\/li>\n<\/ul>\n","protected":false},"featured_media":23518,"comment_status":"open","ping_status":"closed","template":"","meta":[],"product_brand":[],"product_cat":[496,403,492],"product_tag":[],"class_list":{"0":"post-23550","1":"product","2":"type-product","3":"status-publish","4":"has-post-thumbnail","6":"product_cat-aufhangung","7":"product_cat-hindernisparcours","8":"product_cat-trainingc","10":"first","11":"instock","12":"sale","13":"taxable","14":"shipping-taxable","15":"purchasable","16":"product-type-simple"},"_links":{"self":[{"href":"https:\/\/topholds.com\/de\/wp-json\/wp\/v2\/product\/23550","targetHints":{"allow":["GET"]}}],"collection":[{"href":"https:\/\/topholds.com\/de\/wp-json\/wp\/v2\/product"}],"about":[{"href":"https:\/\/topholds.com\/de\/wp-json\/wp\/v2\/types\/product"}],"replies":[{"embeddable":true,"href":"https:\/\/topholds.com\/de\/wp-json\/wp\/v2\/comments?post=23550"}],"wp:featuredmedia":[{"embeddable":true,"href":"https:\/\/topholds.com\/de\/wp-json\/wp\/v2\/media\/23518"}],"wp:attachment":[{"href":"https:\/\/topholds.com\/de\/wp-json\/wp\/v2\/media?parent=23550"}],"wp:term":[{"taxonomy":"product_brand","embeddable":true,"href":"https:\/\/topholds.com\/de\/wp-json\/wp\/v2\/product_brand?post=23550"},{"taxonomy":"product_cat","embeddable":true,"href":"https:\/\/topholds.com\/de\/wp-json\/wp\/v2\/product_cat?post=23550"},{"taxonomy":"product_tag","embeddable":true,"href":"https:\/\/topholds.com\/de\/wp-json\/wp\/v2\/product_tag?post=23550"}],"curies":[{"name":"wp","href":"https:\/\/api.w.org\/{rel}","templated":true}]}}