{"id":23682,"date":"2026-04-26T10:44:57","date_gmt":"2026-04-26T10:44:57","guid":{"rendered":"https:\/\/topholds.com\/?post_type=product&#038;p=23682"},"modified":"2026-04-26T10:44:57","modified_gmt":"2026-04-26T10:44:57","slug":"suspension-ocr-advanced-cylinder-grips","status":"publish","type":"product","link":"https:\/\/topholds.com\/de\/angebot\/hindernisparcours\/trainingc\/aufhangung\/suspension-ocr-advanced-cylinder-grips\/","title":{"rendered":"Suspensi\u00f3n OCR Advanced Cylinder Grips"},"content":{"rendered":"<p><strong>Advanced Cylinder Grips es un agarre exigente para entrenamiento de suspensiones y tracciones.<\/strong><\/p>\n<p>La <em>suspensi\u00f3n de OCR Advanced Cylinder Grips<\/em> est\u00e1 dise\u00f1ada para llevar tus <strong>entrenamientos de escalada, OCR y CrossFit<\/strong> al siguiente nivel. Con una altura de 19 cent\u00edmetros y un di\u00e1metro de 7,5 cent\u00edmetros , este cilindro es apto para agarrarlo con una o dos manos y tiene una\u00a0 una textura suave y muy adherente que <strong>garantiza un agarre \u00f3ptimo<\/strong>.<\/p>\n<p>Los <strong>Advanced Cylinder Grips<\/strong> son extremadamente ligeros, lo que los convierte en la opci\u00f3n <strong>ideal para llevarlos contigo a tus entrenamientos en cualquier lugar<\/strong>. Adem\u00e1s, hemos optado por un cordino doble de 6 mm por varias razones:<\/p>\n<ul>\n<li>No hay obst\u00e1culos que interfieran con el agarre<\/li>\n<li>En solo 3 segundos, utiliza un nudo de alondra para colgarlos de cualquier rama, barra de dominadas, etc.<\/li>\n<li>Utiliza un mosquet\u00f3n para colgarlos en salidas a techo o desplome<\/li>\n<\/ul>\n<p>Ten en cuenta que los colores del producto pueden variar respecto a la imagen mostrada. Si deseas un color espec\u00edfico, no dudes en ponerte en contacto con nosotros.<\/p>\n","protected":false},"excerpt":{"rendered":"<ul>\n<li>Cilindro para suspensiones\/tracciones.<\/li>\n<li>Muy exigentes por su diametro.<\/li>\n<li>Muy ligeros, ideales para llevarlos entrenamientos en cualquier parte.<\/li>\n<li>No hay estorbos en el agarre.<\/li>\n<li>Se puede agarrar con una o dos manos.<\/li>\n<\/ul>\n","protected":false},"featured_media":23683,"comment_status":"open","ping_status":"closed","template":"","meta":[],"product_brand":[],"product_cat":[249,248,254],"product_tag":[],"class_list":{"0":"post-23682","1":"product","2":"type-product","3":"status-publish","4":"has-post-thumbnail","6":"product_cat-entrenamiento","7":"product_cat-ocr","8":"product_cat-suspension","10":"first","11":"instock","12":"sale","13":"taxable","14":"shipping-taxable","15":"purchasable","16":"product-type-simple"},"_links":{"self":[{"href":"https:\/\/topholds.com\/de\/wp-json\/wp\/v2\/product\/23682","targetHints":{"allow":["GET"]}}],"collection":[{"href":"https:\/\/topholds.com\/de\/wp-json\/wp\/v2\/product"}],"about":[{"href":"https:\/\/topholds.com\/de\/wp-json\/wp\/v2\/types\/product"}],"replies":[{"embeddable":true,"href":"https:\/\/topholds.com\/de\/wp-json\/wp\/v2\/comments?post=23682"}],"wp:featuredmedia":[{"embeddable":true,"href":"https:\/\/topholds.com\/de\/wp-json\/wp\/v2\/media\/23683"}],"wp:attachment":[{"href":"https:\/\/topholds.com\/de\/wp-json\/wp\/v2\/media?parent=23682"}],"wp:term":[{"taxonomy":"product_brand","embeddable":true,"href":"https:\/\/topholds.com\/de\/wp-json\/wp\/v2\/product_brand?post=23682"},{"taxonomy":"product_cat","embeddable":true,"href":"https:\/\/topholds.com\/de\/wp-json\/wp\/v2\/product_cat?post=23682"},{"taxonomy":"product_tag","embeddable":true,"href":"https:\/\/topholds.com\/de\/wp-json\/wp\/v2\/product_tag?post=23682"}],"curies":[{"name":"wp","href":"https:\/\/api.w.org\/{rel}","templated":true}]}}