{"id":12314,"date":"2022-10-29T17:28:16","date_gmt":"2022-10-29T17:28:16","guid":{"rendered":"https:\/\/topholds.com\/?post_type=product&#038;p=12314"},"modified":"2026-02-26T23:15:58","modified_gmt":"2026-02-26T23:15:58","slug":"kettlebell-grips","status":"publish","type":"product","link":"https:\/\/topholds.com\/en\/deal\/obstacle-course\/training\/suspensions\/kettlebell-grips\/","title":{"rendered":"Suspensi\u00f3n OCR Kettlebell Grips"},"content":{"rendered":"<div class=\"flex-1 overflow-hidden\">\n<div class=\"react-scroll-to-bottom--css-faerg-79elbk h-full dark:bg-gray-800\">\n<div class=\"react-scroll-to-bottom--css-faerg-1n7m0yu\">\n<div class=\"flex flex-col items-center text-sm dark:bg-gray-800\">\n<div class=\"w-full border-b border-black\/10 dark:border-gray-900\/50 text-gray-800 dark:text-gray-100 group bg-gray-50 dark:bg-[#444654]\">\n<div class=\"text-base gap-4 md:gap-6 m-auto md:max-w-2xl lg:max-w-2xl xl:max-w-3xl p-4 md:py-6 flex lg:px-0\">\n<div class=\"relative flex w-[calc(100%-50px)] flex-col gap-1 md:gap-3 lg:w-[calc(100%-115px)]\">\n<div class=\"flex flex-grow flex-col gap-3\">\n<div class=\"min-h-[20px] flex flex-col items-start gap-4 whitespace-pre-wrap\">\n<div class=\"markdown prose w-full break-words dark:prose-invert light\">\n<p>Las <strong>suspensiones OCR Kettlebell Grips<\/strong> son unos innovadores agarres para suspensiones y tracciones que te permitir\u00e1n dar un giro radical a tus entrenamientos. Con su dise\u00f1o de forma de cazo por la parte superior o en pinza por los laterales, te ofrecen m\u00faltiples opciones de agarre para trabajar diferentes grupos musculares.<\/p>\n<p>Su superficie suave pero adherente te garantiza un agarre seguro y c\u00f3modo, lo que las convierte en <strong>una herramienta brutal para entrenamientos de OCR, escalada, calistenia y Crossfit<\/strong>. Adem\u00e1s, su dise\u00f1o ligero las hace ideales para llevar a cualquier lugar y colgarlas en cualquier rama o barra de dominadas en tan solo 3 segundos con un nudo de alondra.<\/p>\n<p>Con Kettlebell Grips, ya no hay excusas para no agregar un poco de sufrimiento a tus entrenamientos diarios y superar tus l\u00edmites.<\/p>\n<p>\u00a1Disponibles en diferentes colores, cons\u00faltanos si deseas uno especial!<\/p>\n<\/div>\n<\/div>\n<\/div>\n<\/div>\n<\/div>\n<\/div>\n<\/div>\n<\/div>\n<\/div>\n<\/div>\n","protected":false},"excerpt":{"rendered":"<ul>\n<li>Versatilidad en el entrenamiento con m\u00faltiples opciones de agarre<\/li>\n<li>Agarre seguro y c\u00f3modo para entrenamientos intensos<\/li>\n<li>Dise\u00f1o ligero y port\u00e1til para usar en cualquier lugar<\/li>\n<li>Facilidad de instalaci\u00f3n en cualquier superficie adecuada.<\/li>\n<\/ul>\n","protected":false},"featured_media":12315,"comment_status":"open","ping_status":"closed","template":"","meta":[],"product_brand":[],"product_cat":[249,248,254],"product_tag":[],"class_list":{"0":"post-12314","1":"product","2":"type-product","3":"status-publish","4":"has-post-thumbnail","6":"product_cat-entrenamiento","7":"product_cat-ocr","8":"product_cat-suspension","10":"first","11":"instock","12":"taxable","13":"shipping-taxable","14":"purchasable","15":"product-type-simple"},"_links":{"self":[{"href":"https:\/\/topholds.com\/en\/wp-json\/wp\/v2\/product\/12314","targetHints":{"allow":["GET"]}}],"collection":[{"href":"https:\/\/topholds.com\/en\/wp-json\/wp\/v2\/product"}],"about":[{"href":"https:\/\/topholds.com\/en\/wp-json\/wp\/v2\/types\/product"}],"replies":[{"embeddable":true,"href":"https:\/\/topholds.com\/en\/wp-json\/wp\/v2\/comments?post=12314"}],"wp:featuredmedia":[{"embeddable":true,"href":"https:\/\/topholds.com\/en\/wp-json\/wp\/v2\/media\/12315"}],"wp:attachment":[{"href":"https:\/\/topholds.com\/en\/wp-json\/wp\/v2\/media?parent=12314"}],"wp:term":[{"taxonomy":"product_brand","embeddable":true,"href":"https:\/\/topholds.com\/en\/wp-json\/wp\/v2\/product_brand?post=12314"},{"taxonomy":"product_cat","embeddable":true,"href":"https:\/\/topholds.com\/en\/wp-json\/wp\/v2\/product_cat?post=12314"},{"taxonomy":"product_tag","embeddable":true,"href":"https:\/\/topholds.com\/en\/wp-json\/wp\/v2\/product_tag?post=12314"}],"curies":[{"name":"wp","href":"https:\/\/api.w.org\/{rel}","templated":true}]}}