{"id":14760,"date":"2019-07-07T16:26:53","date_gmt":"2019-07-07T16:26:53","guid":{"rendered":"https:\/\/smx.topholds.com\/climbskin-organic-silicon-gel-75ml\/"},"modified":"2024-08-26T04:17:34","modified_gmt":"2024-08-26T04:17:34","slug":"climbskin-organic-silicon-gel-75ml","status":"publish","type":"product","link":"https:\/\/topholds.com\/en\/deal\/accessories\/cream\/climbskin-organic-silicon-gel-75ml\/","title":{"rendered":"Climbskin Organic Silicon Gel 75 ml"},"content":{"rendered":"<p>[vc_row][vc_column][vc_column_text]Nuevo GEL que incluye extractos y aceites de m\u00e1xima calidad con propiedades anti inflamatorias y analg\u00e9sicas, combinados con el Silicio Org\u00e1nico en una f\u00f3rmula \u00fanica e innovadora. Estos ingredientes ayudan durante todas las fases del tratamiento en la recuperaci\u00f3n de lesiones musculares, tendinosas y articulares. Especialmente indicados para lesiones deportivas, artropat\u00edas, contusiones, as\u00ed como para agilizar y optimizar la recuperaci\u00f3n de tejidos despu\u00e9s de sesiones intensas de escalada, entrenamiento o competici\u00f3n.<\/p>\n<p><strong>\u00bfEn que se diferencia de otros productos?<\/strong><\/p>\n<p>La mayor\u00eda de los productos en el mercado se centran \u00fanicamente en tratar las consecuencias de una lesi\u00f3n: el dolor y la inflamaci\u00f3n pero aunque esto es necesario y el gel de Silicio Org\u00e1nico tambi\u00e9n lo hace de forma muy eficaz, hay un trabajo m\u00e1s importante que hacer, ayudar a recuperar los tejidos da\u00f1ados o fatigados. La calidad del Silicio Org\u00e1nico y la forma en que se ha incorporado a la f\u00f3rmula son la <strong>CLAVE<\/strong> en este proceso.<\/p>\n<p>Para uso profesional o particular.<\/p>\n<p><strong>Como usar<\/strong>.<\/p>\n<p>Aplicar una peque\u00f1a cantidad\u00a0 en la zona a tratar, mediante un suave masaje. Esperar 1 minuto con el gel extendido para un \u00f3ptimo efecto de sus principios activos y continuar el masaje hasta la casi total absorci\u00f3n.<\/p>\n<p>Repetir\u00a0 de 2-3 veces al d\u00eda.<\/p>\n<p>Evitar el contacto con los ojos, heridas y mucosas.\u00a0Este gel es para uso t\u00f3pico. No ingerir.<\/p>\n<p><strong>INGREDIENTES PRINCIPALES<\/strong><\/p>\n<p><strong>+Silicio Org\u00e1nico:<\/strong><\/p>\n<p>El silicio\u00a0es el segundo elemento\u00a0qu\u00edmico m\u00e1s com\u00fan de la corteza terrestre (solo superado por el oxigeno), donde se encuentra en forma de silicatos, los cuales se filtran\u00a0naturalmente en peque\u00f1as cantidades\u00a0como\u00a0silicato soluble, o \u2018\u00e1cido sil\u00edcico\u2019 en r\u00edos, lagos y manantiales.<\/p>\n<p>El di\u00f3xido de silicio es, por definici\u00f3n inorg\u00e1nico, ya que se trata de arena, sin embargo, las plantas absorben estos compuestos\u00a0de silicio y los transforman en fitolitos, una forma no cristalina que puede ser asimilada por los seres vivos, tambi\u00e9n conocida como silicio org\u00e1nico. \u00a0De esta forma el silicio esta disponible en todos los seres vivos,\u00a0sobre todo en<span class=\"goog-text-highlight\">\u00a0las plantas.<\/span><\/p>\n<p><strong>Protege los huesos y articulaciones<\/strong>: es una parte fundamental en la mineralizaci\u00f3n de los huesos. Su presencia es esencial\u00a0para la s\u00edntesis de fibras,\u00a0como la elastina y el col\u00e1geno, en las que el silicio se encuentra en gran medida.\u00a0Mantiene las articulaciones flexibles y evita el deterioro de cart\u00edlagos.<\/p>\n<ul>\n<li><strong>Es un potente analg\u00e9sico y cicatrizante.<\/strong><\/li>\n<li><strong>Protege contra los radicales libres y la oxidaci\u00f3n celular.<\/strong><\/li>\n<li><strong>Juega un papel importante en el metabolismo general del cuerpo<\/strong>: esta implicado en el proceso regenerativo de las c\u00e9lulas al restaurar el balance i\u00f3nico de las que est\u00e1n da\u00f1adas o debilitadas y aumenta los intercambios celulares.<\/li>\n<\/ul>\n<p><strong>+\u00c1rnica:<\/strong><\/p>\n<ul>\n<li><strong>Propiedades: <\/strong>analg\u00e9sicas,\u00a0antiinflamatorias y\u00a0antimicrobianas.<\/li>\n<\/ul>\n<p>El \u00e1rnica tambi\u00e9n tiene un alto poder rubefaciente, esto quiere decir que es capaz de estimular la circulaci\u00f3n sangu\u00ednea en la zona en que se aplica.<\/p>\n<p><strong>+Eugenia Caryophyllus (Clavo):<\/strong><\/p>\n<p>Los clavos se utilizan en la India en la\u00a0<a class=\"mw-redirect\" title=\"Medicina Ayurveda\" href=\"https:\/\/es.wikipedia.org\/wiki\/Medicina_Ayurveda\" target=\"_blank\" rel=\"noopener\">medicina Ayurveda<\/a>, la\u00a0<a class=\"mw-redirect\" title=\"Medicina tradicional china\" href=\"https:\/\/es.wikipedia.org\/wiki\/Medicina_tradicional_china\" target=\"_blank\" rel=\"noopener\">medicina tradicional china<\/a>, la herbolaria occidental y la odontolog\u00eda, en el que el\u00a0<a title=\"Aceite esencial\" href=\"https:\/\/es.wikipedia.org\/wiki\/Aceite_esencial\" target=\"_blank\" rel=\"noopener\">aceite esencial<\/a>\u00a0act\u00faa como calmante (analg\u00e9sico).<\/p>\n<p><strong>+Symphytum Officinale (Consuelda):<\/strong><\/p>\n<ul>\n<li><strong>Propiedades<\/strong>: regeneradora celular, astringente, demulcente, antiinflamatorio y cicatrizante.<\/li>\n<\/ul>\n<p><strong>+Camellia Sinensis (T\u00e9 verde):<\/strong><\/p>\n<ul>\n<li><strong>Propiedades<\/strong>: anti-oxidantes, anti-inflamatorias y anti-edad por su contenido en polifenoles.<\/li>\n<\/ul>\n<p><strong>+Helichrysum Stoechas (Perpetua\u00a0o\u00a0siempreviva):<\/strong><\/p>\n<ul>\n<li><strong>Propiedades:\u00a0<\/strong>antimicrobianas, antiinflamatorias y antioxidantes.<\/li>\n<\/ul>\n<p><strong>+Camphor:<\/strong><\/p>\n<ul>\n<li><strong>Propiedades: <\/strong>anti\u00e1lgicas,\u00a0antis\u00e9pticas, antiespasm\u00f3dicas, astringentes,\u00a0estimulantes de la circulaci\u00f3n, sudor\u00edficas, t\u00e9rmicas y\u00a0bals\u00e1micas.<\/li>\n<\/ul>\n<p><strong>+Menthol:<\/strong><\/p>\n<ul>\n<li><strong>Propiedades: <\/strong>analg\u00e9sicas, tonificantes, refrescantes y antis\u00e9pticas.<\/li>\n<\/ul>\n<p><strong>+Castor Oil (Aceite de ricino):<\/strong><\/p>\n<p><em><span id=\"Aceite_de_ricino_o_aceite_de_castor\">\u00bfAceite de ricino o aceite de castor?<\/span><\/em><\/p>\n<p>Mucha gente cree que es de origen animal, debido a que se le suele llamar Aceite de Castor, esto es una mala traducci\u00f3n del Ingl\u00e9s donde se llama Castor Oil, la palabra Castor en ese idioma se refiere a la planta de Ricino y no al animal que en Ingl\u00e9s se llama Beaver.<\/p>\n<p>Entre sus usos medicinales se recomienda para el tratamiento del dolor, debido a que posee propiedades antibacteriales, antivirales y como fungicida.<\/p>\n<p><strong>Achillea Millefolium (Hierba de Aquiles o\u00a0<\/strong><strong>Milenrama<\/strong><strong>):<\/strong><\/p>\n<p><em>La planta m\u00e1gica<\/em><\/p>\n<p>La\u00a0milenrama\u00a0es una de esas plantas utilizadas durante siglos en pociones curativas, por lo que siempre ha estado acompa\u00f1ada de un halo de magia y de misterio por sus excelentes propiedades.\u00a0Originaria del Norte de Europa, esta planta de la <a class=\"link_parsed_content\" href=\"https:\/\/www.climbskin.com\/es\/Familia\" target=\"_blank\" rel=\"noopener\">familia<\/a> de las Aster\u00e1ceas debe su nombre cient\u00edfico,<em>\u00a0Achillea millefolium L.<\/em>, al h\u00e9roe griego Aquiles; seg\u00fan cuenta la leyenda, lo utilizaba para curar las heridas de sus soldados (tambi\u00e9n es conocida como \u201chierba de los soldados\u201d).<\/p>\n<div class=\"post-content\">\n<p>A qu\u00e9 principios activos debe su \u201cmagia\u201d?<\/p>\n<p>Su\u00a0aceite esencial contiene:<\/p>\n<ul>\n<li>Chamazuleno\u00a0y otros\u00a0azulenos,\u00a0de actividad\u00a0antiinflamatoria<\/li>\n<li>Lactonas sesquiterp\u00e9nicas\u00a0que refuerzan la acci\u00f3n\u00a0antiinflamatoria y antimicrobiana<\/li>\n<li>Linalool, alcanfor, eucaliptol, cineol y cariofileno.<\/li>\n<li>Taninos,\u00a0de efecto\u00a0hemost\u00e1tico y cicatrizante\u00a0por su acci\u00f3n astringente.<\/li>\n<li>Flavonoides,\u00a0como la\u00a0apigenina\u00a0y\u00a0rutina, con actividad\u00a0antiinflamatoria y antiespasm\u00f3dica.<\/li>\n<li>Alcaloides\u00a0como la\u00a0aquile\u00edna, que contribuye a la acci\u00f3n hemost\u00e1tica.<\/li>\n<li>\u00c1cido salic\u00edlico, de actividad\u00a0antiinflamatoria.<\/li>\n<\/ul>\n<p>&nbsp;<\/p>\n<p><strong>INCI<\/strong><\/p>\n<table width=\"303\">\n<tbody>\n<tr>\n<td width=\"236\">AQUA<\/td>\n<\/tr>\n<tr>\n<td width=\"236\">PEG-40 HYDROGENATED CASTOR OIL<\/td>\n<\/tr>\n<tr>\n<td width=\"236\">GLYCERIN<\/td>\n<\/tr>\n<tr>\n<td width=\"236\">METHYLSILANOL MANNURONATE<\/td>\n<\/tr>\n<tr>\n<td width=\"236\">MENTHOL<\/td>\n<\/tr>\n<tr>\n<td width=\"236\">CAMPHOR<\/td>\n<\/tr>\n<tr>\n<td width=\"236\">ALCOHOL DENAT<\/td>\n<\/tr>\n<tr>\n<td width=\"236\">PHENOXYETHANOL<\/td>\n<\/tr>\n<tr>\n<td width=\"236\">CARBOMER<\/td>\n<\/tr>\n<tr>\n<td width=\"236\">BOSWELLIA CARTERII OIL<\/td>\n<\/tr>\n<tr>\n<td width=\"236\">SODIUM HYDROXIDE<\/td>\n<\/tr>\n<tr>\n<td width=\"236\">ACHILLEA MILLEFOLIUM FLOWER EXTRACT<\/td>\n<\/tr>\n<tr>\n<td width=\"236\">ARNICA MONTANA FLOWER EXTRACT<\/td>\n<\/tr>\n<tr>\n<td width=\"236\">EUGENIA CARYOPHYLLUS LEAF OIL<\/td>\n<\/tr>\n<tr>\n<td width=\"236\">SYMPHYTUM OFFICINALE LEAF EXTRACT<\/td>\n<\/tr>\n<tr>\n<td width=\"236\">CAMELLIA SINENSIS LEAF EXTRACT<\/td>\n<\/tr>\n<tr>\n<td width=\"236\">POTASSIUM SORBATE<\/td>\n<\/tr>\n<tr>\n<td width=\"236\">SODIUM BENZOATE<\/td>\n<\/tr>\n<tr>\n<td width=\"236\">HELICHRYSUM STOECHAS FLOWER EXTRACT<\/td>\n<\/tr>\n<tr>\n<td width=\"236\">METHYL SALICYLATE<\/td>\n<\/tr>\n<tr>\n<td width=\"236\">SORBIC ACID<\/td>\n<\/tr>\n<tr>\n<td width=\"236\">EUGENOL<\/td>\n<\/tr>\n<tr>\n<td width=\"236\">LIMONENE<\/td>\n<\/tr>\n<\/tbody>\n<\/table>\n<\/div>\n<p>Garantias y tests<\/p>\n<p>+ Registrado en el <strong>CPNP<\/strong>, portal europeo seg\u00fan el nuevo reglamento 1223\/2009.<\/p>\n<p>+ Testado dermatol\u00f3gicamente\u00a0<strong>NO en animales.<\/strong><\/p>\n<p><strong><em>OpenTest<\/em><\/strong>: 0% irritabilidad d\u00e9rmica.<\/p>\n<p><strong><em>Challenge Test<\/em>:<\/strong> Test microbiol\u00f3gico superado con 100% de efectividad.<\/p>\n<p><strong>+<\/strong>\u00a0<span lang=\"en\"><strong>100% Vegana<\/strong>\u00a0<\/span><\/p>\n<p>[\/vc_column_text][\/vc_column][\/vc_row]<\/p>\n","protected":false},"excerpt":{"rendered":"<ul>\n<li>Improves skin elasticity.<\/li>\n<li>Accelerated cell regeneration.<\/li>\n<li>Deep skin hydration.<\/li>\n<li>Rapid absorption without leaving residues.<\/li>\n<li>Strengthening of nails and tissues.<\/li>\n<\/ul>\n","protected":false},"featured_media":7423,"comment_status":"open","ping_status":"closed","template":"","meta":[],"product_brand":[],"product_cat":[304,326],"product_tag":[],"class_list":{"0":"post-14760","1":"product","2":"type-product","3":"status-publish","4":"has-post-thumbnail","6":"product_cat-accessories","7":"product_cat-cream","8":"product_shipping_class-economy-shipping","10":"first","11":"instock","12":"sale","13":"taxable","14":"shipping-taxable","15":"purchasable","16":"product-type-simple"},"_links":{"self":[{"href":"https:\/\/topholds.com\/en\/wp-json\/wp\/v2\/product\/14760","targetHints":{"allow":["GET"]}}],"collection":[{"href":"https:\/\/topholds.com\/en\/wp-json\/wp\/v2\/product"}],"about":[{"href":"https:\/\/topholds.com\/en\/wp-json\/wp\/v2\/types\/product"}],"replies":[{"embeddable":true,"href":"https:\/\/topholds.com\/en\/wp-json\/wp\/v2\/comments?post=14760"}],"wp:featuredmedia":[{"embeddable":true,"href":"https:\/\/topholds.com\/en\/wp-json\/wp\/v2\/media\/7423"}],"wp:attachment":[{"href":"https:\/\/topholds.com\/en\/wp-json\/wp\/v2\/media?parent=14760"}],"wp:term":[{"taxonomy":"product_brand","embeddable":true,"href":"https:\/\/topholds.com\/en\/wp-json\/wp\/v2\/product_brand?post=14760"},{"taxonomy":"product_cat","embeddable":true,"href":"https:\/\/topholds.com\/en\/wp-json\/wp\/v2\/product_cat?post=14760"},{"taxonomy":"product_tag","embeddable":true,"href":"https:\/\/topholds.com\/en\/wp-json\/wp\/v2\/product_tag?post=14760"}],"curies":[{"name":"wp","href":"https:\/\/api.w.org\/{rel}","templated":true}]}}