{"id":22906,"date":"2025-05-28T17:57:36","date_gmt":"2025-05-28T17:57:36","guid":{"rendered":"https:\/\/topholds.com\/oferta\/non class\u00e9\/suspensions-ocr-low-grips-2\/"},"modified":"2025-09-18T03:06:12","modified_gmt":"2025-09-18T03:06:12","slug":"suspensions-ocr-low-grips-2","status":"publish","type":"product","link":"https:\/\/topholds.com\/en\/deal\/obstacle-course\/training\/suspensions\/suspensions-ocr-low-grips-2\/","title":{"rendered":"Suspensions OCR Low Grips 2"},"content":{"rendered":"<p><strong>Low Grips<\/strong> <strong>2<\/strong> est un \u00e9l\u00e9ment de <strong>suspension OCR<\/strong> polyvalent en raison de la vari\u00e9t\u00e9 de prises ; une prise basse tr\u00e8s exigeante , une interm\u00e9diaire par les c\u00f4t\u00e9s et une tr\u00e8s facile par la partie sup\u00e9rieure .<\/p>\n<p>Il est con\u00e7u pour entra\u00eener la pr\u00e9hension en pince.<\/p>\n<p>La prise basse se r\u00e9alise de la partie inf\u00e9rieure vers le haut , restant ainsi suspendue uniquement par l&#8217;opposition du pouce au reste des doigts .<\/p>\n<p>Destin\u00e9 \u00e0 l&#8217;entra\u00eenement de la force en statique sur deux prises en raison de sa complexit\u00e9, mais les autres prises permettront des passages dynamiques et des combos .<\/p>\n<p>L&#8217;objectif de cette prise est d&#8217;apporter \u00e0 nos entra\u00eenements d&#8217;escalade et OCR l&#8217;une des pinces les plus complexes qui existent et de continuer \u00e0 contribuer \u00e0 am\u00e9liorer la force de nos doigts gr\u00e2ce \u00e0 la qualit\u00e9 et \u00e0 la polyvalence de nos pi\u00e8ces.<\/p>\n<p>Les couleurs du Low Grips peuvent varier par rapport \u00e0 la photo. Si vous souhaitez choisir une couleur sp\u00e9cifique, contactez-nous.<\/p>\n<p>Cette suspension polyvalente se suspend facilement \u00e0 une barre de traction, dans le parc ou \u00e0 une branche, permettant de r\u00e9aliser une large gamme d&#8217;exercices n&#8217;importe o\u00f9.<\/p>\n<p>C&#8217;est <strong>une prise exceptionnelle pour am\u00e9liorer ta force et ta r\u00e9sistance en escalade<\/strong>, OCR, calisth\u00e9nie, d\u00e9fis ninja et Crossfit. Tu oses l&#8217;essayer ?<\/p>\n","protected":false},"excerpt":{"rendered":"<ul>\n<li>Suspension tr\u00e8s polyvalente, con\u00e7ue pour l&#8217;entra\u00eenement des pinc\u00e9es en pince.<\/li>\n<li>Am\u00e9liore la force des doigts.<\/li>\n<li>Texture douce mais tr\u00e8s adh\u00e9rente.<\/li>\n<li>Un outil brutal pour nos entra\u00eenements d&#8217;escalade, OCR, Calisthenics, d\u00e9fis ninja et Crossfit.<\/li>\n<\/ul>\n","protected":false},"featured_media":22385,"comment_status":"open","ping_status":"closed","template":"","meta":[],"product_brand":[],"product_cat":[402,450,455],"product_tag":[],"class_list":{"0":"post-22906","1":"product","2":"type-product","3":"status-publish","4":"has-post-thumbnail","6":"product_cat-course-obstacles","7":"product_cat-entrainements","8":"product_cat-suspensionss","10":"first","11":"instock","12":"taxable","13":"shipping-taxable","14":"purchasable","15":"product-type-simple"},"_links":{"self":[{"href":"https:\/\/topholds.com\/en\/wp-json\/wp\/v2\/product\/22906","targetHints":{"allow":["GET"]}}],"collection":[{"href":"https:\/\/topholds.com\/en\/wp-json\/wp\/v2\/product"}],"about":[{"href":"https:\/\/topholds.com\/en\/wp-json\/wp\/v2\/types\/product"}],"replies":[{"embeddable":true,"href":"https:\/\/topholds.com\/en\/wp-json\/wp\/v2\/comments?post=22906"}],"wp:featuredmedia":[{"embeddable":true,"href":"https:\/\/topholds.com\/en\/wp-json\/wp\/v2\/media\/22385"}],"wp:attachment":[{"href":"https:\/\/topholds.com\/en\/wp-json\/wp\/v2\/media?parent=22906"}],"wp:term":[{"taxonomy":"product_brand","embeddable":true,"href":"https:\/\/topholds.com\/en\/wp-json\/wp\/v2\/product_brand?post=22906"},{"taxonomy":"product_cat","embeddable":true,"href":"https:\/\/topholds.com\/en\/wp-json\/wp\/v2\/product_cat?post=22906"},{"taxonomy":"product_tag","embeddable":true,"href":"https:\/\/topholds.com\/en\/wp-json\/wp\/v2\/product_tag?post=22906"}],"curies":[{"name":"wp","href":"https:\/\/api.w.org\/{rel}","templated":true}]}}