{"id":17563,"date":"2024-08-22T14:31:50","date_gmt":"2024-08-22T14:31:50","guid":{"rendered":"https:\/\/topholds.com\/mentions-legales\/"},"modified":"2024-08-22T14:31:51","modified_gmt":"2024-08-22T14:31:51","slug":"mentions-legales","status":"publish","type":"page","link":"https:\/\/topholds.com\/fr\/mentions-legales\/","title":{"rendered":"Mentions l\u00e9gales"},"content":{"rendered":"\t\t<div data-elementor-type=\"wp-page\" data-elementor-id=\"17563\" class=\"elementor elementor-17563 elementor-12193\">\n\t\t\t\t\t\t<section class=\"elementor-section elementor-top-section elementor-element elementor-element-d15bbd3 elementor-section-boxed elementor-section-height-default elementor-section-height-default\" data-id=\"d15bbd3\" data-element_type=\"section\" data-e-type=\"section\">\n\t\t\t\t\t\t<div class=\"elementor-container elementor-column-gap-default\">\n\t\t\t\t\t<div class=\"elementor-column elementor-col-100 elementor-top-column elementor-element elementor-element-9a94284\" data-id=\"9a94284\" data-element_type=\"column\" data-e-type=\"column\">\n\t\t\t<div class=\"elementor-widget-wrap elementor-element-populated\">\n\t\t\t\t\t\t<div class=\"elementor-element elementor-element-ec4f524 elementor-widget elementor-widget-text-editor\" data-id=\"ec4f524\" data-element_type=\"widget\" data-e-type=\"widget\" data-widget_type=\"text-editor.default\">\n\t\t\t\t<div class=\"elementor-widget-container\">\n\t\t\t\t\t\t\t\t\t<p><b>MENTIONS L\u00c9GALES<\/b><\/p>\n<p><b>Informations g\u00e9n\u00e9rales et identification du propri\u00e9taire du site web<\/b><b> <\/b><\/p>\n<p><b>Identit\u00e9<\/b><span style=\"font-weight: 400;\">&nbsp;: <\/span><b>TECNICOS DE DISE\u00d1OS Y ESPACIOS, S.L.U. <\/b> <b> <\/b><\/p>\n<p><b>CIF<\/b> <span style=\"font-weight: 400;\">: B49238389<\/span><span style=\"font-weight: 400;\"> <\/span><\/p>\n<p><b>Adresse postale<\/b> <span style=\"font-weight: 400;\">: C\/ CHURRUCA, N\u00ba 7, ESC A, 2\u00ba DRCHA<\/span><span style=\"font-weight: 400;\"> <\/span><\/p>\n<p><b>Domaine<\/b><span style=\"font-weight: 400;\">&nbsp;: www.topholds.com <\/span><b>E-mail<\/b><span style=\"font-weight: 400;\">&nbsp;: info@topholds.com<\/span><span style=\"font-weight: 400;\"> <\/span><\/p>\n<p><span style=\"font-weight: 400;\">L\u2019objectif du site web est www.topholds.com de fournir aux clients, aux clients potentiels <\/span><span style=\"font-weight: 400;\">et \u00e0 toute personne qui y acc\u00e8de des informations relatives \u00e0 l\u2019activit\u00e9 et <\/span><span style=\"font-weight: 400;\"> <\/span> aux <span style=\"font-weight: 400;\">services offerts par l\u2019entreprise, ainsi que de fournir des informations susceptibles <\/span><span style=\"font-weight: 400;\"> <\/span><span style=\"font-weight: 400;\">de les int\u00e9resser.<\/span><span style=\"font-weight: 400;\"> <\/span><\/p>\n<p><b>Conditions d\u2019utilisation<\/b><b> <\/b><\/p>\n<p><span style=\"font-weight: 400;\">Avec ce site web, <\/span><b>TECNICOS DE DISE\u00d1OS Y ESPACIOS, S.L.U. <\/b><span style=\"font-weight: 400;\">Voulu <\/span> <span style=\"font-weight: 400;\"> <\/span><span style=\"font-weight: 400;\">Fournir un service utile, les suggestions des utilisateurs sont donc les bienvenues.  <\/span><span style=\"font-weight: 400;\"> <\/span><span style=\"font-weight: 400;\">Toutefois, si vous n\u2019\u00eates pas d\u2019accord avec l\u2019une des conditions contenues dans  <\/span><span style=\"font-weight: 400;\"> <\/span><span style=\"font-weight: 400;\">Dans cet avis, vous devez cesser d\u2019utiliser le site Web.<br \/>\nL\u2019acc\u00e8s \u00e0 celui-ci implique la   <\/span><span style=\"font-weight: 400;\"> <\/span><span style=\"font-weight: 400;\">leur acceptation sans r\u00e9serve.<br \/>\nLes conditions \u00e9nonc\u00e9es ci-dessous   <\/span><span style=\"font-weight: 400;\">  R\u00e9glementer l\u2019utilisation autoris\u00e9e du site web www.topholds.com :  <\/span><\/p>\n<ol>\n<li><b>Acc\u00e8s. <\/b><span style=\"font-weight: 400;\">L\u2019utilisateur est inform\u00e9 et accepte que l\u2019acc\u00e8s \u00e0 ce site web <\/span><span style=\"font-weight: 400;\">n\u2019implique en aucun cas le d\u00e9but d\u2019une relation commerciale avec <\/span><b>TECNICOS <\/b><b>DE DISE\u00d1OS Y ESPACIOS, S.L.U.<\/b><span style=\"font-weight: 400;\">. <\/span> <\/li>\n<li><b>Modifications de la page et interruptions ou erreurs d\u2019acc\u00e8s. <\/b><span style=\"font-weight: 400;\">Le <\/span><span style=\"font-weight: 400;\">site web www.topholds.com se r\u00e9serve le droit d\u2019apporter, \u00e0 tout moment <\/span><span style=\"font-weight: 400;\">et sans pr\u00e9avis, des modifications et des mises \u00e0 jour aux <\/span><span style=\"font-weight: 400;\">informations qu\u2019il contient, \u00e0 <\/span><span style=\"font-weight: 400;\"> <\/span> sa configuration et \u00e0 sa pr\u00e9sentation et <span style=\"font-weight: 400;\"> aux conditions d\u2019acc\u00e8s. <\/span> <\/li>\n<li><b>Contenus et pages li\u00e9es. <\/b><span style=\"font-weight: 400;\">Les informations contenues sur ce site Web sont <\/span><span style=\"font-weight: 400;\">fournies \u00e0 titre informatif seulement. <\/span><b>TECHNICIENS DE CONCEPTION ET D\u2019ESPACE, <\/b> <b><\/b><b>S.L.U. <\/b><span style=\"font-weight: 400;\">se r\u00e9serve le droit de mettre \u00e0 jour, de modifier ou de supprimer les informations <\/span> <span style=\"font-weight: 400;\"> <\/span><span style=\"font-weight: 400;\">contenu de ses pages Web et peut m\u00eame limiter ou ne pas autoriser l\u2019acc\u00e8s \u00e0  <\/span><span style=\"font-weight: 400;\"> <\/span><span style=\"font-weight: 400;\">ces informations \u00e0 certains utilisateurs.  <\/span><b>TECHNICIENS DE CONCEPTION ET D\u2019ESPACE,  <\/b><b> <\/b><b>S.L.U. <\/b><span style=\"font-weight: 400;\">n\u2019assume aucune responsabilit\u00e9 quant aux informations contenues dans les pages <\/span> <span style=\"font-weight: 400;\"> <\/span><span style=\"font-weight: 400;\">sites Web de tiers auxquels on peut acc\u00e9der par des \u00ab liens \u00bb ou des liens  <\/span><span style=\"font-weight: 400;\"> <\/span><span style=\"font-weight: 400;\">site web appartenant \u00e0 <\/span><b>TECNICOS DE DISE\u00d1OS Y ESPACIOS, S.L.U.<\/b><span style=\"font-weight: 400;\">.<br \/>\nLa presencia   <\/span><span style=\"font-weight: 400;\"> <\/span><span style=\"font-weight: 400;\">de liens sur le site web de <\/span><b>TECNICOS DE DISE\u00d1OS Y ESPACIOS, <\/b> <b> <\/b><b>S.L.U. <\/b><span style=\"font-weight: 400;\">est \u00e0 titre informatif uniquement et n\u2019implique en aucun cas <\/span> <span style=\"font-weight: 400;\"> <\/span><span style=\"font-weight: 400;\">suggestion, invitation ou recommandation.<\/span><\/li>\n<li><b>Protection des donn\u00e9es personnelles. <\/b><span style=\"font-weight: 400;\">Les donn\u00e9es personnelles li\u00e9es \u00e0 ce site web <\/span><span style=\"font-weight: 400;\">sont conformes aux exigences du RGPD (UE) 2016\/679, ainsi qu\u2019\u00e0 la LOPDPGDD <\/span> <span style=\"font-weight: 400;\">3\/2018 et d\u2019autres lois et r\u00e8glements espagnols en vigueur dans ce domaine.<br \/>\nComme \u00e7a   <\/span><span style=\"font-weight: 400;\"> <\/span><span style=\"font-weight: 400;\">La transmission de donn\u00e9es par les parties int\u00e9ress\u00e9es est absolument volontaire.<br \/>\nPour   <\/span><span style=\"font-weight: 400;\"> <\/span><span style=\"font-weight: 400;\">Pour plus d\u2019informations \u00e0 ce sujet, veuillez vous r\u00e9f\u00e9rer \u00e0 la section \u00ab&nbsp;<\/span><span style=\"font-weight: 400;\">Politique du travail&nbsp;\u00bb. <\/span> <span style=\"font-weight: 400;\"> <\/span><span style=\"font-weight: 400;\">Confidentialit\u00e9<\/span><span style=\"font-weight: 400;\">\u00a0\u00bb de notre site web. <\/span> <\/li>\n<li><b>Propri\u00e9t\u00e9 intellectuelle. <\/b><span style=\"font-weight: 400;\">Les droits de propri\u00e9t\u00e9 intellectuelle du site web, <\/span><span style=\"font-weight: 400;\">de la conception graphique et de ses codes sont la propri\u00e9t\u00e9 <\/span><b>de TECNICOS DE DISE\u00d1OS Y <\/b> <b><\/b><b>ESPACIOS, S.L.U. <\/b><span style=\"font-weight: 400;\">et, par cons\u00e9quent, sa reproduction, sa distribution, <\/span> <span style=\"font-weight: 400;\"> <\/span><span style=\"font-weight: 400;\">communication publique, transformation ou toute autre activit\u00e9 qui peut \u00eatre  <\/span><span style=\"font-weight: 400;\"> <\/span><span style=\"font-weight: 400;\">d\u2019effectuer avec le contenu de ladite page, sans m\u00eame citer la source&nbsp;; sauf  <\/span><span style=\"font-weight: 400;\"> <\/span><span style=\"font-weight: 400;\">consentement \u00e9crit de <\/span><b>TECNICOS DE DISE\u00d1OS Y ESPACIOS, S.L.U.<\/b><span style=\"font-weight: 400;\">. <\/span> <span style=\"font-weight: 400;\"> <\/span><span style=\"font-weight: 400;\">Les utilisateurs du site web qui font des commentaires sur le blog donnent  <\/span><span style=\"font-weight: 400;\"> <\/span><span style=\"font-weight: 400;\">gratuitement leurs droits de propri\u00e9t\u00e9 intellectuelle et sont soumis aux <\/span><span style=\"font-weight: 400;\"> conditions exprim\u00e9es dans la section pr\u00e9c\u00e9dente. <\/span> <\/li>\n<li><b>Responsabilit\u00e9s.<br \/>\nTECNICOS DE DISE\u00d1OS Y ESPACIOS, S.L.U.   <\/b><span style=\"font-weight: 400;\">ne sera en <\/span><span style=\"font-weight: 400;\">aucun cas responsable des dommages de quelque nature que ce soit <\/span><span style=\"font-weight: 400;\">d\u00e9riv\u00e9s, directement ou indirectement, de la non-lecture de cet avis, ou de la <\/span> <span style=\"font-weight: 400;\"> <\/span><span style=\"font-weight: 400;\">Non-respect des obligations sp\u00e9cifi\u00e9es dans les conditions \u00e9tablies  <\/span><span style=\"font-weight: 400;\"> <\/span><span style=\"font-weight: 400;\">dedans.<br \/>\nDe m\u00eame, conform\u00e9ment aux dispositions des pr\u00e9sentes conditions,   <\/span><span style=\"font-weight: 400;\"> <\/span><b>TECNICOS DE DISE\u00d1OS Y ESPACIOS, S.L.U. <\/b><span style=\"font-weight: 400;\">exclut tout <\/span> <span style=\"font-weight: 400;\"> <\/span><span style=\"font-weight: 400;\">responsabilit\u00e9 pour les dommages de toute nature qui, en dehors de son  <\/span><span style=\"font-weight: 400;\"> <\/span><span style=\"font-weight: 400;\">contr\u00f4le efficace, peut \u00eatre d\u00fb \u00e0 la transmission, \u00e0 la diss\u00e9mination, au stockage,  <\/span><span style=\"font-weight: 400;\"> <\/span><span style=\"font-weight: 400;\">Mettre \u00e0 disposition, recevoir, obtenir l\u2019acc\u00e8s au site Web ou \u00e0 ses <\/span><span style=\"font-weight: 400;\"> contenus. <\/span> <\/li>\n<\/ol>\n<p><span style=\"font-weight: 400;\">7. <\/span><b>Droit applicable. <\/b><span style=\"font-weight: 400;\">D\u2019une mani\u00e8re g\u00e9n\u00e9rale, les relations entre <\/span><b>TECNICOS DE <\/b><b> <\/b><b>DISE\u00d1OS Y ESPACIOS, S.L.U. <\/b><span style=\"font-weight: 400;\">et les utilisateurs de ses services t\u00e9l\u00e9matiques, <\/span><span style=\"font-weight: 400;\"> <\/span><span style=\"font-weight: 400;\">pr\u00e9sents sur ce site web, sont soumis \u00e0 la l\u00e9gislation et <\/span><span style=\"font-weight: 400;\"> <\/span> \u00e0 <span style=\"font-weight: 400;\">la juridiction espagnoles.<\/span><\/p>\n\t\t\t\t\t\t\t\t<\/div>\n\t\t\t\t<\/div>\n\t\t\t\t\t<\/div>\n\t\t<\/div>\n\t\t\t\t\t<\/div>\n\t\t<\/section>\n\t\t\t\t<\/div>\n\t\t","protected":false},"excerpt":{"rendered":"<p>MENTIONS L\u00c9GALES Informations g\u00e9n\u00e9rales et identification du propri\u00e9taire du site web Identit\u00e9&nbsp;: TECNICOS DE DISE\u00d1OS Y ESPACIOS, S.L.U. CIF :&#8230;<\/p>\n","protected":false},"author":2,"featured_media":0,"parent":0,"menu_order":0,"comment_status":"closed","ping_status":"closed","template":"","meta":{"footnotes":""},"class_list":["post-17563","page","type-page","status-publish","hentry"],"_links":{"self":[{"href":"https:\/\/topholds.com\/fr\/wp-json\/wp\/v2\/pages\/17563","targetHints":{"allow":["GET"]}}],"collection":[{"href":"https:\/\/topholds.com\/fr\/wp-json\/wp\/v2\/pages"}],"about":[{"href":"https:\/\/topholds.com\/fr\/wp-json\/wp\/v2\/types\/page"}],"author":[{"embeddable":true,"href":"https:\/\/topholds.com\/fr\/wp-json\/wp\/v2\/users\/2"}],"replies":[{"embeddable":true,"href":"https:\/\/topholds.com\/fr\/wp-json\/wp\/v2\/comments?post=17563"}],"version-history":[{"count":1,"href":"https:\/\/topholds.com\/fr\/wp-json\/wp\/v2\/pages\/17563\/revisions"}],"predecessor-version":[{"id":17564,"href":"https:\/\/topholds.com\/fr\/wp-json\/wp\/v2\/pages\/17563\/revisions\/17564"}],"wp:attachment":[{"href":"https:\/\/topholds.com\/fr\/wp-json\/wp\/v2\/media?parent=17563"}],"curies":[{"name":"wp","href":"https:\/\/api.w.org\/{rel}","templated":true}]}}