{"id":17592,"date":"2024-08-22T15:22:22","date_gmt":"2024-08-22T15:22:22","guid":{"rendered":"https:\/\/topholds.com\/?page_id=17592"},"modified":"2024-08-23T00:57:27","modified_gmt":"2024-08-23T00:57:27","slug":"murs-escalade","status":"publish","type":"page","link":"https:\/\/topholds.com\/fr\/murs-escalade\/","title":{"rendered":"Acheter un mur d&rsquo;escalade"},"content":{"rendered":"\n<p class=\"font_8\" style=\"text-align: justify;\"><span style=\"color: #000000;\">Nous souhaitons faire conna\u00eetre les avantages de la pratique de l&rsquo;escalade sportive \u00e0 tous les niveaux de notre soci\u00e9t\u00e9, en commen\u00e7ant par les plus jeunes, afin que, gr\u00e2ce \u00e0 ce premier contact avec une petite structure d&rsquo;escalade, ils d\u00e9veloppent des sch\u00e9mas de mouvement de base qui am\u00e9liorent leur psychomotricit\u00e9 ; nous grandissons et franchissons des \u00e9tapes, passons au bloc et acqu\u00e9rons une meilleure connaissance physique et psychique de nous-m\u00eames, d\u00e9passement de soi, estime de soi, camaraderie.<\/span><\/p>\n<p class=\"font_8\" style=\"text-align: justify;\"><span style=\"color: #000000;\"><span class=\"wixGuard\">\u200b<\/span>Nous nous concentrons sur le secteur \u00e9ducatif et toutes ses \u00e9tapes d&rsquo;enseignement : Maternelle, Primaire, Secondaire et Lyc\u00e9e, ainsi que pour les Universit\u00e9s.<\/span><\/p>\n<p class=\"font_8\" style=\"text-align: justify;\"><span style=\"color: #000000;\">De plus, nous proposons nos projets aux organismes publics et priv\u00e9s : mairies, centres sportifs, entreprises priv\u00e9es, centres commerciaux, ludoth\u00e8ques, casernes de pompiers, campings, etc.<\/span><\/p>\n<p class=\"font_8\" style=\"text-align: justify;\"><span style=\"color: #000000;\">Chez TopHolds <\/span><strong><span style=\"color: #000000;\">nous nous sommes engag\u00e9s \u00e0 ce que tout le monde ait son propre mur d&rsquo;escalade en nous adaptant \u00e0 tous les budgets<\/span><\/strong><span style=\"color: #000000;\">. Si vous pr\u00e9f\u00e9rez le construire vous-m\u00eame, nous vous conseillerons sur la meilleure fa\u00e7on de le faire ; mat\u00e9riaux, quantit\u00e9 de <a href=\"\/fr\/offres\/prises-escalade\/\">prises d&rsquo;escalade<\/a>, recommandations &#8230;<\/span><\/p>\n<h2 class=\"font_8\" style=\"text-align: justify;\">Demandez-nous un devis pour construire votre mur d&rsquo;escalade sans engagement.<\/h2>\n\n<div class=\"wpcf7 no-js\" id=\"wpcf7-f5644-o1\" lang=\"es-ES\" dir=\"ltr\" data-wpcf7-id=\"5644\">\n<div class=\"screen-reader-response\"><p role=\"status\" aria-live=\"polite\" aria-atomic=\"true\"><\/p> <ul><\/ul><\/div>\n<form action=\"\/fr\/wp-json\/wp\/v2\/pages\/17592#wpcf7-f5644-o1\" method=\"post\" class=\"wpcf7-form init\" aria-label=\"Formulario de contacto\" novalidate=\"novalidate\" data-status=\"init\">\n<fieldset class=\"hidden-fields-container\"><input type=\"hidden\" name=\"_wpcf7\" value=\"5644\" \/><input type=\"hidden\" name=\"_wpcf7_version\" value=\"6.1.5\" \/><input type=\"hidden\" name=\"_wpcf7_locale\" value=\"es_ES\" \/><input type=\"hidden\" name=\"_wpcf7_unit_tag\" value=\"wpcf7-f5644-o1\" \/><input type=\"hidden\" name=\"_wpcf7_container_post\" value=\"0\" \/><input type=\"hidden\" name=\"_wpcf7_posted_data_hash\" value=\"\" \/><input type=\"hidden\" name=\"_wpcf7_recaptcha_response\" value=\"\" \/>\n<\/fieldset>\n<p><label> Nombre (requerido)<br \/>\n<span class=\"wpcf7-form-control-wrap\" data-name=\"your-name\"><input size=\"40\" maxlength=\"400\" class=\"wpcf7-form-control wpcf7-text wpcf7-validates-as-required\" aria-required=\"true\" aria-invalid=\"false\" value=\"\" type=\"text\" name=\"your-name\" \/><\/span> <\/label>\n<\/p>\n<p><label> Tel\u00e9fono (requerido)<br \/>\n<span class=\"wpcf7-form-control-wrap\" data-name=\"tel-282\"><input size=\"40\" maxlength=\"400\" class=\"wpcf7-form-control wpcf7-tel wpcf7-validates-as-required wpcf7-text wpcf7-validates-as-tel\" aria-required=\"true\" aria-invalid=\"false\" value=\"\" type=\"tel\" name=\"tel-282\" \/><\/span> <\/label>\n<\/p>\n<p><label> Tu correo electr\u00f3nico (requerido)<br \/>\n<span class=\"wpcf7-form-control-wrap\" data-name=\"your-email\"><input size=\"40\" maxlength=\"400\" class=\"wpcf7-form-control wpcf7-email wpcf7-validates-as-required wpcf7-text wpcf7-validates-as-email\" aria-required=\"true\" aria-invalid=\"false\" value=\"\" type=\"email\" name=\"your-email\" \/><\/span> <\/label>\n<\/p>\n<p><label> Asunto<br \/>\n<span class=\"wpcf7-form-control-wrap\" data-name=\"your-subject\"><input size=\"40\" maxlength=\"400\" class=\"wpcf7-form-control wpcf7-text\" aria-invalid=\"false\" value=\"\" type=\"text\" name=\"your-subject\" \/><\/span> <\/label>\n<\/p>\n<p><label> Mensaje<br \/>\n<span class=\"wpcf7-form-control-wrap\" data-name=\"your-message\"><textarea cols=\"40\" rows=\"10\" maxlength=\"2000\" class=\"wpcf7-form-control wpcf7-textarea\" aria-invalid=\"false\" name=\"your-message\"><\/textarea><\/span> <\/label><br \/>\n<br \/>\n<span class=\"wpcf7-form-control-wrap\" data-name=\"your-consent\"><span class=\"wpcf7-form-control wpcf7-acceptance\"><span class=\"wpcf7-list-item\"><label><input type=\"checkbox\" name=\"your-consent\" value=\"1\" aria-invalid=\"false\" \/><span class=\"wpcf7-list-item-label\">Acepto los t\u00e9rminos y <a href=\"\/politica-privacidad\/\">condicione de privacidad<\/a><\/span><\/label><\/span><\/span><\/span><br \/>\n<div class=\"cf7-cf-turnstile\" style=\"margin-top: 0px; margin-bottom: -15px;\"> <div id=\"cf-turnstile-cf7-2404271479\" class=\"cf-turnstile\" data-sitekey=\"0x4AAAAAACz7fu4oHtyF3LRS\" data-theme=\"light\" data-language=\"auto\" data-size=\"normal\" data-retry=\"auto\" data-retry-interval=\"1000\" data-refresh-expired=\"auto\" data-action=\"contact-form-7\" data-appearance=\"always\"><\/div> <script>document.addEventListener(\"DOMContentLoaded\", function() { setTimeout(function(){ var e=document.getElementById(\"cf-turnstile-cf7-2404271479\"); e&&!e.innerHTML.trim()&&(turnstile.remove(\"#cf-turnstile-cf7-2404271479\"), turnstile.render(\"#cf-turnstile-cf7-2404271479\", {sitekey:\"0x4AAAAAACz7fu4oHtyF3LRS\"})); }, 100); });<\/script> <br class=\"cf-turnstile-br cf-turnstile-br-cf7-2404271479\"> <style>#cf-turnstile-cf7-2404271479 { margin-left: -15px; }<\/style> <script>document.addEventListener(\"DOMContentLoaded\",function(){document.querySelectorAll('.wpcf7-form').forEach(function(e){e.addEventListener('submit',function(){if(document.getElementById('cf-turnstile-cf7-2404271479')){setTimeout(function(){turnstile.reset('#cf-turnstile-cf7-2404271479');},1000)}})})});<\/script> <\/div><br\/><input class=\"wpcf7-form-control wpcf7-submit has-spinner\" type=\"submit\" value=\"Enviar\" \/>\n<\/p><p style=\"display: none !important;\" class=\"akismet-fields-container\" data-prefix=\"_wpcf7_ak_\"><label>&#916;<textarea name=\"_wpcf7_ak_hp_textarea\" cols=\"45\" rows=\"8\" maxlength=\"100\"><\/textarea><\/label><input type=\"hidden\" id=\"ak_js_1\" name=\"_wpcf7_ak_js\" value=\"143\"\/><script>document.getElementById( \"ak_js_1\" ).setAttribute( \"value\", ( new Date() ).getTime() );<\/script><\/p><div class=\"wpcf7-response-output\" aria-hidden=\"true\"><\/div>\n<\/form>\n<\/div>\n\n<h4 class=\"font_8\"><strong>CATALOGUE<\/strong><\/h4>\n<pre>Dans le lien suivant, vous pouvez t\u00e9l\u00e9charger\n\nle catalogue des murs d'escalade TOPHOLDS\n\n<\/pre>\n<p class=\"font_8\" style=\"text-align: justify;\">\u00a0\u00a0<span style=\"color: #000000;\"><strong><a href=\"https:\/\/topholds.com\/wp-content\/uploads\/2017\/02\/Cat\u00e1logo-2017-TOPHOLDS.pdf\">Catalogue PDF<\/a><\/strong><\/span><\/p>\n<p class=\"font_8\" style=\"text-align: justify;\"><span style=\"color: #000000;\"><strong><a style=\"color: #000000;\" href=\"https:\/\/topholds.com\/wp-content\/uploads\/2017\/02\/rocodromo-guarderia.jpg\"><img fetchpriority=\"high\" decoding=\"async\" class=\"alignnone wp-image-5388\" src=\"https:\/\/topholds.com\/wp-content\/uploads\/2017\/02\/rocodromo-guarderia-300x300.jpg\" alt=\"mur d'escalade cr\u00e8che\" width=\"450\" height=\"450\" \/><\/a><a style=\"color: #000000;\" href=\"https:\/\/topholds.com\/wp-content\/uploads\/2017\/02\/rocodromo-infantil.jpg\"><img decoding=\"async\" class=\"wp-image-5385 alignnone\" src=\"https:\/\/topholds.com\/wp-content\/uploads\/2017\/02\/rocodromo-infantil-300x300.jpg\" alt=\"mur d'escalade enfant\" width=\"450\" height=\"450\" \/><\/a><\/strong><\/span><span style=\"color: #000000;\"><strong><a style=\"color: #000000;\" href=\"https:\/\/topholds.com\/wp-content\/uploads\/2017\/02\/rocodromo-parque-infantil.jpg\"><img decoding=\"async\" class=\"alignnone wp-image-5384\" src=\"https:\/\/topholds.com\/wp-content\/uploads\/2017\/02\/rocodromo-parque-infantil-300x300.jpg\" alt=\"mur d'escalade parc enfant\" width=\"450\" height=\"450\" \/><\/a><a style=\"color: #000000;\" href=\"https:\/\/topholds.com\/wp-content\/uploads\/2017\/02\/parque-infantil.jpg\"><img loading=\"lazy\" decoding=\"async\" class=\"wp-image-5383 alignnone\" src=\"https:\/\/topholds.com\/wp-content\/uploads\/2017\/02\/parque-infantil-300x300.jpg\" alt=\"parc enfant\" width=\"450\" height=\"450\" \/><\/a><\/strong><\/span><\/p>\n<p class=\"font_8\" style=\"text-align: justify;\"><span style=\"color: #000000;\"><strong><a style=\"color: #000000;\" href=\"https:\/\/topholds.com\/wp-content\/uploads\/2017\/02\/rocodromo-universidad.jpg\"><img loading=\"lazy\" decoding=\"async\" class=\"alignnone wp-image-5382\" src=\"https:\/\/topholds.com\/wp-content\/uploads\/2017\/02\/rocodromo-universidad-300x300.jpg\" alt=\"mur d'escalade universit\u00e9\" width=\"450\" height=\"450\" \/><\/a><a style=\"color: #000000;\" href=\"https:\/\/topholds.com\/wp-content\/uploads\/2017\/02\/rocodromo-ayuntamiento.jpg\"><img loading=\"lazy\" decoding=\"async\" class=\"alignnone wp-image-5381\" src=\"https:\/\/topholds.com\/wp-content\/uploads\/2017\/02\/rocodromo-ayuntamiento-300x300.jpg\" alt=\"mur d'escalade mairie\" width=\"450\" height=\"450\" \/><\/a><\/strong><\/span><\/p>\n<p class=\"font_8\" style=\"text-align: justify;\"><span style=\"color: #000000;\"><strong><a style=\"color: #000000;\" href=\"https:\/\/topholds.com\/wp-content\/uploads\/2017\/02\/rocodromo-ni\u00f1os.jpg\"><img loading=\"lazy\" decoding=\"async\" class=\"alignnone wp-image-5387\" src=\"https:\/\/topholds.com\/wp-content\/uploads\/2017\/02\/rocodromo-ni\u00f1os-300x300.jpg\" alt=\"mur d'escalade enfants\" width=\"450\" height=\"450\" \/><\/a><a style=\"color: #000000;\" href=\"https:\/\/topholds.com\/wp-content\/uploads\/2017\/02\/rocodromo-ludoteca.jpg\"><img loading=\"lazy\" decoding=\"async\" class=\"wp-image-5386\" src=\"https:\/\/topholds.com\/wp-content\/uploads\/2017\/02\/rocodromo-ludoteca-300x300.jpg\" alt=\"mur d'escalade ludoth\u00e8que\" width=\"450\" height=\"450\" \/><\/a><\/strong><\/span><\/p>\n<p class=\"font_8\" style=\"text-align: justify;\">\n<div class=\"wpcf7 no-js\" id=\"wpcf7-f5644-o2\" lang=\"es-ES\" dir=\"ltr\" data-wpcf7-id=\"5644\">\n<div class=\"screen-reader-response\"><p role=\"status\" aria-live=\"polite\" aria-atomic=\"true\"><\/p> <ul><\/ul><\/div>\n<form action=\"\/fr\/wp-json\/wp\/v2\/pages\/17592#wpcf7-f5644-o2\" method=\"post\" class=\"wpcf7-form init\" aria-label=\"Formulario de contacto\" novalidate=\"novalidate\" data-status=\"init\">\n<fieldset class=\"hidden-fields-container\"><input type=\"hidden\" name=\"_wpcf7\" value=\"5644\" \/><input type=\"hidden\" name=\"_wpcf7_version\" value=\"6.1.5\" \/><input type=\"hidden\" name=\"_wpcf7_locale\" value=\"es_ES\" \/><input type=\"hidden\" name=\"_wpcf7_unit_tag\" value=\"wpcf7-f5644-o2\" \/><input type=\"hidden\" name=\"_wpcf7_container_post\" value=\"0\" \/><input type=\"hidden\" name=\"_wpcf7_posted_data_hash\" value=\"\" \/><input type=\"hidden\" name=\"_wpcf7_recaptcha_response\" value=\"\" \/>\n<\/fieldset>\n<p><label> Nombre (requerido)<br \/>\n<span class=\"wpcf7-form-control-wrap\" data-name=\"your-name\"><input size=\"40\" maxlength=\"400\" class=\"wpcf7-form-control wpcf7-text wpcf7-validates-as-required\" aria-required=\"true\" aria-invalid=\"false\" value=\"\" type=\"text\" name=\"your-name\" \/><\/span> <\/label>\n<\/p>\n<p><label> Tel\u00e9fono (requerido)<br \/>\n<span class=\"wpcf7-form-control-wrap\" data-name=\"tel-282\"><input size=\"40\" maxlength=\"400\" class=\"wpcf7-form-control wpcf7-tel wpcf7-validates-as-required wpcf7-text wpcf7-validates-as-tel\" aria-required=\"true\" aria-invalid=\"false\" value=\"\" type=\"tel\" name=\"tel-282\" \/><\/span> <\/label>\n<\/p>\n<p><label> Tu correo electr\u00f3nico (requerido)<br \/>\n<span class=\"wpcf7-form-control-wrap\" data-name=\"your-email\"><input size=\"40\" maxlength=\"400\" class=\"wpcf7-form-control wpcf7-email wpcf7-validates-as-required wpcf7-text wpcf7-validates-as-email\" aria-required=\"true\" aria-invalid=\"false\" value=\"\" type=\"email\" name=\"your-email\" \/><\/span> <\/label>\n<\/p>\n<p><label> Asunto<br \/>\n<span class=\"wpcf7-form-control-wrap\" data-name=\"your-subject\"><input size=\"40\" maxlength=\"400\" class=\"wpcf7-form-control wpcf7-text\" aria-invalid=\"false\" value=\"\" type=\"text\" name=\"your-subject\" \/><\/span> <\/label>\n<\/p>\n<p><label> Mensaje<br \/>\n<span class=\"wpcf7-form-control-wrap\" data-name=\"your-message\"><textarea cols=\"40\" rows=\"10\" maxlength=\"2000\" class=\"wpcf7-form-control wpcf7-textarea\" aria-invalid=\"false\" name=\"your-message\"><\/textarea><\/span> <\/label><br \/>\n<br \/>\n<span class=\"wpcf7-form-control-wrap\" data-name=\"your-consent\"><span class=\"wpcf7-form-control wpcf7-acceptance\"><span class=\"wpcf7-list-item\"><label><input type=\"checkbox\" name=\"your-consent\" value=\"1\" aria-invalid=\"false\" \/><span class=\"wpcf7-list-item-label\">Acepto los t\u00e9rminos y <a href=\"\/politica-privacidad\/\">condicione de privacidad<\/a><\/span><\/label><\/span><\/span><\/span><br \/>\n<div class=\"cf7-cf-turnstile\" style=\"margin-top: 0px; margin-bottom: -15px;\"> <div id=\"cf-turnstile-cf7-1241567129\" class=\"cf-turnstile\" data-sitekey=\"0x4AAAAAACz7fu4oHtyF3LRS\" data-theme=\"light\" data-language=\"auto\" data-size=\"normal\" data-retry=\"auto\" data-retry-interval=\"1000\" data-refresh-expired=\"auto\" data-action=\"contact-form-7\" data-appearance=\"always\"><\/div> <script>document.addEventListener(\"DOMContentLoaded\", function() { setTimeout(function(){ var e=document.getElementById(\"cf-turnstile-cf7-1241567129\"); e&&!e.innerHTML.trim()&&(turnstile.remove(\"#cf-turnstile-cf7-1241567129\"), turnstile.render(\"#cf-turnstile-cf7-1241567129\", {sitekey:\"0x4AAAAAACz7fu4oHtyF3LRS\"})); }, 100); });<\/script> <br class=\"cf-turnstile-br cf-turnstile-br-cf7-1241567129\"> <style>#cf-turnstile-cf7-1241567129 { margin-left: -15px; }<\/style> <script>document.addEventListener(\"DOMContentLoaded\",function(){document.querySelectorAll('.wpcf7-form').forEach(function(e){e.addEventListener('submit',function(){if(document.getElementById('cf-turnstile-cf7-1241567129')){setTimeout(function(){turnstile.reset('#cf-turnstile-cf7-1241567129');},1000)}})})});<\/script> <\/div><br\/><input class=\"wpcf7-form-control wpcf7-submit has-spinner\" type=\"submit\" value=\"Enviar\" \/>\n<\/p><p style=\"display: none !important;\" class=\"akismet-fields-container\" data-prefix=\"_wpcf7_ak_\"><label>&#916;<textarea name=\"_wpcf7_ak_hp_textarea\" cols=\"45\" rows=\"8\" maxlength=\"100\"><\/textarea><\/label><input type=\"hidden\" id=\"ak_js_2\" name=\"_wpcf7_ak_js\" value=\"196\"\/><script>document.getElementById( \"ak_js_2\" ).setAttribute( \"value\", ( new Date() ).getTime() );<\/script><\/p><div class=\"wpcf7-response-output\" aria-hidden=\"true\"><\/div>\n<\/form>\n<\/div>\n<\/p>\n","protected":false},"excerpt":{"rendered":"<p>Nous souhaitons faire conna\u00eetre les avantages de la pratique de l&rsquo;escalade sportive \u00e0 tous les niveaux de notre soci\u00e9t\u00e9, en&#8230;<\/p>\n","protected":false},"author":2,"featured_media":0,"parent":0,"menu_order":0,"comment_status":"closed","ping_status":"closed","template":"","meta":{"footnotes":""},"class_list":["post-17592","page","type-page","status-publish","hentry"],"_links":{"self":[{"href":"https:\/\/topholds.com\/fr\/wp-json\/wp\/v2\/pages\/17592","targetHints":{"allow":["GET"]}}],"collection":[{"href":"https:\/\/topholds.com\/fr\/wp-json\/wp\/v2\/pages"}],"about":[{"href":"https:\/\/topholds.com\/fr\/wp-json\/wp\/v2\/types\/page"}],"author":[{"embeddable":true,"href":"https:\/\/topholds.com\/fr\/wp-json\/wp\/v2\/users\/2"}],"replies":[{"embeddable":true,"href":"https:\/\/topholds.com\/fr\/wp-json\/wp\/v2\/comments?post=17592"}],"version-history":[{"count":4,"href":"https:\/\/topholds.com\/fr\/wp-json\/wp\/v2\/pages\/17592\/revisions"}],"predecessor-version":[{"id":17813,"href":"https:\/\/topholds.com\/fr\/wp-json\/wp\/v2\/pages\/17592\/revisions\/17813"}],"wp:attachment":[{"href":"https:\/\/topholds.com\/fr\/wp-json\/wp\/v2\/media?parent=17592"}],"curies":[{"name":"wp","href":"https:\/\/api.w.org\/{rel}","templated":true}]}}