{"id":17668,"date":"2024-08-22T18:57:26","date_gmt":"2024-08-22T18:57:26","guid":{"rendered":"https:\/\/topholds.com\/?page_id=17668"},"modified":"2024-08-22T19:00:58","modified_gmt":"2024-08-22T19:00:58","slug":"cookies","status":"publish","type":"page","link":"https:\/\/topholds.com\/fr\/cookies\/","title":{"rendered":"Cookies"},"content":{"rendered":"\t\t<div data-elementor-type=\"wp-page\" data-elementor-id=\"17668\" class=\"elementor elementor-17668 elementor-12188\">\n\t\t\t\t\t\t<section class=\"elementor-section elementor-top-section elementor-element elementor-element-f911ea5 elementor-section-boxed elementor-section-height-default elementor-section-height-default\" data-id=\"f911ea5\" data-element_type=\"section\" data-e-type=\"section\">\n\t\t\t\t\t\t<div class=\"elementor-container elementor-column-gap-default\">\n\t\t\t\t\t<div class=\"elementor-column elementor-col-100 elementor-top-column elementor-element elementor-element-bf299e4\" data-id=\"bf299e4\" data-element_type=\"column\" data-e-type=\"column\">\n\t\t\t<div class=\"elementor-widget-wrap elementor-element-populated\">\n\t\t\t\t\t\t<div class=\"elementor-element elementor-element-ff65c32 elementor-widget elementor-widget-text-editor\" data-id=\"ff65c32\" data-element_type=\"widget\" data-e-type=\"widget\" data-widget_type=\"text-editor.default\">\n\t\t\t\t<div class=\"elementor-widget-container\">\n\t\t\t\t\t\t\t\t\t<p><b>POLITIQUE D&rsquo;UTILISATION DES COOKIES<\/b><b>&nbsp;<\/b><\/p>\n<p><span style=\"font-weight: 400;\">Conform\u00e9ment \u00e0 l&rsquo;article 22.2 de la loi 34\/2002 du 11 juillet sur les services de la soci\u00e9t\u00e9 de l&rsquo;information et le commerce \u00e9lectronique, cette page web vous informe sur la <\/span><b>politique de collecte et de traitement des cookies<\/b><span style=\"font-weight: 400;\">.&nbsp;<\/span><\/p>\n<ol>\n<li><b> Introduction&nbsp;<\/b><\/li>\n<\/ol>\n<p><span style=\"font-weight: 400;\">Notre site web, www.topholds.com (ci-apr\u00e8s : \u00ab le site \u00bb) utilise des cookies et d&rsquo;autres<\/span> <span style=\"font-weight: 400;\">technologies connexes (pour plus de commodit\u00e9, toutes les technologies sont <\/span><span style=\"font-weight: 400;\">&nbsp;<\/span><span style=\"font-weight: 400;\">appel\u00e9es \u00ab cookies \u00bb). Les cookies sont \u00e9galement plac\u00e9s par des tiers avec lesquels <\/span><span style=\"font-weight: 400;\">&nbsp;nous avons pass\u00e9 des contrats. Vous trouverez ci-dessous des informations sur leur utilisation sur notre site.&nbsp;<\/span><\/p>\n<ol start=\"2\">\n<li><b> Que sont les cookies ?&nbsp;<\/b><\/li>\n<\/ol>\n<p><span style=\"font-weight: 400;\">Un cookie est un petit fichier simple qui est envoy\u00e9 avec les pages de ce site web <\/span><span style=\"font-weight: 400;\">&nbsp;<\/span><span style=\"font-weight: 400;\">et que votre navigateur stocke sur le disque dur de votre ordinateur ou d&rsquo;un autre <\/span><span style=\"font-weight: 400;\">&nbsp;<\/span><span style=\"font-weight: 400;\">appareil. Les informations stock\u00e9es peuvent \u00eatre renvoy\u00e9es \u00e0 nos serveurs ou <\/span><span style=\"font-weight: 400;\">&nbsp;aux serveurs de tiers concern\u00e9s lors d&rsquo;une visite ult\u00e9rieure.&nbsp;<\/span><\/p>\n<ol start=\"3\">\n<li><b> Que sont les scripts ?&nbsp;<\/b><\/li>\n<\/ol>\n<p><span style=\"font-weight: 400;\">Un script est un morceau de code de programme utilis\u00e9 pour faire fonctionner <\/span><span style=\"font-weight: 400;\">&nbsp;<\/span><span style=\"font-weight: 400;\">correctement et de mani\u00e8re interactive notre site web. Ce code s&rsquo;ex\u00e9cute <\/span><span style=\"font-weight: 400;\">&nbsp;sur notre serveur ou sur votre appareil.&nbsp;<\/span><\/p>\n<ol start=\"4\">\n<li><b> Qu&rsquo;est-ce qu&rsquo;un web beacon ?&nbsp;<\/b><\/li>\n<\/ol>\n<p><span style=\"font-weight: 400;\">Un web beacon (ou une balise pixel) est un petit \u00e9l\u00e9ment de texte ou une image invisible sur un site web qui est utilis\u00e9 pour suivre le trafic sur un site web. Pour ce faire, plusieurs donn\u00e9es vous concernant sont stock\u00e9es via des web beacons.&nbsp;<\/span><\/p>\n<ol start=\"5\">\n<li><b> Cookies&nbsp;<\/b><\/li>\n<\/ol>\n<p><b>5.1 Cookies techniques ou fonctionnels&nbsp;<\/b><\/p>\n<p><span style=\"font-weight: 400;\">Certains cookies assurent le bon fonctionnement de certaines parties du site et <\/span><span style=\"font-weight: 400;\">&nbsp;<\/span><span style=\"font-weight: 400;\">que vos pr\u00e9f\u00e9rences d&rsquo;utilisateur soient m\u00e9moris\u00e9es. En pla\u00e7ant des cookies fonctionnels, <\/span><span style=\"font-weight: 400;\">&nbsp;<\/span><span style=\"font-weight: 400;\">nous facilitons votre visite sur notre site web. De cette mani\u00e8re, vous n&rsquo;avez pas besoin <\/span><span style=\"font-weight: 400;\">&nbsp;<\/span><span style=\"font-weight: 400;\">de saisir \u00e0 plusieurs reprises les m\u00eames informations lorsque vous visitez notre site et, par exemple, les <\/span><span style=\"font-weight: 400;\">&nbsp;<\/span><span style=\"font-weight: 400;\">articles restent dans votre panier jusqu&rsquo;\u00e0 ce que vous ayez pay\u00e9. Nous pouvons <\/span><span style=\"font-weight: 400;\">&nbsp;placer ces cookies sans votre consentement.&nbsp;<\/span><\/p>\n<p><b>5.2 Cookies analytiques&nbsp;<\/b><\/p>\n<p><span style=\"font-weight: 400;\">Nous utilisons des cookies analytiques pour optimiser l&rsquo;exp\u00e9rience sur le site web pour nos <\/span><span style=\"font-weight: 400;\">&nbsp;<\/span><span style=\"font-weight: 400;\">utilisateurs. Avec ces cookies analytiques, nous obtenons des informations sur l&rsquo;utilisation de notre <\/span><span style=\"font-weight: 400;\">&nbsp;site web. Nous vous demandons votre permission pour ins\u00e9rer des cookies analytiques.&nbsp;<\/span><\/p>\n<p><b>5.3 Boutons de m\u00e9dias sociaux<\/b><\/p>\n<p><span style=\"font-weight: 400;\">Sur notre site web, nous avons inclus des boutons pour promouvoir des pages (par exemple \u00ab j&rsquo;aime \u00bb, <\/span><span style=\"font-weight: 400;\">&nbsp;<\/span><span style=\"font-weight: 400;\">\u00ab \u00e9pingler \u00bb) ou les partager (par exemple \u00ab tweeter \u00bb) sur des r\u00e9seaux sociaux comme Facebook. Ces <\/span><span style=\"font-weight: 400;\">&nbsp;<\/span><span style=\"font-weight: 400;\">boutons fonctionnent \u00e0 l&rsquo;aide de code provenant de Facebook lui-m\u00eame. Ce code int\u00e8gre <\/span><span style=\"font-weight: 400;\">&nbsp;<\/span><span style=\"font-weight: 400;\">des cookies. Ces boutons de r\u00e9seaux sociaux peuvent stocker et traiter certaines <\/span><span style=\"font-weight: 400;\">&nbsp;informations, de mani\u00e8re \u00e0 pouvoir afficher des annonces personnalis\u00e9es.&nbsp;<\/span><\/p>\n<p><span style=\"font-weight: 400;\">Veuillez lire la politique de confidentialit\u00e9 de ces r\u00e9seaux sociaux (qui peut changer <\/span><span style=\"font-weight: 400;\">&nbsp;<\/span><span style=\"font-weight: 400;\">fr\u00e9quemment) pour savoir ce qu&rsquo;ils font avec vos donn\u00e9es personnelles qu&rsquo;ils traitent <\/span><span style=\"font-weight: 400;\">&nbsp;en utilisant ces cookies. Les donn\u00e9es qu&rsquo;ils re\u00e7oivent sont autant que possible anonymis\u00e9es.&nbsp;&nbsp;<\/span><\/p>\n<ol start=\"6\">\n<li><b> Cookies utilis\u00e9es&nbsp;<\/b><\/li>\n<\/ol>\n<p><span style=\"font-weight: 400;\">\u25aa <\/span><i><span style=\"font-weight: 400;\">Google Analytics&nbsp;<\/span><\/i><\/p>\n<p><span style=\"font-weight: 400;\">\u25aa <\/span><i><span style=\"font-weight: 400;\">WordFence&nbsp;<\/span><\/i><\/p>\n<p><span style=\"font-weight: 400;\">\u25aa <\/span><i><span style=\"font-weight: 400;\">Google Fonts&nbsp;<\/span><\/i><\/p>\n<p><span style=\"font-weight: 400;\">\u25aa <\/span><i><span style=\"font-weight: 400;\">Google Maps&nbsp;<\/span><\/i><\/p>\n<p><span style=\"font-weight: 400;\">\u25aa <\/span><i><span style=\"font-weight: 400;\">YouTube&nbsp;<\/span><\/i><\/p>\n<p><span style=\"font-weight: 400;\">\u25aa <\/span><i><span style=\"font-weight: 400;\">Facebook&nbsp;<\/span><\/i><\/p>\n<p><span style=\"font-weight: 400;\">\u25aa <\/span><i><span style=\"font-weight: 400;\">Divers (Instagram, Linkedin, Twitter, etc.)<\/span><\/i><i><span style=\"font-weight: 400;\">&nbsp;<\/span><\/i><\/p>\n<ol start=\"7\">\n<li><b> Consentement&nbsp;<\/b><\/li>\n<\/ol>\n<p><span style=\"font-weight: 400;\">Lorsque vous visitez notre site web pour la premi\u00e8re fois, nous vous montrerons une fen\u00eatre <\/span><span style=\"font-weight: 400;\">&nbsp;<\/span><span style=\"font-weight: 400;\">contextuelle avec une explication sur les cookies. D\u00e8s que vous cliquez sur <\/span><span style=\"font-weight: 400;\">&nbsp;<\/span><span style=\"font-weight: 400;\">\u00ab ACCEPTER \u00bb, vous acceptez que nous utilisions les cat\u00e9gories de cookies et plugins que vous avez <\/span><span style=\"font-weight: 400;\">&nbsp;<\/span><span style=\"font-weight: 400;\">s\u00e9lectionn\u00e9s dans la fen\u00eatre contextuelle, comme d\u00e9crit dans cette politique de <\/span><span style=\"font-weight: 400;\">&nbsp;<\/span><span style=\"font-weight: 400;\">cookies. Vous pouvez d\u00e9sactiver l&rsquo;utilisation de cookies via votre navigateur, mais <\/span><span style=\"font-weight: 400;\">&nbsp;veuillez noter que notre site web peut ne pas fonctionner correctement.&nbsp;<\/span><\/p>\n<ol start=\"8\">\n<li><b> Activation, d\u00e9sactivation et suppression des cookies<\/b><\/li>\n<\/ol>\n<p><span style=\"font-weight: 400;\">Vous pouvez utiliser votre navigateur Internet pour supprimer les cookies automatiquement ou <\/span><span style=\"font-weight: 400;\">&nbsp;<\/span><span style=\"font-weight: 400;\">manuellement. Vous pouvez \u00e9galement sp\u00e9cifier que certains cookies ne peuvent <\/span><span style=\"font-weight: 400;\">&nbsp;<\/span><span style=\"font-weight: 400;\">pas \u00eatre plac\u00e9s. Une autre option consiste \u00e0 modifier les param\u00e8tres de votre navigateur Internet afin <\/span><span style=\"font-weight: 400;\">&nbsp;<\/span><span style=\"font-weight: 400;\">que vous receviez un message chaque fois qu&rsquo;un cookie est plac\u00e9. Pour plus <\/span><span style=\"font-weight: 400;\">&nbsp;<\/span><span style=\"font-weight: 400;\">d&rsquo;informations sur ces options, consultez les instructions de la section \u00ab Aide \u00bb <\/span><span style=\"font-weight: 400;\">&nbsp;<\/span><span style=\"font-weight: 400;\">de votre navigateur.<\/span><span style=\"font-weight: 400;\">&nbsp;<\/span><\/p>\n<p><span style=\"font-weight: 400;\">\u25aa <\/span><b>Microsoft Internet Explorer ou Microsoft Edge<\/b><span style=\"font-weight: 400;\">:&nbsp;<\/span><\/p>\n<p><i><span style=\"font-weight: 400;\">https:\/\/support.microsoft.com\/fr-fr\/help\/17442\/windows-internet-explorer-delete manage-cookies<\/span><\/i><i><span style=\"font-weight: 400;\">&nbsp;<\/span><\/i><\/p>\n<p><span style=\"font-weight: 400;\">\u25aa <\/span><b>Mozilla Firefox:&nbsp;<\/b><\/p>\n<p><i><span style=\"font-weight: 400;\">https:\/\/support.mozilla.org\/fr\/kb\/emp\u00eacher-les-sites-web-d-enregistrer-des-preferences<\/span><\/i><\/p>\n<p><span style=\"font-weight: 400;\">\u25aa <\/span><b>Chrome:&nbsp;<\/b><\/p>\n<p><i><span style=\"font-weight: 400;\">https:\/\/support.google.com\/accounts\/answer\/61416?hl=fr<\/span><\/i><i><span style=\"font-weight: 400;\">&nbsp;<\/span><\/i><\/p>\n<p><span style=\"font-weight: 400;\">\u25aa <\/span><b>Safari:&nbsp;<\/b><\/p>\n<p><i><span style=\"font-weight: 400;\">http:\/\/safari.helpmax.net\/fr\/confidentialite-et-securite\/comment-gerer-les-cookies\/<\/span><\/i><\/p>\n<p><span style=\"font-weight: 400;\">\u25aa <\/span><b>Opera:&nbsp;<\/b><\/p>\n<p><i><span style=\"font-weight: 400;\">http:\/\/help.opera.com\/Windows\/11.50\/fr\/cookies.html<\/span><\/i><\/p>\n<p><span style=\"font-weight: 400;\">En outre, vous pouvez \u00e9galement g\u00e9rer le stockage des cookies dans votre navigateur via des outils tels que les suivants:&nbsp;<\/span><\/p>\n<p><span style=\"font-weight: 400;\">\u25aa <\/span><b>Ghostery:&nbsp;<\/b><\/p>\n<p><i><span style=\"font-weight: 400;\">https:\/\/www.ghostery.com<\/span><\/i><i><span style=\"font-weight: 400;\">&nbsp;<\/span><\/i><\/p>\n<p><span style=\"font-weight: 400;\">\u25aa <\/span><b>Vos Choix en Ligne:&nbsp;<\/b><\/p>\n<p><i><span style=\"font-weight: 400;\">http:\/\/www.youronlinechoices.com\/fr\/<\/span><\/i><i><span style=\"font-weight: 400;\">&nbsp;<\/span><\/i><\/p>\n<p><span style=\"font-weight: 400;\">Veuillez noter que notre site web peut ne pas fonctionner correctement si tous les <\/span><span style=\"font-weight: 400;\">&nbsp;<\/span><span style=\"font-weight: 400;\">cookies sont d\u00e9sactiv\u00e9s. Si vous supprimez les cookies de votre navigateur, ils seront <\/span><span style=\"font-weight: 400;\">&nbsp;replac\u00e9s apr\u00e8s votre consentement lors de votre prochaine visite sur notre site web.&nbsp;<\/span><\/p>\n<ol start=\"9\">\n<li><b> Coordonn\u00e9es&nbsp;<\/b><\/li>\n<\/ol>\n<p><span style=\"font-weight: 400;\">Pour toute question et\/ou commentaire sur notre politique de cookies et cette d\u00e9claration, <\/span><span style=\"font-weight: 400;\">&nbsp;veuillez nous contacter en utilisant les coordonn\u00e9es suivantes:&nbsp;<\/span><\/p>\n<p><span style=\"font-weight: 400;\">TECNICOS DE DISE\u00d1OS Y ESPACIOS, S.L.U. CIF: B49238389<\/span> <span style=\"font-weight: 400;\">Adresse: C\/ CHURRUCA, N\u00ba 7, ESC A, 2\u00ba DCHA<\/span><i><span style=\"font-weight: 400;\">, <\/span><\/i><span style=\"font-weight: 400;\">C.P. 49030, ZAMORA<\/span> <span style=\"font-weight: 400;\">T\u00e9l\u00e9phone: 654528678 E-mail: info@topholds.com Site Web: www.topholds.com<\/span><\/p>\n<p><b>MOD\u00c8LE DE FORMULAIRE DE CONTACT WEB<\/b><b>&nbsp;<\/b><\/p>\n<p><span style=\"font-weight: 400;\">Le propri\u00e9taire du site <\/span><b>TECNICOS DE DISE\u00d1OS Y ESPACIOS, S.L.U. <\/b><span style=\"font-weight: 400;\">traitera vos donn\u00e9es pour g\u00e9rer et r\u00e9pondre \u00e0 vos messages envoy\u00e9s via notre formulaire et adresse e-mail de contact.&nbsp;<\/span><\/p>\n<p><span style=\"font-weight: 400;\">En envoyant vos donn\u00e9es, vous confirmez que vous avez lu et accept\u00e9 notre Politique de Confidentialit\u00e9&nbsp; <\/span><span style=\"font-weight: 400;\">(lien) <\/span><span style=\"font-weight: 400;\">et notre Politique de Cookies <\/span><span style=\"font-weight: 400;\">(lien) <\/span><\/p>\t\t\t\t\t\t\t\t<\/div>\n\t\t\t\t<\/div>\n\t\t\t\t\t<\/div>\n\t\t<\/div>\n\t\t\t\t\t<\/div>\n\t\t<\/section>\n\t\t\t\t<\/div>\n\t\t","protected":false},"excerpt":{"rendered":"<p>POLITIQUE D&rsquo;UTILISATION DES COOKIES&nbsp; Conform\u00e9ment \u00e0 l&rsquo;article 22.2 de la loi 34\/2002 du 11 juillet sur les services de la&#8230;<\/p>\n","protected":false},"author":2,"featured_media":0,"parent":0,"menu_order":0,"comment_status":"closed","ping_status":"closed","template":"","meta":{"footnotes":""},"class_list":["post-17668","page","type-page","status-publish","hentry"],"_links":{"self":[{"href":"https:\/\/topholds.com\/fr\/wp-json\/wp\/v2\/pages\/17668","targetHints":{"allow":["GET"]}}],"collection":[{"href":"https:\/\/topholds.com\/fr\/wp-json\/wp\/v2\/pages"}],"about":[{"href":"https:\/\/topholds.com\/fr\/wp-json\/wp\/v2\/types\/page"}],"author":[{"embeddable":true,"href":"https:\/\/topholds.com\/fr\/wp-json\/wp\/v2\/users\/2"}],"replies":[{"embeddable":true,"href":"https:\/\/topholds.com\/fr\/wp-json\/wp\/v2\/comments?post=17668"}],"version-history":[{"count":10,"href":"https:\/\/topholds.com\/fr\/wp-json\/wp\/v2\/pages\/17668\/revisions"}],"predecessor-version":[{"id":17678,"href":"https:\/\/topholds.com\/fr\/wp-json\/wp\/v2\/pages\/17668\/revisions\/17678"}],"wp:attachment":[{"href":"https:\/\/topholds.com\/fr\/wp-json\/wp\/v2\/media?parent=17668"}],"curies":[{"name":"wp","href":"https:\/\/api.w.org\/{rel}","templated":true}]}}